{"id":978,"date":"2013-11-20T20:40:21","date_gmt":"2013-11-20T18:40:21","guid":{"rendered":"http:\/\/www.ataciara.fi\/?page_id=978"},"modified":"2019-06-24T06:16:11","modified_gmt":"2019-06-24T03:16:11","slug":"chiccoxen-simply-the-best-jojo","status":"publish","type":"page","link":"http:\/\/www.ataciara.fi\/?page_id=978","title":{"rendered":"Chiccoxen Simply the Best (Jojo)"},"content":{"rendered":"<p>&nbsp;<\/p>\n<div id=\"attachment_1634\" style=\"width: 650px\" class=\"wp-caption alignleft\"><a href=\"http:\/\/www.ataciara.fi\/chiccoxen-simply-the-best-jojo\/jjj\/\" rel=\"attachment wp-att-1634\"><img aria-describedby=\"caption-attachment-1634\" decoding=\"async\" loading=\"lazy\" class=\"wp-image-1634 size-large\" src=\"http:\/\/www.ataciara.fi\/wp-content\/uploads\/2013\/11\/jjj-1024x683.jpg\" alt=\"\" width=\"640\" height=\"427\" srcset=\"http:\/\/www.ataciara.fi\/wp-content\/uploads\/2013\/11\/jjj-1024x683.jpg 1024w, http:\/\/www.ataciara.fi\/wp-content\/uploads\/2013\/11\/jjj-300x200.jpg 300w, http:\/\/www.ataciara.fi\/wp-content\/uploads\/2013\/11\/jjj-768x512.jpg 768w\" sizes=\"(max-width: 640px) 100vw, 640px\" \/><\/a><p id=\"caption-attachment-1634\" class=\"wp-caption-text\">3v11kk<\/p><\/div>\n<p>&nbsp;<\/p>\n<p><a href=\"https:\/\/jalostus.kennelliitto.fi\/frmKoira.aspx?RekNo=FI43984%2F13&amp;R=121\">Jojo Koiranetiss\u00e4<\/a><\/p>\n<ul>\n<li>31.7.2013-3.6.2019<\/li>\n<li><strong>Rekisterinumero<\/strong>:\u00a0FI43984\/13<\/li>\n<li><strong>Syntym\u00e4aika<\/strong>: 31.7.2013<\/li>\n<li><strong>V\u00e4ri<\/strong>: Musta<\/li>\n<li><strong>Terveystulokset:<\/strong><\/li>\n<li>12.11.2014 \u00a0Silm\u00e4t PPM iris-iris<\/li>\n<li>15.10.2015 lonkat D\/C<\/li>\n<li>15.10.2015 kyyn\u00e4r\u00e4t 0\/0<\/li>\n<li>Muuta:<\/li>\n<\/ul>\n<p>Kastroitu 2015.<\/p>\n<p>Alapurenta<\/p>\n<ul>\n<li><strong>N\u00e4yttelyt<\/strong>: Nuo T<\/li>\n<li><strong>Tulokset<\/strong>: Toko ALO1<\/li>\n<\/ul>\n<p><strong>\u00a0\u00a0\u00a0\u00a0\u00a0\u00a0\u00a0\u00a0\u00a0\u00a0\u00a0\u00a0\u00a0\u00a0\u00a0\u00a0 <\/strong>LTE 140 pistett\u00e4<\/p>\n<p>Eerikan treenikaveriksi tullut Jojo on luonteeltaan eritt\u00e4in sosiaalinen ja ihmisrakas kaikkien kaveri, joka touhottaa ja s\u00e4hl\u00e4\u00e4 kaikkialla. Jojon kanssa treenailtiin Tokoa, Vepe\u00e4 ja noutojuttuja, mutta syksyll\u00e4 2016 Jojo alkoi oireilla pahasti lonkissa olevaa nivelrikkoa, joten treenaaminen on nyt j\u00e4\u00e4nyt kokonaan. Nyky\u00e4\u00e4n Jojo harrastaa vain lenkkeily\u00e4 ja paljon uimista. N\u00e4yttelykoiraksi Jojosta ei my\u00f6sk\u00e4\u00e4n ollut virheellisen purennan takia.<\/p>\n<p>Lis\u00e4\u00e4 tietoa rodusta<a href=\"http:\/\/www.flatti.net\/\" target=\"_blank\" rel=\"noopener\"> http:\/\/www.flatti.net\/<\/a><a href=\"http:\/\/www.ataciara.fi\/chiccoxen-simply-the-best-jojo\/kljj\/\" rel=\"attachment wp-att-1635\"><img decoding=\"async\" loading=\"lazy\" class=\"alignleft size-medium wp-image-1635\" src=\"http:\/\/www.ataciara.fi\/wp-content\/uploads\/2013\/11\/kljj-200x300.jpg\" alt=\"\" width=\"200\" height=\"300\" srcset=\"http:\/\/www.ataciara.fi\/wp-content\/uploads\/2013\/11\/kljj-200x300.jpg 200w, http:\/\/www.ataciara.fi\/wp-content\/uploads\/2013\/11\/kljj-768x1152.jpg 768w, http:\/\/www.ataciara.fi\/wp-content\/uploads\/2013\/11\/kljj-683x1024.jpg 683w, http:\/\/www.ataciara.fi\/wp-content\/uploads\/2013\/11\/kljj.jpg 2000w\" sizes=\"(max-width: 200px) 100vw, 200px\" \/><\/a><a href=\"http:\/\/www.ataciara.fi\/chiccoxen-simply-the-best-jojo\/10488386_759100300806853_4076002792635233552_n\/\" rel=\"attachment wp-att-1112\"><img decoding=\"async\" loading=\"lazy\" class=\"aligncenter size-full wp-image-1112\" src=\"http:\/\/www.ataciara.fi\/wp-content\/uploads\/2013\/11\/10488386_759100300806853_4076002792635233552_n.jpg\" alt=\"10488386_759100300806853_4076002792635233552_n\" width=\"960\" height=\"621\" srcset=\"http:\/\/www.ataciara.fi\/wp-content\/uploads\/2013\/11\/10488386_759100300806853_4076002792635233552_n.jpg 960w, http:\/\/www.ataciara.fi\/wp-content\/uploads\/2013\/11\/10488386_759100300806853_4076002792635233552_n-300x194.jpg 300w\" sizes=\"(max-width: 960px) 100vw, 960px\" \/><\/a><\/p>\n<div id=\"attachment_1113\" style=\"width: 384px\" class=\"wp-caption alignleft\"><a href=\"http:\/\/www.ataciara.fi\/chiccoxen-simply-the-best-jojo\/10522192_10152546456379171_8991599421494923127_n\/\" rel=\"attachment wp-att-1113\"><img aria-describedby=\"caption-attachment-1113\" decoding=\"async\" loading=\"lazy\" class=\"wp-image-1113\" src=\"http:\/\/www.ataciara.fi\/wp-content\/uploads\/2013\/11\/10522192_10152546456379171_8991599421494923127_n.jpg\" alt=\"10522192_10152546456379171_8991599421494923127_n\" width=\"374\" height=\"563\" srcset=\"http:\/\/www.ataciara.fi\/wp-content\/uploads\/2013\/11\/10522192_10152546456379171_8991599421494923127_n.jpg 637w, http:\/\/www.ataciara.fi\/wp-content\/uploads\/2013\/11\/10522192_10152546456379171_8991599421494923127_n-199x300.jpg 199w\" sizes=\"(max-width: 374px) 100vw, 374px\" \/><\/a><p id=\"caption-attachment-1113\" class=\"wp-caption-text\">Jojo treeneiss\u00e4<\/p><\/div>\n<div id=\"attachment_1110\" style=\"width: 209px\" class=\"wp-caption alignright\"><a href=\"http:\/\/www.ataciara.fi\/chiccoxen-simply-the-best-jojo\/10469728_10152546445364171_6075460387550418471_n\/\" rel=\"attachment wp-att-1110\"><img aria-describedby=\"caption-attachment-1110\" decoding=\"async\" loading=\"lazy\" class=\"wp-image-1110 size-medium\" src=\"http:\/\/www.ataciara.fi\/wp-content\/uploads\/2013\/11\/10469728_10152546445364171_6075460387550418471_n-199x300.jpg\" alt=\"10469728_10152546445364171_6075460387550418471_n\" width=\"199\" height=\"300\" srcset=\"http:\/\/www.ataciara.fi\/wp-content\/uploads\/2013\/11\/10469728_10152546445364171_6075460387550418471_n-199x300.jpg 199w, http:\/\/www.ataciara.fi\/wp-content\/uploads\/2013\/11\/10469728_10152546445364171_6075460387550418471_n.jpg 637w\" sizes=\"(max-width: 199px) 100vw, 199px\" \/><\/a><p id=\"caption-attachment-1110\" class=\"wp-caption-text\">Jojo noutaa<\/p><\/div>\n<p>&nbsp;<\/p>\n<p style=\"text-align: center;\"><a href=\"http:\/\/www.ataciara.fi\/chiccoxen-simply-the-best-jojo\/joo\/\" rel=\"attachment wp-att-995\"><img decoding=\"async\" loading=\"lazy\" class=\"aligncenter wp-image-995\" src=\"http:\/\/www.ataciara.fi\/wp-content\/uploads\/2013\/11\/joo.jpg\" alt=\"Jojo\" width=\"324\" height=\"574\" srcset=\"http:\/\/www.ataciara.fi\/wp-content\/uploads\/2013\/11\/joo.jpg 540w, http:\/\/www.ataciara.fi\/wp-content\/uploads\/2013\/11\/joo-169x300.jpg 169w\" sizes=\"(max-width: 324px) 100vw, 324px\" \/><\/a><\/p>\n","protected":false},"excerpt":{"rendered":"<p>&nbsp; &nbsp; Jojo Koiranetiss\u00e4 31.7.2013-3.6.2019 Rekisterinumero:\u00a0FI43984\/13 Syntym\u00e4aika: 31.7.2013 V\u00e4ri: Musta Terveystulokset: 12.11.2014 \u00a0Silm\u00e4t PPM iris-iris 15.10.2015 lonkat D\/C 15.10.2015 kyyn\u00e4r\u00e4t 0\/0 Muuta: Kastroitu 2015. Alapurenta N\u00e4yttelyt: Nuo T Tulokset: Toko ALO1 \u00a0\u00a0\u00a0\u00a0\u00a0\u00a0\u00a0\u00a0\u00a0\u00a0\u00a0\u00a0\u00a0\u00a0\u00a0\u00a0 LTE 140 pistett\u00e4 Eerikan treenikaveriksi tullut Jojo on &hellip; <a href=\"http:\/\/www.ataciara.fi\/?page_id=978\">Continue reading <span class=\"meta-nav\">&rarr;<\/span><\/a><\/p>\n","protected":false},"author":4,"featured_media":0,"parent":0,"menu_order":0,"comment_status":"closed","ping_status":"open","template":"","meta":[],"_links":{"self":[{"href":"http:\/\/www.ataciara.fi\/index.php?rest_route=\/wp\/v2\/pages\/978"}],"collection":[{"href":"http:\/\/www.ataciara.fi\/index.php?rest_route=\/wp\/v2\/pages"}],"about":[{"href":"http:\/\/www.ataciara.fi\/index.php?rest_route=\/wp\/v2\/types\/page"}],"author":[{"embeddable":true,"href":"http:\/\/www.ataciara.fi\/index.php?rest_route=\/wp\/v2\/users\/4"}],"replies":[{"embeddable":true,"href":"http:\/\/www.ataciara.fi\/index.php?rest_route=%2Fwp%2Fv2%2Fcomments&post=978"}],"version-history":[{"count":19,"href":"http:\/\/www.ataciara.fi\/index.php?rest_route=\/wp\/v2\/pages\/978\/revisions"}],"predecessor-version":[{"id":1925,"href":"http:\/\/www.ataciara.fi\/index.php?rest_route=\/wp\/v2\/pages\/978\/revisions\/1925"}],"wp:attachment":[{"href":"http:\/\/www.ataciara.fi\/index.php?rest_route=%2Fwp%2Fv2%2Fmedia&parent=978"}],"curies":[{"name":"wp","href":"https:\/\/api.w.org\/{rel}","templated":true}]}}