{"id":8,"date":"2011-11-20T22:01:12","date_gmt":"2011-11-20T20:01:12","guid":{"rendered":"http:\/\/www.ataciara.fi\/?page_id=8"},"modified":"2025-01-19T14:38:55","modified_gmt":"2025-01-19T12:38:55","slug":"alaskanmalamuutit","status":"publish","type":"page","link":"http:\/\/www.ataciara.fi\/?page_id=8","title":{"rendered":"Alaskanmalamuutit"},"content":{"rendered":"<p><\/p>\n<p>NARTUT<\/p>\n\n\n<p><a href=\"http:\/\/www.ataciara.fi\/?page_id=980\" data-type=\"page\" data-id=\"980\">Neatut Atauserk\u00b4lu Kissiani (Hilma)<\/a><\/p>\n\n\n<p style=\"text-align: left;\"><\/p>\n\n\n<p><a href=\"http:\/\/www.ataciara.fi\/?page_id=1137\" data-type=\"page\" data-id=\"1137\">Ataciara Ronja Ry\u00f6v\u00e4rintyt\u00e4r (Ronja)<\/a><\/p>\n\n\n<p><\/p>\n\n\n<p><a href=\"http:\/\/www.ataciara.fi\/?page_id=1524\" data-type=\"page\" data-id=\"1524\">Fi Mva Ataciara Tiiti\u00e4inen (Lotta)<\/a><\/p>\n\n\n<p><\/p>\n\n\n<p><a href=\"http:\/\/www.ataciara.fi\/?page_id=1748\" data-type=\"page\" data-id=\"1748\">Fi Mva Chappes Midsummer Night\u00b4s Faith (Olga)<\/a><\/p>\n\n\n<p><\/p>\n\n\n<p><a href=\"http:\/\/www.ataciara.fi\/?page_id=1930\" data-type=\"page\" data-id=\"1930\">Ataciara Psylocke (Lumo)<\/a><\/p>\n\n\n<p><\/p>\n\n\n<p><a href=\"http:\/\/www.ataciara.fi\/?page_id=2339\" data-type=\"page\" data-id=\"2339\">Ataciara Vakava Kuu (Senni)<\/a><\/p>\n\n\n<p><\/p>\n\n\n<p><a href=\"http:\/\/www.ataciara.fi\/?page_id=2432\" data-type=\"page\" data-id=\"2432\">Ataciara Lighthouse on Aleksandria (Aura)<\/a><\/p>\n\n\n<p>UROKSET<\/p>\n<p><a href=\"http:\/\/www.ataciara.fi\/?page_id=1282\">Utamuutin Baldo De La Luna (Taavi)<\/a><\/p>\n<p><a href=\"http:\/\/www.ataciara.fi\/?page_id=1526\">Ataciara Herra Pii Poo (Peetu)<\/a><\/p>\n<p><a href=\"http:\/\/www.ataciara.fi\/?page_id=1857\">Fi Mva Ataciara Nightgrawler (Cosmo)<\/a><\/p>\n<p><a href=\"http:\/\/www.ataciara.fi\/?page_id=2092\">Fi Mva Ataciara Myrskymielell\u00e4 (Armas)<\/a><\/p>","protected":false},"excerpt":{"rendered":"<p>NARTUT Neatut Atauserk\u00b4lu Kissiani (Hilma) Ataciara Ronja Ry\u00f6v\u00e4rintyt\u00e4r (Ronja) Fi Mva Ataciara Tiiti\u00e4inen (Lotta) Fi Mva Chappes Midsummer Night\u00b4s Faith (Olga) Ataciara Psylocke (Lumo) Ataciara Vakava Kuu (Senni) Ataciara Lighthouse on Aleksandria (Aura) UROKSET Utamuutin Baldo De La Luna (Taavi) &hellip; <a href=\"http:\/\/www.ataciara.fi\/?page_id=8\">Continue reading <span class=\"meta-nav\">&rarr;<\/span><\/a><\/p>\n","protected":false},"author":3,"featured_media":0,"parent":0,"menu_order":2,"comment_status":"closed","ping_status":"closed","template":"","meta":[],"_links":{"self":[{"href":"http:\/\/www.ataciara.fi\/index.php?rest_route=\/wp\/v2\/pages\/8"}],"collection":[{"href":"http:\/\/www.ataciara.fi\/index.php?rest_route=\/wp\/v2\/pages"}],"about":[{"href":"http:\/\/www.ataciara.fi\/index.php?rest_route=\/wp\/v2\/types\/page"}],"author":[{"embeddable":true,"href":"http:\/\/www.ataciara.fi\/index.php?rest_route=\/wp\/v2\/users\/3"}],"replies":[{"embeddable":true,"href":"http:\/\/www.ataciara.fi\/index.php?rest_route=%2Fwp%2Fv2%2Fcomments&post=8"}],"version-history":[{"count":12,"href":"http:\/\/www.ataciara.fi\/index.php?rest_route=\/wp\/v2\/pages\/8\/revisions"}],"predecessor-version":[{"id":2689,"href":"http:\/\/www.ataciara.fi\/index.php?rest_route=\/wp\/v2\/pages\/8\/revisions\/2689"}],"wp:attachment":[{"href":"http:\/\/www.ataciara.fi\/index.php?rest_route=%2Fwp%2Fv2%2Fmedia&parent=8"}],"curies":[{"name":"wp","href":"https:\/\/api.w.org\/{rel}","templated":true}]}}