{"id":66,"date":"2011-11-21T22:57:34","date_gmt":"2011-11-21T20:57:34","guid":{"rendered":"http:\/\/www.ataciara.fi\/?page_id=66"},"modified":"2025-02-24T09:50:37","modified_gmt":"2025-02-24T07:50:37","slug":"pentuinfo","status":"publish","type":"page","link":"http:\/\/www.ataciara.fi\/?page_id=66","title":{"rendered":"Pentuinfo"},"content":{"rendered":"<p style=\"text-align: justify;\">Pentua harkitessasi tutustu huolellisesti kyseiseen rotuun. Meille voi toki tulla koiriin tutustumaan ja suosittelenkin erilaisten koirien ja omistajien tapaamista ennen p\u00e4\u00e4t\u00f6st\u00e4 pennun hankinnasta.<\/p>\n<p style=\"text-align: justify;\">Tavoitteenamme on terve, toimiva koira. Ajatuksena on, ett\u00e4 jokainen yhdistelm\u00e4 on sellainen, josta olisimme halukkaita ottamaan itsellemme koiran. Terveystulosten lis\u00e4ksi oleellista on koiran luonne.<\/p>\n<p style=\"text-align: justify;\">Pennut syntyv\u00e4t ja kasvavat perheemme parissa tottuen kodin \u00e4\u00e4niin. Totuttelemme ulkoiluun, harjaamiseen ja muuhun perushoitoon hiljalleen.<\/p>\n<p style=\"text-align: justify;\">Pennut luovutetaan 7-8 viikkoisina. El\u00e4inl\u00e4\u00e4k\u00e4ri tarkastaa pennut ja niille asetetaan mikrosirut.\u00a0Mukaan saat my\u00f6s hoito-ohjeet sek\u00e4 pentupaketin ett\u00e4 kasvattajan tuen.<\/p>\n<p style=\"text-align: justify;\">Haluamme, ett\u00e4 jokaiselle kasvatillemme suoritetaan viralliset terveystutkimukset! Terveystulokset ovat olleellista tietoa pysty\u00e4ksemme kasvattamaan terveit\u00e4 koiria. Vaikka koiraa itsess\u00e4\u00e4n ei olisikaan tarkoitus k\u00e4ytt\u00e4\u00e4 jalostukseen ovat jokaisen terveystiedot oleellisia.<\/p>\n<p style=\"text-align: justify;\">Toivomme kasvattiemme omistajien ottavan ongelmatapauksissa aina yhteytt\u00e4 sek\u00e4 p\u00e4ivittelev\u00e4n muutenkin kuulumisia.<\/p>\n<p style=\"text-align: justify;\">Jos ajatuksissa on pennunhankinta, ota yhteytt\u00e4, kerromme mielell\u00e4mme lis\u00e4\u00e4.<\/p>\n<p style=\"text-align: justify;\">\n","protected":false},"excerpt":{"rendered":"<p>Pentua harkitessasi tutustu huolellisesti kyseiseen rotuun. Meille voi toki tulla koiriin tutustumaan ja suosittelenkin erilaisten koirien ja omistajien tapaamista ennen p\u00e4\u00e4t\u00f6st\u00e4 pennun hankinnasta. Tavoitteenamme on terve, toimiva koira. Ajatuksena on, ett\u00e4 jokainen yhdistelm\u00e4 on sellainen, josta olisimme halukkaita ottamaan itsellemme &hellip; <a href=\"http:\/\/www.ataciara.fi\/?page_id=66\">Continue reading <span class=\"meta-nav\">&rarr;<\/span><\/a><\/p>\n","protected":false},"author":3,"featured_media":0,"parent":53,"menu_order":0,"comment_status":"closed","ping_status":"open","template":"","meta":[],"_links":{"self":[{"href":"http:\/\/www.ataciara.fi\/index.php?rest_route=\/wp\/v2\/pages\/66"}],"collection":[{"href":"http:\/\/www.ataciara.fi\/index.php?rest_route=\/wp\/v2\/pages"}],"about":[{"href":"http:\/\/www.ataciara.fi\/index.php?rest_route=\/wp\/v2\/types\/page"}],"author":[{"embeddable":true,"href":"http:\/\/www.ataciara.fi\/index.php?rest_route=\/wp\/v2\/users\/3"}],"replies":[{"embeddable":true,"href":"http:\/\/www.ataciara.fi\/index.php?rest_route=%2Fwp%2Fv2%2Fcomments&post=66"}],"version-history":[{"count":17,"href":"http:\/\/www.ataciara.fi\/index.php?rest_route=\/wp\/v2\/pages\/66\/revisions"}],"predecessor-version":[{"id":2737,"href":"http:\/\/www.ataciara.fi\/index.php?rest_route=\/wp\/v2\/pages\/66\/revisions\/2737"}],"up":[{"embeddable":true,"href":"http:\/\/www.ataciara.fi\/index.php?rest_route=\/wp\/v2\/pages\/53"}],"wp:attachment":[{"href":"http:\/\/www.ataciara.fi\/index.php?rest_route=%2Fwp%2Fv2%2Fmedia&parent=66"}],"curies":[{"name":"wp","href":"https:\/\/api.w.org\/{rel}","templated":true}]}}