{"id":48,"date":"2011-11-21T17:22:08","date_gmt":"2011-11-21T15:22:08","guid":{"rendered":"http:\/\/www.ataciara.fi\/?page_id=48"},"modified":"2020-11-19T06:58:04","modified_gmt":"2020-11-19T04:58:04","slug":"zadun-kiss-of-fate-manta","status":"publish","type":"page","link":"http:\/\/www.ataciara.fi\/?page_id=48","title":{"rendered":"Fi Mva Ee Mva Zadun Kiss of Fate (Manta)"},"content":{"rendered":"<p><a href=\"http:\/\/www.ataciara.fi\/alaskanmalamuutit\/zadun-kiss-of-fate-manta\/48398988_2134580426592160_5778183403555782656_o\/\" rel=\"attachment wp-att-1804\"><img decoding=\"async\" loading=\"lazy\" class=\"alignleft size-full wp-image-1804\" src=\"http:\/\/www.ataciara.fi\/wp-content\/uploads\/2011\/11\/48398988_2134580426592160_5778183403555782656_o.jpg\" alt=\"\" width=\"2048\" height=\"1365\" srcset=\"http:\/\/www.ataciara.fi\/wp-content\/uploads\/2011\/11\/48398988_2134580426592160_5778183403555782656_o.jpg 2048w, http:\/\/www.ataciara.fi\/wp-content\/uploads\/2011\/11\/48398988_2134580426592160_5778183403555782656_o-300x200.jpg 300w, http:\/\/www.ataciara.fi\/wp-content\/uploads\/2011\/11\/48398988_2134580426592160_5778183403555782656_o-768x512.jpg 768w, http:\/\/www.ataciara.fi\/wp-content\/uploads\/2011\/11\/48398988_2134580426592160_5778183403555782656_o-1024x683.jpg 1024w\" sizes=\"(max-width: 2048px) 100vw, 2048px\" \/><\/a><img decoding=\"async\" loading=\"lazy\" class=\"alignleft size-full wp-image-1806\" src=\"http:\/\/www.ataciara.fi\/wp-content\/uploads\/2011\/11\/48414759_2134580436592159_7826022504618524672_o-2.jpg\" alt=\"\" width=\"1767\" height=\"1269\" srcset=\"http:\/\/www.ataciara.fi\/wp-content\/uploads\/2011\/11\/48414759_2134580436592159_7826022504618524672_o-2.jpg 1767w, http:\/\/www.ataciara.fi\/wp-content\/uploads\/2011\/11\/48414759_2134580436592159_7826022504618524672_o-2-300x215.jpg 300w, http:\/\/www.ataciara.fi\/wp-content\/uploads\/2011\/11\/48414759_2134580436592159_7826022504618524672_o-2-768x552.jpg 768w, http:\/\/www.ataciara.fi\/wp-content\/uploads\/2011\/11\/48414759_2134580436592159_7826022504618524672_o-2-1024x735.jpg 1024w\" sizes=\"(max-width: 1767px) 100vw, 1767px\" \/>09.05.2011-16.11.2020<\/p>\n<ul>\n<li><strong>Rekisterinumero<\/strong>: FI34184\/11<\/li>\n<li><strong>Syntym\u00e4aika<\/strong>: 09.05.2011<\/li>\n<li><strong>V\u00e4ri<\/strong>: harmaa valkoinen<\/li>\n<li><strong>Terveystulokset<\/strong>:<\/li>\n<\/ul>\n<p>19.6.2012 Silm\u00e4t ok, 12.2.2014 Silm\u00e4t ok, 12.11.2015 Silm\u00e4t ok<\/p>\n<p>19.6.2012 Polvet 0\/0<\/p>\n<p>26.4.2013 Lonkkanivel A\/A<\/p>\n<p>26.4.2013 Kyyn\u00e4rnivel 0\/0<\/p>\n<p>27.8.2012 Polyneuropatia Homozygous normal (Terve)<\/p>\n<p>2.11.2014 coat length: Clear<\/p>\n<ul>\n<li><strong>N\u00e4yttelyt: Fin Mva, EE Mva, Cacib<\/strong><\/li>\n<li><strong>Tulokset:<\/strong>Rek 1 ,Rek2 x 6 Kvk1 x3<\/li>\n<\/ul>\n<p><a href=\"http:\/\/jalostus.kennelliitto.fi\/frmKoira.aspx?RekNo=FI34184\/11&amp;R=243\" target=\"_blank\" rel=\"noopener\">Manta koiranetiss\u00e4<\/a><\/p>\n<p>Mantasta on kehittynyt meid\u00e4n valjakon johtaja. Manta tekee ty\u00f6t\u00e4 mielell\u00e4\u00e4n, kuuntelee ohjeet ja i\u00e4n karttuessa my\u00f6s itseluottamus on lis\u00e4\u00e4ntynyt ja Manta vet\u00e4\u00e4 turhia kuikuilevat pojatkin oikeaan suuntaan. Talven 2014 Manta juoksi my\u00f6s vieraan nartun seurana ilman ongelmia. Manta keskittyy ty\u00f6h\u00f6ns\u00e4 eik\u00e4 valjakossa touhua ylim\u00e4\u00e4r\u00e4ist\u00e4. Kuormanveto sujuu jo hyvin, talvella 2014 kaksi KVK1 tulosta, maksimipaino 10.53xomapaino.<\/p>\n<p>Manta on erityisen perso ruualle ja tekeekin ihan mit\u00e4 vain saadakseen ruokansa. My\u00f6s temppujen oppiminen sujuu hyvin, kunhan makupaloja on tarjolla. Manta on kaikille ihmisille yst\u00e4v\u00e4llinen ja pehme\u00e4 luonteinen.<\/p>\n<p>Manta on em\u00e4n\u00e4 Astrid Lingren ja Kirsi Kunnas pentueissa, ja pennut Manta hoiti erinomaisesti. Manta tunnistaa edelleen muualla asuvat vanhemmat pentunsa ja ilahtuu aina hurjasti niit\u00e4 n\u00e4hdess\u00e4\u00e4n.<a href=\"http:\/\/www.ataciara.fi\/talut-manta\/manta_seisoo\/\" rel=\"attachment wp-att-1310\"><img decoding=\"async\" loading=\"lazy\" class=\"aligncenter wp-image-1310 size-medium\" src=\"http:\/\/www.ataciara.fi\/wp-content\/uploads\/2015\/11\/Manta_seisoo-300x200.jpg\" alt=\"Manta_seisoo\" width=\"300\" height=\"200\" srcset=\"http:\/\/www.ataciara.fi\/wp-content\/uploads\/2015\/11\/Manta_seisoo-300x200.jpg 300w, http:\/\/www.ataciara.fi\/wp-content\/uploads\/2015\/11\/Manta_seisoo-1024x683.jpg 1024w, http:\/\/www.ataciara.fi\/wp-content\/uploads\/2015\/11\/Manta_seisoo.jpg 2048w\" sizes=\"(max-width: 300px) 100vw, 300px\" \/><\/a><\/p>\n<ul>\n<li>\n<p><div id=\"attachment_1369\" style=\"width: 650px\" class=\"wp-caption aligncenter\"><a href=\"http:\/\/www.ataciara.fi\/alaskanmalamuutit\/zadun-kiss-of-fate-manta\/12823380_1312766428750142_5987610786925016967_o\/\" rel=\"attachment wp-att-1369\"><img aria-describedby=\"caption-attachment-1369\" decoding=\"async\" loading=\"lazy\" class=\"wp-image-1369 size-large\" src=\"http:\/\/www.ataciara.fi\/wp-content\/uploads\/2011\/11\/12823380_1312766428750142_5987610786925016967_o-1024x683.jpg\" alt=\"12823380_1312766428750142_5987610786925016967_o\" width=\"640\" height=\"427\" srcset=\"http:\/\/www.ataciara.fi\/wp-content\/uploads\/2011\/11\/12823380_1312766428750142_5987610786925016967_o-1024x683.jpg 1024w, http:\/\/www.ataciara.fi\/wp-content\/uploads\/2011\/11\/12823380_1312766428750142_5987610786925016967_o-300x200.jpg 300w, http:\/\/www.ataciara.fi\/wp-content\/uploads\/2011\/11\/12823380_1312766428750142_5987610786925016967_o.jpg 1296w\" sizes=\"(max-width: 640px) 100vw, 640px\" \/><\/a><p id=\"caption-attachment-1369\" class=\"wp-caption-text\">Ruuaa Race 2016<\/p><\/div><\/li>\n<\/ul>\n<div id=\"attachment_560\" style=\"width: 273px\" class=\"wp-caption alignleft\"><a href=\"http:\/\/www.ataciara.fi\/alaskanmalamuutit\/zadun-kiss-of-fate-manta\/lumi\/\" rel=\"attachment wp-att-560\"><img aria-describedby=\"caption-attachment-560\" decoding=\"async\" loading=\"lazy\" class=\"wp-image-560 \" title=\"Manta Talvella 2011\" src=\"http:\/\/www.ataciara.fi\/wp-content\/uploads\/2012\/01\/lumi-300x200.jpg\" alt=\"\" width=\"263\" height=\"175\" srcset=\"http:\/\/www.ataciara.fi\/wp-content\/uploads\/2012\/01\/lumi-300x200.jpg 300w, http:\/\/www.ataciara.fi\/wp-content\/uploads\/2012\/01\/lumi.jpg 720w\" sizes=\"(max-width: 263px) 100vw, 263px\" \/><\/a><p id=\"caption-attachment-560\" class=\"wp-caption-text\">Manta Talvella 2011<\/p><\/div>\n<div id=\"attachment_222\" style=\"width: 280px\" class=\"wp-caption alignright\"><a href=\"http:\/\/www.ataciara.fi\/alaskanmalamuutit\/zadun-kiss-of-fate-manta\/12-zadun-kiss-of-fate-om-reetta-majalainen\/\" rel=\"attachment wp-att-222\"><img aria-describedby=\"caption-attachment-222\" decoding=\"async\" loading=\"lazy\" class=\"size-medium wp-image-222 \" title=\"pikku Manta\" src=\"http:\/\/www.ataciara.fi\/wp-content\/uploads\/2011\/12\/12.-Zadun-kiss-of-fate-om.-Reetta-Majalainen-300x200.jpg\" alt=\"\" width=\"270\" height=\"180\" srcset=\"http:\/\/www.ataciara.fi\/wp-content\/uploads\/2011\/12\/12.-Zadun-kiss-of-fate-om.-Reetta-Majalainen-300x200.jpg 300w, http:\/\/www.ataciara.fi\/wp-content\/uploads\/2011\/12\/12.-Zadun-kiss-of-fate-om.-Reetta-Majalainen-1024x682.jpg 1024w\" sizes=\"(max-width: 270px) 100vw, 270px\" \/><\/a><p id=\"caption-attachment-222\" class=\"wp-caption-text\">Manta pienen\u00e4<\/p><\/div>\n<div id=\"attachment_640\" style=\"width: 280px\" class=\"wp-caption alignleft\"><a href=\"http:\/\/www.ataciara.fi\/alaskanmalamuutit\/zadun-kiss-of-fate-manta\/ensilumella\/\" rel=\"attachment wp-att-640\"><img aria-describedby=\"caption-attachment-640\" decoding=\"async\" loading=\"lazy\" class=\" wp-image-640 \" title=\"Ensilumella\" src=\"http:\/\/www.ataciara.fi\/wp-content\/uploads\/2012\/01\/Ensilumella-300x240.jpg\" alt=\"\" width=\"270\" height=\"216\" srcset=\"http:\/\/www.ataciara.fi\/wp-content\/uploads\/2012\/01\/Ensilumella-300x240.jpg 300w, http:\/\/www.ataciara.fi\/wp-content\/uploads\/2012\/01\/Ensilumella-1024x819.jpg 1024w\" sizes=\"(max-width: 270px) 100vw, 270px\" \/><\/a><p id=\"caption-attachment-640\" class=\"wp-caption-text\">Ensilumella<\/p><\/div>\n<div id=\"attachment_639\" style=\"width: 210px\" class=\"wp-caption alignright\"><a href=\"http:\/\/www.ataciara.fi\/alaskanmalamuutit\/zadun-kiss-of-fate-manta\/manta-2\/\" rel=\"attachment wp-att-639\"><img aria-describedby=\"caption-attachment-639\" decoding=\"async\" loading=\"lazy\" class=\"size-medium wp-image-639\" title=\"manta\" src=\"http:\/\/www.ataciara.fi\/wp-content\/uploads\/2012\/01\/manta-200x300.jpg\" alt=\"\" width=\"200\" height=\"300\" srcset=\"http:\/\/www.ataciara.fi\/wp-content\/uploads\/2012\/01\/manta-200x300.jpg 200w, http:\/\/www.ataciara.fi\/wp-content\/uploads\/2012\/01\/manta.jpg 480w\" sizes=\"(max-width: 200px) 100vw, 200px\" \/><\/a><p id=\"caption-attachment-639\" class=\"wp-caption-text\">Manta<\/p><\/div>\n","protected":false},"excerpt":{"rendered":"<p>09.05.2011-16.11.2020 Rekisterinumero: FI34184\/11 Syntym\u00e4aika: 09.05.2011 V\u00e4ri: harmaa valkoinen Terveystulokset: 19.6.2012 Silm\u00e4t ok, 12.2.2014 Silm\u00e4t ok, 12.11.2015 Silm\u00e4t ok 19.6.2012 Polvet 0\/0 26.4.2013 Lonkkanivel A\/A 26.4.2013 Kyyn\u00e4rnivel 0\/0 27.8.2012 Polyneuropatia Homozygous normal (Terve) 2.11.2014 coat length: Clear N\u00e4yttelyt: Fin Mva, EE &hellip; <a href=\"http:\/\/www.ataciara.fi\/?page_id=48\">Continue reading <span class=\"meta-nav\">&rarr;<\/span><\/a><\/p>\n","protected":false},"author":3,"featured_media":0,"parent":8,"menu_order":0,"comment_status":"closed","ping_status":"closed","template":"","meta":[],"_links":{"self":[{"href":"http:\/\/www.ataciara.fi\/index.php?rest_route=\/wp\/v2\/pages\/48"}],"collection":[{"href":"http:\/\/www.ataciara.fi\/index.php?rest_route=\/wp\/v2\/pages"}],"about":[{"href":"http:\/\/www.ataciara.fi\/index.php?rest_route=\/wp\/v2\/types\/page"}],"author":[{"embeddable":true,"href":"http:\/\/www.ataciara.fi\/index.php?rest_route=\/wp\/v2\/users\/3"}],"replies":[{"embeddable":true,"href":"http:\/\/www.ataciara.fi\/index.php?rest_route=%2Fwp%2Fv2%2Fcomments&post=48"}],"version-history":[{"count":82,"href":"http:\/\/www.ataciara.fi\/index.php?rest_route=\/wp\/v2\/pages\/48\/revisions"}],"predecessor-version":[{"id":2131,"href":"http:\/\/www.ataciara.fi\/index.php?rest_route=\/wp\/v2\/pages\/48\/revisions\/2131"}],"up":[{"embeddable":true,"href":"http:\/\/www.ataciara.fi\/index.php?rest_route=\/wp\/v2\/pages\/8"}],"wp:attachment":[{"href":"http:\/\/www.ataciara.fi\/index.php?rest_route=%2Fwp%2Fv2%2Fmedia&parent=48"}],"curies":[{"name":"wp","href":"https:\/\/api.w.org\/{rel}","templated":true}]}}