{"id":2418,"date":"2023-01-06T18:24:39","date_gmt":"2023-01-06T16:24:39","guid":{"rendered":"http:\/\/www.ataciara.fi\/?page_id=2418"},"modified":"2025-02-02T19:56:45","modified_gmt":"2025-02-02T17:56:45","slug":"ataciara-yoperhonen-joiku","status":"publish","type":"page","link":"http:\/\/www.ataciara.fi\/?page_id=2418","title":{"rendered":"Ataciara Y\u00f6perhonen (Joiku)"},"content":{"rendered":"\n<figure class=\"wp-block-image size-large\"><img decoding=\"async\" loading=\"lazy\" width=\"1024\" height=\"815\" src=\"http:\/\/www.ataciara.fi\/wp-content\/uploads\/2025\/02\/474869037_10221909451684833_4352124695415557886_n-1024x815.jpg\" alt=\"\" class=\"wp-image-2722\" srcset=\"http:\/\/www.ataciara.fi\/wp-content\/uploads\/2025\/02\/474869037_10221909451684833_4352124695415557886_n-1024x815.jpg 1024w, http:\/\/www.ataciara.fi\/wp-content\/uploads\/2025\/02\/474869037_10221909451684833_4352124695415557886_n-300x239.jpg 300w, http:\/\/www.ataciara.fi\/wp-content\/uploads\/2025\/02\/474869037_10221909451684833_4352124695415557886_n-768x612.jpg 768w, http:\/\/www.ataciara.fi\/wp-content\/uploads\/2025\/02\/474869037_10221909451684833_4352124695415557886_n-1536x1223.jpg 1536w, http:\/\/www.ataciara.fi\/wp-content\/uploads\/2025\/02\/474869037_10221909451684833_4352124695415557886_n.jpg 1714w\" sizes=\"(max-width: 1024px) 100vw, 1024px\" \/><\/figure>\n\n\n<div id=\"attachment_2493\" style=\"width: 650px\" class=\"wp-caption alignnone\"><a href=\"http:\/\/www.ataciara.fi\/?attachment_id=2493\" rel=\"attachment wp-att-2493\"><img aria-describedby=\"caption-attachment-2493\" decoding=\"async\" loading=\"lazy\" class=\"wp-image-2493 size-large\" src=\"http:\/\/www.ataciara.fi\/wp-content\/uploads\/2023\/10\/SUOMENLAPINKOIRA_KUVAUSPISTE_NL-116-1024x683.jpg\" alt=\"\" width=\"640\" height=\"427\" srcset=\"http:\/\/www.ataciara.fi\/wp-content\/uploads\/2023\/10\/SUOMENLAPINKOIRA_KUVAUSPISTE_NL-116-1024x683.jpg 1024w, http:\/\/www.ataciara.fi\/wp-content\/uploads\/2023\/10\/SUOMENLAPINKOIRA_KUVAUSPISTE_NL-116-300x200.jpg 300w, http:\/\/www.ataciara.fi\/wp-content\/uploads\/2023\/10\/SUOMENLAPINKOIRA_KUVAUSPISTE_NL-116-768x512.jpg 768w, http:\/\/www.ataciara.fi\/wp-content\/uploads\/2023\/10\/SUOMENLAPINKOIRA_KUVAUSPISTE_NL-116-1536x1024.jpg 1536w, http:\/\/www.ataciara.fi\/wp-content\/uploads\/2023\/10\/SUOMENLAPINKOIRA_KUVAUSPISTE_NL-116.jpg 2048w\" sizes=\"(max-width: 640px) 100vw, 640px\" \/><\/a><p id=\"caption-attachment-2493\" class=\"wp-caption-text\">Joiku 9kk, kuva Noora Leppikangas<\/p><\/div>\n<ul>\n<li><strong>Rekisterinumero<\/strong>:\u00a0FI58455\/22<\/li>\n<li><strong>Syntym\u00e4aika<\/strong>: 4.11.2022<\/li>\n<li><strong>V\u00e4ri<\/strong>: Parkki vaalein merkein<\/li>\n<li><strong>Terveystulokset<\/strong>:\n<ul>\n<li>Lonkat A\/A<\/li>\n<li>Kyyn\u00e4rp\u00e4\u00e4t 0\/1<\/li>\n<li>selk\u00e4 Ltv 0<\/li>\n<li>Silm\u00e4t terveet<\/li>\n<li>Polvilumpioluksaatio 0\/0<\/li>\n<\/ul>\n<\/li>\n<li><strong>N\u00e4yttelyt<\/strong>: Avo eri<\/li>\n<\/ul>\n<p>Joiku <a href=\"https:\/\/jalostus.kennelliitto.fi\/frmKoira.aspx?RekNo=FI58455%2F22&amp;R=189\">Jalostustietokannassa<\/a><\/p>\n<p>Joiku asuu sijoituksessa Lulun luona<\/p>","protected":false},"excerpt":{"rendered":"<p>Rekisterinumero:\u00a0FI58455\/22 Syntym\u00e4aika: 4.11.2022 V\u00e4ri: Parkki vaalein merkein Terveystulokset: Lonkat A\/A Kyyn\u00e4rp\u00e4\u00e4t 0\/1 selk\u00e4 Ltv 0 Silm\u00e4t terveet Polvilumpioluksaatio 0\/0 N\u00e4yttelyt: Avo eri Joiku Jalostustietokannassa Joiku asuu sijoituksessa Lulun luona<\/p>\n","protected":false},"author":2,"featured_media":0,"parent":0,"menu_order":0,"comment_status":"closed","ping_status":"closed","template":"","meta":[],"_links":{"self":[{"href":"http:\/\/www.ataciara.fi\/index.php?rest_route=\/wp\/v2\/pages\/2418"}],"collection":[{"href":"http:\/\/www.ataciara.fi\/index.php?rest_route=\/wp\/v2\/pages"}],"about":[{"href":"http:\/\/www.ataciara.fi\/index.php?rest_route=\/wp\/v2\/types\/page"}],"author":[{"embeddable":true,"href":"http:\/\/www.ataciara.fi\/index.php?rest_route=\/wp\/v2\/users\/2"}],"replies":[{"embeddable":true,"href":"http:\/\/www.ataciara.fi\/index.php?rest_route=%2Fwp%2Fv2%2Fcomments&post=2418"}],"version-history":[{"count":9,"href":"http:\/\/www.ataciara.fi\/index.php?rest_route=\/wp\/v2\/pages\/2418\/revisions"}],"predecessor-version":[{"id":2724,"href":"http:\/\/www.ataciara.fi\/index.php?rest_route=\/wp\/v2\/pages\/2418\/revisions\/2724"}],"wp:attachment":[{"href":"http:\/\/www.ataciara.fi\/index.php?rest_route=%2Fwp%2Fv2%2Fmedia&parent=2418"}],"curies":[{"name":"wp","href":"https:\/\/api.w.org\/{rel}","templated":true}]}}