{"id":2409,"date":"2023-01-06T18:12:23","date_gmt":"2023-01-06T16:12:23","guid":{"rendered":"http:\/\/www.ataciara.fi\/?page_id=2409"},"modified":"2025-06-29T21:41:41","modified_gmt":"2025-06-29T18:41:41","slug":"am-antiikin-ihmeet-pentue","status":"publish","type":"page","link":"http:\/\/www.ataciara.fi\/?page_id=2409","title":{"rendered":"Am Antiikin ihmeet pentue"},"content":{"rendered":"<p><strong>Alaskanmalamuuttipentue syntynyt 28.10.2022,<\/strong><\/p>\n<p><a href=\"http:\/\/www.ataciara.fi\/pentue-suunnitelmat-4\/505bf155-4b4d-475d-b1e6-f7f1e2def649\/\" rel=\"attachment wp-att-2403\"><img decoding=\"async\" loading=\"lazy\" class=\"alignnone size-medium wp-image-2403\" src=\"http:\/\/www.ataciara.fi\/wp-content\/uploads\/2020\/07\/505bf155-4b4d-475d-b1e6-f7f1e2def649-300x240.jpg\" sizes=\"(max-width: 300px) 100vw, 300px\" srcset=\"http:\/\/www.ataciara.fi\/wp-content\/uploads\/2020\/07\/505bf155-4b4d-475d-b1e6-f7f1e2def649-300x240.jpg 300w, http:\/\/www.ataciara.fi\/wp-content\/uploads\/2020\/07\/505bf155-4b4d-475d-b1e6-f7f1e2def649-768x614.jpg 768w, http:\/\/www.ataciara.fi\/wp-content\/uploads\/2020\/07\/505bf155-4b4d-475d-b1e6-f7f1e2def649-1024x819.jpg 1024w, http:\/\/www.ataciara.fi\/wp-content\/uploads\/2020\/07\/505bf155-4b4d-475d-b1e6-f7f1e2def649.jpg 1600w\" alt=\"\" width=\"300\" height=\"240\" \/><\/a>\u00a0<a href=\"http:\/\/www.ataciara.fi\/pentue-suunnitelmat-4\/c6c29c12-12e6-46cd-a8d8-97789119588b\/\" rel=\"attachment wp-att-2404\"><img decoding=\"async\" loading=\"lazy\" class=\"alignnone size-medium wp-image-2404\" src=\"http:\/\/www.ataciara.fi\/wp-content\/uploads\/2020\/07\/c6c29c12-12e6-46cd-a8d8-97789119588b-300x184.jpg\" sizes=\"(max-width: 300px) 100vw, 300px\" srcset=\"http:\/\/www.ataciara.fi\/wp-content\/uploads\/2020\/07\/c6c29c12-12e6-46cd-a8d8-97789119588b-300x184.jpg 300w, http:\/\/www.ataciara.fi\/wp-content\/uploads\/2020\/07\/c6c29c12-12e6-46cd-a8d8-97789119588b-768x472.jpg 768w, http:\/\/www.ataciara.fi\/wp-content\/uploads\/2020\/07\/c6c29c12-12e6-46cd-a8d8-97789119588b-1024x629.jpg 1024w, http:\/\/www.ataciara.fi\/wp-content\/uploads\/2020\/07\/c6c29c12-12e6-46cd-a8d8-97789119588b.jpg 1600w\" alt=\"\" width=\"300\" height=\"184\" \/><\/a><\/p>\n<p><a href=\"http:\/\/www.ataciara.fi\/neatut-ubuqtuq-amanga-sohvi\/\">Neatut Ubuqtuq Amanga (Sohvi)<\/a>\u00a0&amp;\u00a0<a href=\"http:\/\/www.ataciara.fi\/ataciara-nightcrawler-cosmo\/\">Fi Mva Ataciara Nightcrawler (Cosmo)<\/a><\/p>\n<p>2 urosta sek\u00e4 5 narttua,<\/p>\n<p>FI57904\/22\u00a0\u00a0\u00a0 uros\u00a0\u00a0\u00a0\u00a0\u00a0\u00a0\u00a0\u00a0\u00a0\u00a0\u00a0\u00a0\u00a0\u00a0\u00a0\u00a0\u00a0 ATACIARA STATUE OF ZEUS AT OLYMPIA &#8220;Ukko&#8221;<\/p>\n<p>FI57903\/22\u00a0\u00a0\u00a0 uros\u00a0\u00a0\u00a0\u00a0\u00a0\u00a0\u00a0\u00a0\u00a0\u00a0\u00a0\u00a0\u00a0\u00a0\u00a0\u00a0\u00a0 ATACIARA TEMPLE OF ARTEMIS &#8220;Sysi&#8221;, Manehtynyt 4kk ik\u00e4isen\u00e4 Maksan ja ruoansulatuskanavan sairaus-Suoliston tukkiva vierasesine<\/p>\n<p>FI57909\/22\u00a0\u00a0\u00a0 narttu\u00a0\u00a0\u00a0\u00a0\u00a0\u00a0\u00a0\u00a0\u00a0\u00a0\u00a0\u00a0\u00a0\u00a0 ATACIARA COLOSSUS OF RODES &#8220;Kita&#8221;<\/p>\n<p>FI57906\/22\u00a0\u00a0\u00a0 narttu\u00a0\u00a0\u00a0\u00a0\u00a0\u00a0\u00a0\u00a0\u00a0\u00a0\u00a0\u00a0\u00a0\u00a0 ATACIARA GREAT PYRAMID OF GIZA &#8220;Giza&#8221;<\/p>\n<p>FI57908\/22\u00a0\u00a0\u00a0 narttu\u00a0\u00a0\u00a0\u00a0\u00a0\u00a0\u00a0\u00a0\u00a0\u00a0\u00a0\u00a0\u00a0\u00a0 ATACIARA HANGING GARDENS OF BABYLONIA &#8220;Tyyni&#8221;<\/p>\n<p>FI57905\/22\u00a0\u00a0\u00a0 narttu\u00a0\u00a0\u00a0\u00a0\u00a0\u00a0\u00a0\u00a0\u00a0\u00a0\u00a0\u00a0\u00a0\u00a0 <a href=\"http:\/\/www.ataciara.fi\/?page_id=2432\">ATACIARA LIGHTHOUSE OF ALEKSANDRIA &#8220;Aura&#8221;<\/a><\/p>\n<p>FI57907\/22\u00a0\u00a0\u00a0 narttu\u00a0\u00a0\u00a0\u00a0\u00a0\u00a0\u00a0\u00a0\u00a0\u00a0\u00a0\u00a0\u00a0\u00a0 ATACIARA MAUSOLEUM AT HALICARNASSUS &#8220;Alma&#8221;<\/p>\n<p><a href=\"https:\/\/jalostus.kennelliitto.fi\/frmSukutaulu.aspx?RekNoE=FI52295\/16&amp;ReknoI=FI10108\/19\">Sukutaulu<\/a><\/p>\n<div id=\"attachment_2356\" class=\"wp-caption alignnone\"><img decoding=\"async\" loading=\"lazy\" class=\"wp-image-2356 size-medium\" src=\"http:\/\/www.ataciara.fi\/wp-content\/uploads\/2022\/10\/69258712_10220072399659906_2017020447266177024_o-300x200.jpg\" sizes=\"(max-width: 300px) 100vw, 300px\" srcset=\"http:\/\/www.ataciara.fi\/wp-content\/uploads\/2022\/10\/69258712_10220072399659906_2017020447266177024_o-300x200.jpg 300w, http:\/\/www.ataciara.fi\/wp-content\/uploads\/2022\/10\/69258712_10220072399659906_2017020447266177024_o-768x512.jpg 768w, http:\/\/www.ataciara.fi\/wp-content\/uploads\/2022\/10\/69258712_10220072399659906_2017020447266177024_o-1024x683.jpg 1024w\" alt=\"\" width=\"300\" height=\"200\" \/><\/p>\n<p class=\"wp-caption-text\">Sohvi<\/p>\n<\/div>\n<div id=\"attachment_2357\" class=\"wp-caption alignnone\"><img decoding=\"async\" loading=\"lazy\" class=\"wp-image-2357\" src=\"http:\/\/www.ataciara.fi\/wp-content\/uploads\/2022\/10\/69317811_10220072399459901_179765319303168000_o-300x200.jpg\" sizes=\"(max-width: 272px) 100vw, 272px\" srcset=\"http:\/\/www.ataciara.fi\/wp-content\/uploads\/2022\/10\/69317811_10220072399459901_179765319303168000_o-300x200.jpg 300w, http:\/\/www.ataciara.fi\/wp-content\/uploads\/2022\/10\/69317811_10220072399459901_179765319303168000_o-768x512.jpg 768w, http:\/\/www.ataciara.fi\/wp-content\/uploads\/2022\/10\/69317811_10220072399459901_179765319303168000_o-1024x683.jpg 1024w\" alt=\"\" width=\"272\" height=\"181\" \/><\/p>\n<p class=\"wp-caption-text\">Sohvi<\/p>\n<\/div>\n<div id=\"attachment_2359\" class=\"wp-caption alignleft\"><a href=\"http:\/\/www.ataciara.fi\/ruunaa-antti-mustonen\/\"><img decoding=\"async\" loading=\"lazy\" class=\"wp-image-2359 \" src=\"http:\/\/www.ataciara.fi\/wp-content\/uploads\/2022\/10\/ruunaa-antti-Mustonen-300x218.jpg\" sizes=\"(max-width: 288px) 100vw, 288px\" srcset=\"http:\/\/www.ataciara.fi\/wp-content\/uploads\/2022\/10\/ruunaa-antti-Mustonen-300x218.jpg 300w, http:\/\/www.ataciara.fi\/wp-content\/uploads\/2022\/10\/ruunaa-antti-Mustonen.jpg 720w\" alt=\"\" width=\"288\" height=\"209\" \/><\/a><\/p>\n<p class=\"wp-caption-text\">Ruunaa Race, Sohvi Py\u00f6r\u00e4ss\u00e4, kuva Antti Mustonen<\/p>\n<\/div>\n<div id=\"attachment_2364\" class=\"wp-caption alignright\"><a href=\"http:\/\/www.ataciara.fi\/ilvesvaaran-rekikoirat-ruunaa\/\"><img decoding=\"async\" loading=\"lazy\" class=\"wp-image-2364 \" src=\"http:\/\/www.ataciara.fi\/wp-content\/uploads\/2022\/10\/Ilvesvaaran-rekikoirat-Ruunaa-300x206.jpg\" sizes=\"(max-width: 283px) 100vw, 283px\" srcset=\"http:\/\/www.ataciara.fi\/wp-content\/uploads\/2022\/10\/Ilvesvaaran-rekikoirat-Ruunaa-300x206.jpg 300w, http:\/\/www.ataciara.fi\/wp-content\/uploads\/2022\/10\/Ilvesvaaran-rekikoirat-Ruunaa.jpg 720w\" alt=\"\" width=\"283\" height=\"194\" \/><\/a><\/p>\n<p class=\"wp-caption-text\">Ruunaa Race Sohvi py\u00f6r\u00e4ss\u00e4, kuva Ilvesvaaran rekikoirat<\/p>\n<\/div>\n<div id=\"attachment_2362\" class=\"wp-caption alignleft\"><a href=\"http:\/\/www.ataciara.fi\/iina-tanninen\/\"><img decoding=\"async\" loading=\"lazy\" class=\"wp-image-2362 size-medium\" src=\"http:\/\/www.ataciara.fi\/wp-content\/uploads\/2022\/10\/Iina-Tanninen-300x200.jpg\" sizes=\"(max-width: 300px) 100vw, 300px\" srcset=\"http:\/\/www.ataciara.fi\/wp-content\/uploads\/2022\/10\/Iina-Tanninen-300x200.jpg 300w, http:\/\/www.ataciara.fi\/wp-content\/uploads\/2022\/10\/Iina-Tanninen-768x512.jpg 768w, http:\/\/www.ataciara.fi\/wp-content\/uploads\/2022\/10\/Iina-Tanninen.jpg 900w\" alt=\"\" width=\"300\" height=\"200\" \/><\/a><\/p>\n<p class=\"wp-caption-text\">Cosmo, kuva IIna Tanninen<\/p>\n<\/div>\n<div id=\"attachment_2363\" class=\"wp-caption alignright\"><a href=\"http:\/\/www.ataciara.fi\/iina-tanninen1\/\"><img decoding=\"async\" loading=\"lazy\" class=\"wp-image-2363 \" src=\"http:\/\/www.ataciara.fi\/wp-content\/uploads\/2022\/10\/Iina-Tanninen1-300x200.jpg\" sizes=\"(max-width: 269px) 100vw, 269px\" srcset=\"http:\/\/www.ataciara.fi\/wp-content\/uploads\/2022\/10\/Iina-Tanninen1-300x200.jpg 300w, http:\/\/www.ataciara.fi\/wp-content\/uploads\/2022\/10\/Iina-Tanninen1-768x512.jpg 768w, http:\/\/www.ataciara.fi\/wp-content\/uploads\/2022\/10\/Iina-Tanninen1-1024x683.jpg 1024w, http:\/\/www.ataciara.fi\/wp-content\/uploads\/2022\/10\/Iina-Tanninen1.jpg 1080w\" alt=\"\" width=\"269\" height=\"179\" \/><\/a><\/p>\n<p class=\"wp-caption-text\">Cosmo, Kuva Iina Tanninen<\/p>\n<\/div>\n<div id=\"attachment_2365\" class=\"wp-caption alignleft\"><a href=\"http:\/\/www.ataciara.fi\/kari-immonen\/\"><img decoding=\"async\" loading=\"lazy\" class=\"wp-image-2365 \" src=\"http:\/\/www.ataciara.fi\/wp-content\/uploads\/2022\/10\/Kari-Immonen-300x200.jpg\" sizes=\"(max-width: 272px) 100vw, 272px\" srcset=\"http:\/\/www.ataciara.fi\/wp-content\/uploads\/2022\/10\/Kari-Immonen-300x200.jpg 300w, http:\/\/www.ataciara.fi\/wp-content\/uploads\/2022\/10\/Kari-Immonen-768x511.jpg 768w, http:\/\/www.ataciara.fi\/wp-content\/uploads\/2022\/10\/Kari-Immonen.jpg 960w\" alt=\"\" width=\"272\" height=\"181\" \/><\/a><\/p>\n<p class=\"wp-caption-text\">Cosmo vauhdissa, Kuva Kari Immonen<\/p>\n<\/div>\n<div id=\"attachment_2360\" class=\"wp-caption alignleft\"><a href=\"http:\/\/www.ataciara.fi\/275605101_10216914105844309_8391396205779160805_n\/\"><img decoding=\"async\" loading=\"lazy\" class=\"wp-image-2360 size-medium\" src=\"http:\/\/www.ataciara.fi\/wp-content\/uploads\/2022\/10\/275605101_10216914105844309_8391396205779160805_n-246x300.jpg\" sizes=\"(max-width: 246px) 100vw, 246px\" srcset=\"http:\/\/www.ataciara.fi\/wp-content\/uploads\/2022\/10\/275605101_10216914105844309_8391396205779160805_n-246x300.jpg 246w, http:\/\/www.ataciara.fi\/wp-content\/uploads\/2022\/10\/275605101_10216914105844309_8391396205779160805_n-768x938.jpg 768w, http:\/\/www.ataciara.fi\/wp-content\/uploads\/2022\/10\/275605101_10216914105844309_8391396205779160805_n.jpg 773w\" alt=\"\" width=\"246\" height=\"300\" \/><\/a><\/p>\n<p class=\"wp-caption-text\">Cosmo johdossa<\/p>\n<\/div>\n<p><a href=\"http:\/\/www.ataciara.fi\/pentue-suunnitelmat-4\/img_7917\/\" rel=\"attachment wp-att-2385\"><img decoding=\"async\" loading=\"lazy\" class=\"alignnone size-medium wp-image-2385\" src=\"http:\/\/www.ataciara.fi\/wp-content\/uploads\/2020\/07\/IMG_7917-300x200.jpg\" sizes=\"(max-width: 300px) 100vw, 300px\" srcset=\"http:\/\/www.ataciara.fi\/wp-content\/uploads\/2020\/07\/IMG_7917-300x200.jpg 300w, http:\/\/www.ataciara.fi\/wp-content\/uploads\/2020\/07\/IMG_7917-768x512.jpg 768w, http:\/\/www.ataciara.fi\/wp-content\/uploads\/2020\/07\/IMG_7917-1024x683.jpg 1024w\" alt=\"\" width=\"300\" height=\"200\" \/><\/a><a href=\"http:\/\/www.ataciara.fi\/etusivu\/img_8079-2\/\" rel=\"attachment wp-att-2382\"><img decoding=\"async\" loading=\"lazy\" class=\"alignnone size-medium wp-image-2382\" src=\"http:\/\/www.ataciara.fi\/wp-content\/uploads\/2011\/11\/IMG_8079-2-300x200.jpg\" sizes=\"(max-width: 300px) 100vw, 300px\" srcset=\"http:\/\/www.ataciara.fi\/wp-content\/uploads\/2011\/11\/IMG_8079-2-300x200.jpg 300w, http:\/\/www.ataciara.fi\/wp-content\/uploads\/2011\/11\/IMG_8079-2-768x512.jpg 768w, http:\/\/www.ataciara.fi\/wp-content\/uploads\/2011\/11\/IMG_8079-2-1024x683.jpg 1024w\" alt=\"\" width=\"300\" height=\"200\" \/><\/a><a href=\"http:\/\/www.ataciara.fi\/pentue-suunnitelmat-4\/img_7999-2\/\" rel=\"attachment wp-att-2389\"><img decoding=\"async\" loading=\"lazy\" class=\"alignnone size-medium wp-image-2389\" src=\"http:\/\/www.ataciara.fi\/wp-content\/uploads\/2020\/07\/IMG_7999-300x200.jpg\" sizes=\"(max-width: 300px) 100vw, 300px\" srcset=\"http:\/\/www.ataciara.fi\/wp-content\/uploads\/2020\/07\/IMG_7999-300x200.jpg 300w, http:\/\/www.ataciara.fi\/wp-content\/uploads\/2020\/07\/IMG_7999-768x512.jpg 768w, http:\/\/www.ataciara.fi\/wp-content\/uploads\/2020\/07\/IMG_7999-1024x683.jpg 1024w\" alt=\"\" width=\"300\" height=\"200\" \/><\/a><a href=\"http:\/\/www.ataciara.fi\/pentue-suunnitelmat-4\/img_7954\/\" rel=\"attachment wp-att-2387\"><img decoding=\"async\" loading=\"lazy\" class=\"alignnone size-medium wp-image-2387\" src=\"http:\/\/www.ataciara.fi\/wp-content\/uploads\/2020\/07\/IMG_7954-300x200.jpg\" sizes=\"(max-width: 300px) 100vw, 300px\" srcset=\"http:\/\/www.ataciara.fi\/wp-content\/uploads\/2020\/07\/IMG_7954-300x200.jpg 300w, http:\/\/www.ataciara.fi\/wp-content\/uploads\/2020\/07\/IMG_7954-768x512.jpg 768w, http:\/\/www.ataciara.fi\/wp-content\/uploads\/2020\/07\/IMG_7954-1024x683.jpg 1024w\" alt=\"\" width=\"300\" height=\"200\" \/><\/a><a href=\"http:\/\/www.ataciara.fi\/pentue-suunnitelmat-4\/img_7999-2\/\" rel=\"attachment wp-att-2389\"><img decoding=\"async\" loading=\"lazy\" class=\"alignnone size-medium wp-image-2389\" src=\"http:\/\/www.ataciara.fi\/wp-content\/uploads\/2020\/07\/IMG_7999-300x200.jpg\" sizes=\"(max-width: 300px) 100vw, 300px\" srcset=\"http:\/\/www.ataciara.fi\/wp-content\/uploads\/2020\/07\/IMG_7999-300x200.jpg 300w, http:\/\/www.ataciara.fi\/wp-content\/uploads\/2020\/07\/IMG_7999-768x512.jpg 768w, http:\/\/www.ataciara.fi\/wp-content\/uploads\/2020\/07\/IMG_7999-1024x683.jpg 1024w\" alt=\"\" width=\"300\" height=\"200\" \/><\/a><\/p>\n","protected":false},"excerpt":{"rendered":"<p>Alaskanmalamuuttipentue syntynyt 28.10.2022, \u00a0 Neatut Ubuqtuq Amanga (Sohvi)\u00a0&amp;\u00a0Fi Mva Ataciara Nightcrawler (Cosmo) 2 urosta sek\u00e4 5 narttua, FI57904\/22\u00a0\u00a0\u00a0 uros\u00a0\u00a0\u00a0\u00a0\u00a0\u00a0\u00a0\u00a0\u00a0\u00a0\u00a0\u00a0\u00a0\u00a0\u00a0\u00a0\u00a0 ATACIARA STATUE OF ZEUS AT OLYMPIA &#8220;Ukko&#8221; FI57903\/22\u00a0\u00a0\u00a0 uros\u00a0\u00a0\u00a0\u00a0\u00a0\u00a0\u00a0\u00a0\u00a0\u00a0\u00a0\u00a0\u00a0\u00a0\u00a0\u00a0\u00a0 ATACIARA TEMPLE OF ARTEMIS &#8220;Sysi&#8221;, Manehtynyt 4kk ik\u00e4isen\u00e4 Maksan ja ruoansulatuskanavan sairaus-Suoliston &hellip; <a href=\"http:\/\/www.ataciara.fi\/?page_id=2409\">Continue reading <span class=\"meta-nav\">&rarr;<\/span><\/a><\/p>\n","protected":false},"author":2,"featured_media":0,"parent":0,"menu_order":0,"comment_status":"closed","ping_status":"closed","template":"","meta":[],"_links":{"self":[{"href":"http:\/\/www.ataciara.fi\/index.php?rest_route=\/wp\/v2\/pages\/2409"}],"collection":[{"href":"http:\/\/www.ataciara.fi\/index.php?rest_route=\/wp\/v2\/pages"}],"about":[{"href":"http:\/\/www.ataciara.fi\/index.php?rest_route=\/wp\/v2\/types\/page"}],"author":[{"embeddable":true,"href":"http:\/\/www.ataciara.fi\/index.php?rest_route=\/wp\/v2\/users\/2"}],"replies":[{"embeddable":true,"href":"http:\/\/www.ataciara.fi\/index.php?rest_route=%2Fwp%2Fv2%2Fcomments&post=2409"}],"version-history":[{"count":6,"href":"http:\/\/www.ataciara.fi\/index.php?rest_route=\/wp\/v2\/pages\/2409\/revisions"}],"predecessor-version":[{"id":2753,"href":"http:\/\/www.ataciara.fi\/index.php?rest_route=\/wp\/v2\/pages\/2409\/revisions\/2753"}],"wp:attachment":[{"href":"http:\/\/www.ataciara.fi\/index.php?rest_route=%2Fwp%2Fv2%2Fmedia&parent=2409"}],"curies":[{"name":"wp","href":"https:\/\/api.w.org\/{rel}","templated":true}]}}