{"id":2396,"date":"2022-12-18T14:53:31","date_gmt":"2022-12-18T12:53:31","guid":{"rendered":"http:\/\/www.ataciara.fi\/?page_id=2396"},"modified":"2025-02-18T16:33:37","modified_gmt":"2025-02-18T14:33:37","slug":"tarutuulten-delta-savel","status":"publish","type":"page","link":"http:\/\/www.ataciara.fi\/?page_id=2396","title":{"rendered":"Tarutuulten Delta (S\u00e4vel)"},"content":{"rendered":"\n<figure class=\"wp-block-image size-large\"><img decoding=\"async\" loading=\"lazy\" width=\"1024\" height=\"683\" src=\"http:\/\/www.ataciara.fi\/wp-content\/uploads\/2025\/02\/359760556_6613447695372055_2349516528778702544_n-1024x683.jpg\" alt=\"\" class=\"wp-image-2733\" srcset=\"http:\/\/www.ataciara.fi\/wp-content\/uploads\/2025\/02\/359760556_6613447695372055_2349516528778702544_n-1024x683.jpg 1024w, http:\/\/www.ataciara.fi\/wp-content\/uploads\/2025\/02\/359760556_6613447695372055_2349516528778702544_n-300x200.jpg 300w, http:\/\/www.ataciara.fi\/wp-content\/uploads\/2025\/02\/359760556_6613447695372055_2349516528778702544_n-768x512.jpg 768w, http:\/\/www.ataciara.fi\/wp-content\/uploads\/2025\/02\/359760556_6613447695372055_2349516528778702544_n.jpg 1080w\" sizes=\"(max-width: 1024px) 100vw, 1024px\" \/><\/figure>\n\n\n<ul>\n<li><strong>Rekisterinumero<\/strong>:&nbsp;ER55814\/22<\/li>\n<li><strong>Syntym\u00e4aika<\/strong>: 21.10.2022<\/li>\n<li><strong>V\u00e4ri<\/strong>:&nbsp;musta vaalein ja valkoisin merkein<\/li>\n<li><strong>Terveystulokset<\/strong>:<\/li>\n<li>Lonkat A\/A<\/li>\n<li>Kyyn\u00e4rp\u00e4\u00e4t 0\/0<\/li>\n<li>selk\u00e4 Ltv 0<\/li>\n<li>Silm\u00e4t terveet<\/li>\n<li>Polvilumpioluksaatio 0\/0<\/li>\n<li>olkanivelen osteokondroosi ei todettu\/ei todettu<\/li>\n<li>\n<div dir=\"auto\">prcd-PRA terve<\/div>\n<\/li>\n<li><strong>N\u00e4yttelyt<\/strong>: Nuo H<\/li>\n<li><strong>Tulokset<\/strong> Paim-T Hyv\u00e4ksytty<\/li>\n<\/ul>\n<p>S\u00e4vel <a href=\"https:\/\/jalostus.kennelliitto.fi\/frmKoira.aspx?RekNo=ER55814%2F22&amp;R=189\">jalostustietokannassa<\/a><\/p>\n<p>S\u00e4vel asuu Eerikan luona sijoituksessa Kennel Tarutuulten luota<\/p>","protected":false},"excerpt":{"rendered":"<p>Rekisterinumero:&nbsp;ER55814\/22 Syntym\u00e4aika: 21.10.2022 V\u00e4ri:&nbsp;musta vaalein ja valkoisin merkein Terveystulokset: Lonkat A\/A Kyyn\u00e4rp\u00e4\u00e4t 0\/0 selk\u00e4 Ltv 0 Silm\u00e4t terveet Polvilumpioluksaatio 0\/0 olkanivelen osteokondroosi ei todettu\/ei todettu prcd-PRA terve N\u00e4yttelyt: Nuo H Tulokset Paim-T Hyv\u00e4ksytty S\u00e4vel jalostustietokannassa S\u00e4vel asuu Eerikan luona sijoituksessa &hellip; <a href=\"http:\/\/www.ataciara.fi\/?page_id=2396\">Continue reading <span class=\"meta-nav\">&rarr;<\/span><\/a><\/p>\n","protected":false},"author":2,"featured_media":0,"parent":0,"menu_order":0,"comment_status":"closed","ping_status":"closed","template":"","meta":[],"_links":{"self":[{"href":"http:\/\/www.ataciara.fi\/index.php?rest_route=\/wp\/v2\/pages\/2396"}],"collection":[{"href":"http:\/\/www.ataciara.fi\/index.php?rest_route=\/wp\/v2\/pages"}],"about":[{"href":"http:\/\/www.ataciara.fi\/index.php?rest_route=\/wp\/v2\/types\/page"}],"author":[{"embeddable":true,"href":"http:\/\/www.ataciara.fi\/index.php?rest_route=\/wp\/v2\/users\/2"}],"replies":[{"embeddable":true,"href":"http:\/\/www.ataciara.fi\/index.php?rest_route=%2Fwp%2Fv2%2Fcomments&post=2396"}],"version-history":[{"count":6,"href":"http:\/\/www.ataciara.fi\/index.php?rest_route=\/wp\/v2\/pages\/2396\/revisions"}],"predecessor-version":[{"id":2734,"href":"http:\/\/www.ataciara.fi\/index.php?rest_route=\/wp\/v2\/pages\/2396\/revisions\/2734"}],"wp:attachment":[{"href":"http:\/\/www.ataciara.fi\/index.php?rest_route=%2Fwp%2Fv2%2Fmedia&parent=2396"}],"curies":[{"name":"wp","href":"https:\/\/api.w.org\/{rel}","templated":true}]}}