{"id":2394,"date":"2022-12-18T14:53:07","date_gmt":"2022-12-18T12:53:07","guid":{"rendered":"http:\/\/www.ataciara.fi\/?page_id=2394"},"modified":"2025-07-28T13:03:26","modified_gmt":"2025-07-28T10:03:26","slug":"ataciara-singing-in-the-rain","status":"publish","type":"page","link":"http:\/\/www.ataciara.fi\/?page_id=2394","title":{"rendered":"C.I.B-jun FI Mva EE Mva FI JMva LT JMva EE JMva Ataciara Singing in the Rain (Havu)"},"content":{"rendered":"\n<figure class=\"wp-block-image size-large is-resized\"><img decoding=\"async\" loading=\"lazy\" src=\"http:\/\/www.ataciara.fi\/wp-content\/uploads\/2025\/07\/707d7009-080b-4be6-b365-639aaefc2087-1024x819.jpg\" alt=\"\" class=\"wp-image-2774\" width=\"840\" height=\"671\" srcset=\"http:\/\/www.ataciara.fi\/wp-content\/uploads\/2025\/07\/707d7009-080b-4be6-b365-639aaefc2087-1024x819.jpg 1024w, http:\/\/www.ataciara.fi\/wp-content\/uploads\/2025\/07\/707d7009-080b-4be6-b365-639aaefc2087-300x240.jpg 300w, http:\/\/www.ataciara.fi\/wp-content\/uploads\/2025\/07\/707d7009-080b-4be6-b365-639aaefc2087-768x614.jpg 768w, http:\/\/www.ataciara.fi\/wp-content\/uploads\/2025\/07\/707d7009-080b-4be6-b365-639aaefc2087-1536x1229.jpg 1536w, http:\/\/www.ataciara.fi\/wp-content\/uploads\/2025\/07\/707d7009-080b-4be6-b365-639aaefc2087.jpg 2048w\" sizes=\"(max-width: 840px) 100vw, 840px\" \/><\/figure>\n\n\n\n<figure class=\"wp-block-image size-large\"><img decoding=\"async\" loading=\"lazy\" width=\"683\" height=\"1024\" src=\"http:\/\/www.ataciara.fi\/wp-content\/uploads\/2025\/02\/462378954_10221048605724222_8051387621183883220_n-683x1024.jpg\" alt=\"\" class=\"wp-image-2726\" srcset=\"http:\/\/www.ataciara.fi\/wp-content\/uploads\/2025\/02\/462378954_10221048605724222_8051387621183883220_n-683x1024.jpg 683w, http:\/\/www.ataciara.fi\/wp-content\/uploads\/2025\/02\/462378954_10221048605724222_8051387621183883220_n-200x300.jpg 200w, http:\/\/www.ataciara.fi\/wp-content\/uploads\/2025\/02\/462378954_10221048605724222_8051387621183883220_n-768x1152.jpg 768w, http:\/\/www.ataciara.fi\/wp-content\/uploads\/2025\/02\/462378954_10221048605724222_8051387621183883220_n-1024x1536.jpg 1024w, http:\/\/www.ataciara.fi\/wp-content\/uploads\/2025\/02\/462378954_10221048605724222_8051387621183883220_n.jpg 1365w\" sizes=\"(max-width: 683px) 100vw, 683px\" \/><\/figure>\n\n\n<p>\u00a0<\/p>\n<p><a href=\"http:\/\/www.ataciara.fi\/?attachment_id=2468\" rel=\"attachment wp-att-2468\"><img decoding=\"async\" loading=\"lazy\" class=\"alignnone size-medium wp-image-2468\" src=\"http:\/\/www.ataciara.fi\/wp-content\/uploads\/2023\/07\/2023-07-08Parnupodium105936-300x300.jpg\" alt=\"\" width=\"300\" height=\"300\" srcset=\"http:\/\/www.ataciara.fi\/wp-content\/uploads\/2023\/07\/2023-07-08Parnupodium105936-300x300.jpg 300w, http:\/\/www.ataciara.fi\/wp-content\/uploads\/2023\/07\/2023-07-08Parnupodium105936-1024x1024.jpg 1024w, http:\/\/www.ataciara.fi\/wp-content\/uploads\/2023\/07\/2023-07-08Parnupodium105936-150x150.jpg 150w, http:\/\/www.ataciara.fi\/wp-content\/uploads\/2023\/07\/2023-07-08Parnupodium105936-768x768.jpg 768w, http:\/\/www.ataciara.fi\/wp-content\/uploads\/2023\/07\/2023-07-08Parnupodium105936-1536x1536.jpg 1536w, http:\/\/www.ataciara.fi\/wp-content\/uploads\/2023\/07\/2023-07-08Parnupodium105936.jpg 2048w\" sizes=\"(max-width: 300px) 100vw, 300px\" \/><\/a><\/p>\n<ul>\n<li><strong>Rekisterinumero<\/strong>:FI51750\/22<\/li>\n<li><strong>Syntym\u00e4aika<\/strong>:18.9.2022<\/li>\n<li><strong>V\u00e4ri<\/strong>: Musta<\/li>\n<li><strong>Terveystulokset<\/strong>:\n<ul>\n<li>prcd-PRA &#8211; PCR N\/N (A) Terve ei kantaja<\/li>\n<li>Silm\u00e4t ok<\/li>\n<li>Polvet 0\/0<\/li>\n<li>Lonkat A\/A<\/li>\n<li>Kyyn\u00e4rp\u00e4\u00e4t 0\/0<\/li>\n<\/ul>\n<\/li>\n<li><strong>N\u00e4yttelyt: <\/strong>C.I.B-jun FI Mva EE Mva FI JMva LT JMva EE JMva<\/li>\n<li><strong>Tulokset<\/strong>: Paim-t Hyv\u00e4ksytty<\/li>\n<\/ul>","protected":false},"excerpt":{"rendered":"<p>\u00a0 Rekisterinumero:FI51750\/22 Syntym\u00e4aika:18.9.2022 V\u00e4ri: Musta Terveystulokset: prcd-PRA &#8211; PCR N\/N (A) Terve ei kantaja Silm\u00e4t ok Polvet 0\/0 Lonkat A\/A Kyyn\u00e4rp\u00e4\u00e4t 0\/0 N\u00e4yttelyt: C.I.B-jun FI Mva EE Mva FI JMva LT JMva EE JMva Tulokset: Paim-t Hyv\u00e4ksytty<\/p>\n","protected":false},"author":2,"featured_media":0,"parent":0,"menu_order":0,"comment_status":"closed","ping_status":"closed","template":"","meta":[],"_links":{"self":[{"href":"http:\/\/www.ataciara.fi\/index.php?rest_route=\/wp\/v2\/pages\/2394"}],"collection":[{"href":"http:\/\/www.ataciara.fi\/index.php?rest_route=\/wp\/v2\/pages"}],"about":[{"href":"http:\/\/www.ataciara.fi\/index.php?rest_route=\/wp\/v2\/types\/page"}],"author":[{"embeddable":true,"href":"http:\/\/www.ataciara.fi\/index.php?rest_route=\/wp\/v2\/users\/2"}],"replies":[{"embeddable":true,"href":"http:\/\/www.ataciara.fi\/index.php?rest_route=%2Fwp%2Fv2%2Fcomments&post=2394"}],"version-history":[{"count":16,"href":"http:\/\/www.ataciara.fi\/index.php?rest_route=\/wp\/v2\/pages\/2394\/revisions"}],"predecessor-version":[{"id":2777,"href":"http:\/\/www.ataciara.fi\/index.php?rest_route=\/wp\/v2\/pages\/2394\/revisions\/2777"}],"wp:attachment":[{"href":"http:\/\/www.ataciara.fi\/index.php?rest_route=%2Fwp%2Fv2%2Fmedia&parent=2394"}],"curies":[{"name":"wp","href":"https:\/\/api.w.org\/{rel}","templated":true}]}}