{"id":2329,"date":"2022-07-22T08:09:38","date_gmt":"2022-07-22T05:09:38","guid":{"rendered":"http:\/\/www.ataciara.fi\/?page_id=2329"},"modified":"2024-08-13T14:55:08","modified_gmt":"2024-08-13T11:55:08","slug":"am-j-karjalainen-pentue","status":"publish","type":"page","link":"http:\/\/www.ataciara.fi\/?page_id=2329","title":{"rendered":"Am J.Karjalainen-pentue"},"content":{"rendered":"<p>Em\u00e4n\u00e4\u00a0<a href=\"http:\/\/www.ataciara.fi\/ataciara-psylocke-lumo\/\">Ataciara Psylocke \u201d<\/a>Lumo\u201d<\/p>\n<p>Is\u00e4n\u00e4\u00a0<a href=\"https:\/\/jalostus.kennelliitto.fi\/frmKoira.aspx?RekNo=FI19680%2F19&amp;R=243\">Fi Mva Wintercoats Maximize<\/a>\u201dAiko\u201d<\/p>\n<p><img decoding=\"async\" loading=\"lazy\" class=\"wp-image-2274\" src=\"http:\/\/www.ataciara.fi\/wp-content\/uploads\/2020\/07\/da3fecd0-d0d9-4d92-939e-8bfe6f83a7f5-2-300x276.jpg\" sizes=\"(max-width: 253px) 100vw, 253px\" srcset=\"http:\/\/www.ataciara.fi\/wp-content\/uploads\/2020\/07\/da3fecd0-d0d9-4d92-939e-8bfe6f83a7f5-2-300x276.jpg 300w, http:\/\/www.ataciara.fi\/wp-content\/uploads\/2020\/07\/da3fecd0-d0d9-4d92-939e-8bfe6f83a7f5-2.jpg 586w\" alt=\"\" width=\"253\" height=\"232\" \/><a href=\"http:\/\/www.ataciara.fi\/pentue-suunnitelmat-4\/img_7467-2kopio\/\" rel=\"attachment wp-att-2276\"><img decoding=\"async\" loading=\"lazy\" class=\"alignright wp-image-2276\" src=\"http:\/\/www.ataciara.fi\/wp-content\/uploads\/2020\/07\/IMG_7467-2kopio-300x232.jpg\" sizes=\"(max-width: 287px) 100vw, 287px\" srcset=\"http:\/\/www.ataciara.fi\/wp-content\/uploads\/2020\/07\/IMG_7467-2kopio-300x232.jpg 300w, http:\/\/www.ataciara.fi\/wp-content\/uploads\/2020\/07\/IMG_7467-2kopio-768x594.jpg 768w, http:\/\/www.ataciara.fi\/wp-content\/uploads\/2020\/07\/IMG_7467-2kopio-1024x791.jpg 1024w\" alt=\"\" width=\"287\" height=\"222\" \/><\/a><\/p>\n<div id=\"attachment_2296\" class=\"wp-caption alignleft\">\n<p><a href=\"http:\/\/www.ataciara.fi\/pentue-suunnitelmat-4\/271101848_1763280483869102_7762478140788884922_n-2\/\" rel=\"attachment wp-att-2296\"><img decoding=\"async\" loading=\"lazy\" class=\"wp-image-2296 size-medium\" src=\"http:\/\/www.ataciara.fi\/wp-content\/uploads\/2020\/07\/271101848_1763280483869102_7762478140788884922_n-2-235x300.jpg\" sizes=\"(max-width: 235px) 100vw, 235px\" srcset=\"http:\/\/www.ataciara.fi\/wp-content\/uploads\/2020\/07\/271101848_1763280483869102_7762478140788884922_n-2-235x300.jpg 235w, http:\/\/www.ataciara.fi\/wp-content\/uploads\/2020\/07\/271101848_1763280483869102_7762478140788884922_n-2.jpg 518w\" alt=\"\" width=\"235\" height=\"300\" \/><\/a><\/p>\n<p class=\"wp-caption-text\">Ataciara Psylocke \u201dLumo\u201d Lonkat: B\/B Kyyn\u00e4rp\u00e4\u00e4t 0\/0 Selk\u00e4 LTV1, SP0 Silm\u00e4t: ok Pn testi: Normal Turkki: Ei kantaja sert<\/p>\n<\/div>\n<div id=\"attachment_2279\" class=\"wp-caption alignright\">\n<p><a href=\"http:\/\/www.ataciara.fi\/pentue-suunnitelmat-4\/img_8335kopio\/\" rel=\"attachment wp-att-2279\"><img decoding=\"async\" loading=\"lazy\" class=\"wp-image-2279 size-medium\" src=\"http:\/\/www.ataciara.fi\/wp-content\/uploads\/2020\/07\/IMG_8335kopio-225x300.jpg\" sizes=\"(max-width: 225px) 100vw, 225px\" srcset=\"http:\/\/www.ataciara.fi\/wp-content\/uploads\/2020\/07\/IMG_8335kopio-225x300.jpg 225w, http:\/\/www.ataciara.fi\/wp-content\/uploads\/2020\/07\/IMG_8335kopio-768x1024.jpg 768w, http:\/\/www.ataciara.fi\/wp-content\/uploads\/2020\/07\/IMG_8335kopio.jpg 1254w\" alt=\"\" width=\"225\" height=\"300\" \/><\/a><\/p>\n<p class=\"wp-caption-text\">Fi Mva Wintercoats Maximize\u201dAiko\u201d Lonkat: A\/A Kyyn\u00e4rp\u00e4\u00e4t 0\/0 Selk\u00e4 LTV0 Silm\u00e4t: ok Pn testi: Normal Turkki: kantaja Rek 1 SP ja Rek 2 MD<\/p>\n<\/div>\n<p>FI36533\/22\u00a0\u00a0\u00a0 uros\u00a0\u00a0\u00a0\u00a0\u00a0\u00a0\u00a0\u00a0\u00a0\u00a0\u00a0\u00a0\u00a0\u00a0\u00a0\u00a0\u00a0 ATACIARA MYRSKYP\u00c4\u00c4SKY<\/p>\n<p>FI36532\/22\u00a0\u00a0\u00a0 uros\u00a0\u00a0\u00a0\u00a0\u00a0\u00a0\u00a0\u00a0\u00a0\u00a0\u00a0\u00a0\u00a0\u00a0\u00a0\u00a0\u00a0 FI JMVA ATACIARA MYRSKYTUULI<\/p>\n<p>FI36535\/22\u00a0\u00a0\u00a0 narttu\u00a0\u00a0\u00a0\u00a0\u00a0\u00a0\u00a0\u00a0\u00a0\u00a0\u00a0\u00a0\u00a0\u00a0 ATACIARA SATEEN S\u00c4VELI\u00c4<\/p>\n<p>FI36534\/22\u00a0\u00a0\u00a0 narttu\u00a0\u00a0\u00a0\u00a0\u00a0\u00a0\u00a0\u00a0\u00a0\u00a0\u00a0\u00a0\u00a0\u00a0 ATACIARA TUULENTYTT\u00d6<\/p>\n<p>FI36536\/22\u00a0\u00a0\u00a0 narttu\u00a0\u00a0\u00a0\u00a0\u00a0\u00a0\u00a0\u00a0\u00a0\u00a0\u00a0\u00a0\u00a0\u00a0 FI MVA ATACIARA T\u00c4HDENLENTO<\/p>\n<p>FI36537\/22\u00a0\u00a0\u00a0 narttu\u00a0\u00a0\u00a0\u00a0\u00a0\u00a0\u00a0\u00a0\u00a0\u00a0\u00a0\u00a0\u00a0\u00a0 ATACIARA VAKAVA KUU<\/p>\n<p>Molemmat vanhemmat ty\u00f6skentelev\u00e4t valjakossa aktiivisesti. Ovat yst\u00e4v\u00e4llisi\u00e4 kaikille ihmisille ja omaavat terveen rakenteen sek\u00e4 erinomaiset terveystulokset sek\u00e4 hyvin tutkitun suvun.<\/p>\n<p>Lumo ty\u00f6skentelee omassa valjakossamme p\u00e4\u00e4asiassa johdossa. Lumo on sitke\u00e4 ty\u00f6skentelij\u00e4 samoin kun em\u00e4ns\u00e4 Ronja ja Em\u00e4n em\u00e4 Manta. Aiko on osallistunut loistavalla menestyksell\u00e4 eri pituisiin kilpailuihin.<\/p>\n","protected":false},"excerpt":{"rendered":"<p>Em\u00e4n\u00e4\u00a0Ataciara Psylocke \u201dLumo\u201d Is\u00e4n\u00e4\u00a0Fi Mva Wintercoats Maximize\u201dAiko\u201d Ataciara Psylocke \u201dLumo\u201d Lonkat: B\/B Kyyn\u00e4rp\u00e4\u00e4t 0\/0 Selk\u00e4 LTV1, SP0 Silm\u00e4t: ok Pn testi: Normal Turkki: Ei kantaja sert Fi Mva Wintercoats Maximize\u201dAiko\u201d Lonkat: A\/A Kyyn\u00e4rp\u00e4\u00e4t 0\/0 Selk\u00e4 LTV0 Silm\u00e4t: ok Pn testi: &hellip; <a href=\"http:\/\/www.ataciara.fi\/?page_id=2329\">Continue reading <span class=\"meta-nav\">&rarr;<\/span><\/a><\/p>\n","protected":false},"author":2,"featured_media":0,"parent":0,"menu_order":0,"comment_status":"closed","ping_status":"closed","template":"","meta":[],"_links":{"self":[{"href":"http:\/\/www.ataciara.fi\/index.php?rest_route=\/wp\/v2\/pages\/2329"}],"collection":[{"href":"http:\/\/www.ataciara.fi\/index.php?rest_route=\/wp\/v2\/pages"}],"about":[{"href":"http:\/\/www.ataciara.fi\/index.php?rest_route=\/wp\/v2\/types\/page"}],"author":[{"embeddable":true,"href":"http:\/\/www.ataciara.fi\/index.php?rest_route=\/wp\/v2\/users\/2"}],"replies":[{"embeddable":true,"href":"http:\/\/www.ataciara.fi\/index.php?rest_route=%2Fwp%2Fv2%2Fcomments&post=2329"}],"version-history":[{"count":4,"href":"http:\/\/www.ataciara.fi\/index.php?rest_route=\/wp\/v2\/pages\/2329\/revisions"}],"predecessor-version":[{"id":2591,"href":"http:\/\/www.ataciara.fi\/index.php?rest_route=\/wp\/v2\/pages\/2329\/revisions\/2591"}],"wp:attachment":[{"href":"http:\/\/www.ataciara.fi\/index.php?rest_route=%2Fwp%2Fv2%2Fmedia&parent=2329"}],"curies":[{"name":"wp","href":"https:\/\/api.w.org\/{rel}","templated":true}]}}