{"id":228,"date":"2011-12-03T18:14:57","date_gmt":"2011-12-03T16:14:57","guid":{"rendered":"http:\/\/www.ataciara.fi\/?page_id=228"},"modified":"2013-07-06T09:49:41","modified_gmt":"2013-07-06T06:49:41","slug":"agility","status":"publish","type":"page","link":"http:\/\/www.ataciara.fi\/?page_id=228","title":{"rendered":"Agility"},"content":{"rendered":"<div style=\"width: 310px\" class=\"wp-caption alignright\"><a href=\"http:\/\/www.ataciara.fi\/?attachment_id=136\" rel=\"attachment wp-att-136\"><img decoding=\"async\" loading=\"lazy\" title=\"Unna puomilla\" alt=\"\" src=\"http:\/\/www.ataciara.fi\/wp-content\/uploads\/2011\/11\/Alma-syysp%C3%A4iv%C3%A4t-106-300x200.jpg\" width=\"300\" height=\"200\" \/><\/a><p class=\"wp-caption-text\">Unna puomilla<\/p><\/div>\n<p>&nbsp;<\/p>\n<p style=\"text-align: justify;\">Lapinkoirien kanssa olemme harrastaneet agility\u00e4 omaksi iloksemme. Kilpailut rajoittuvat toistaiseksi vain m\u00f6lli kisoihin.<\/p>\n<p style=\"text-align: justify;\">Unna on agility esteill\u00e4 varma, virheit\u00e4 tulee harvoin. Unna ottaa esteet varmasti, nopeutta pyrimme lis\u00e4\u00e4m\u00e4\u00e4n viel\u00e4.<\/p>\n<p>&nbsp;<\/p>\n<div style=\"width: 310px\" class=\"wp-caption alignleft\"><a href=\"http:\/\/www.ataciara.fi\/?attachment_id=138\" rel=\"attachment wp-att-138\"><img decoding=\"async\" loading=\"lazy\" title=\"Halla ja A\" alt=\"\" src=\"http:\/\/www.ataciara.fi\/wp-content\/uploads\/2011\/11\/Alma-syysp%C3%A4iv%C3%A4t-153-300x200.jpg\" width=\"300\" height=\"200\" \/><\/a><p class=\"wp-caption-text\">Halla A-esteell\u00e4<\/p><\/div>\n<p style=\"text-align: justify;\">Halla taas on nopeampi, mutta saattaa kesken kaiken saada p\u00e4\u00e4h\u00e4ns\u00e4 ihan mit\u00e4 vain, jolloin suorittelee esteit\u00e4 innokkaasti, mutta oman suunnitelmansa mukaisesti.<\/p>\n<p>&nbsp;<\/p>\n<div id=\"attachment_961\" style=\"width: 310px\" class=\"wp-caption alignleft\"><a href=\"http:\/\/www.ataciara.fi\/?attachment_id=961\" rel=\"attachment wp-att-961\"><img aria-describedby=\"caption-attachment-961\" decoding=\"async\" loading=\"lazy\" class=\"size-medium wp-image-961\" alt=\"Tiitu pituus-esteell\u00e4\" src=\"http:\/\/www.ataciara.fi\/wp-content\/uploads\/2011\/12\/agi-300x200.jpg\" width=\"300\" height=\"200\" srcset=\"http:\/\/www.ataciara.fi\/wp-content\/uploads\/2011\/12\/agi-300x200.jpg 300w, http:\/\/www.ataciara.fi\/wp-content\/uploads\/2011\/12\/agi.jpg 1024w\" sizes=\"(max-width: 300px) 100vw, 300px\" \/><\/a><p id=\"caption-attachment-961\" class=\"wp-caption-text\">Tiitu pituus-esteell\u00e4<\/p><\/div>\n<p>&nbsp;<\/p>\n<p>&nbsp;<\/p>\n<p>Tiitu on aloittanut agilityn treenaamisen loistavasti. Tiitu suhtautuu kaikkiin Pauliinan antamiin teht\u00e4viin innolla.<\/p>\n<div id=\"attachment_962\" style=\"width: 310px\" class=\"wp-caption alignright\"><a href=\"http:\/\/www.ataciara.fi\/?attachment_id=962\" rel=\"attachment wp-att-962\"><img aria-describedby=\"caption-attachment-962\" decoding=\"async\" loading=\"lazy\" class=\"size-medium wp-image-962\" alt=\"Tiitu Puomilla\" src=\"http:\/\/www.ataciara.fi\/wp-content\/uploads\/2011\/12\/alas-300x200.jpg\" width=\"300\" height=\"200\" srcset=\"http:\/\/www.ataciara.fi\/wp-content\/uploads\/2011\/12\/alas-300x200.jpg 300w, http:\/\/www.ataciara.fi\/wp-content\/uploads\/2011\/12\/alas.jpg 1024w\" sizes=\"(max-width: 300px) 100vw, 300px\" \/><\/a><p id=\"caption-attachment-962\" class=\"wp-caption-text\">Tiitu Puomilla<\/p><\/div>\n<p>&nbsp;<\/p>\n<p>&nbsp;<\/p>\n<p>&nbsp;<\/p>\n<p>&nbsp;<\/p>\n<p>&nbsp;<\/p>\n<p>&nbsp;<\/p>\n<p>&nbsp;<\/p>\n<div id=\"attachment_879\" style=\"width: 310px\" class=\"wp-caption alignleft\"><a href=\"http:\/\/www.ataciara.fi\/?attachment_id=879\" rel=\"attachment wp-att-879\"><img aria-describedby=\"caption-attachment-879\" decoding=\"async\" loading=\"lazy\" class=\"size-medium wp-image-879\" alt=\"Ukko hypp\u00e4\u00e4 kotipihalla\" src=\"http:\/\/www.ataciara.fi\/wp-content\/uploads\/2011\/12\/ukko-hypp\u00e4\u00e4-300x200.jpg\" width=\"300\" height=\"200\" srcset=\"http:\/\/www.ataciara.fi\/wp-content\/uploads\/2011\/12\/ukko-hypp\u00e4\u00e4-300x200.jpg 300w, http:\/\/www.ataciara.fi\/wp-content\/uploads\/2011\/12\/ukko-hypp\u00e4\u00e4.jpg 1024w\" sizes=\"(max-width: 300px) 100vw, 300px\" \/><\/a><p id=\"caption-attachment-879\" class=\"wp-caption-text\">Ukko hypp\u00e4\u00e4 kotipihalla<\/p><\/div>\n<p>&nbsp;<\/p>\n","protected":false},"excerpt":{"rendered":"<p>&nbsp; Lapinkoirien kanssa olemme harrastaneet agility\u00e4 omaksi iloksemme. Kilpailut rajoittuvat toistaiseksi vain m\u00f6lli kisoihin. Unna on agility esteill\u00e4 varma, virheit\u00e4 tulee harvoin. Unna ottaa esteet varmasti, nopeutta pyrimme lis\u00e4\u00e4m\u00e4\u00e4n viel\u00e4. &nbsp; Halla taas on nopeampi, mutta saattaa kesken kaiken saada &hellip; <a href=\"http:\/\/www.ataciara.fi\/?page_id=228\">Continue reading <span class=\"meta-nav\">&rarr;<\/span><\/a><\/p>\n","protected":false},"author":3,"featured_media":0,"parent":110,"menu_order":0,"comment_status":"closed","ping_status":"open","template":"","meta":[],"_links":{"self":[{"href":"http:\/\/www.ataciara.fi\/index.php?rest_route=\/wp\/v2\/pages\/228"}],"collection":[{"href":"http:\/\/www.ataciara.fi\/index.php?rest_route=\/wp\/v2\/pages"}],"about":[{"href":"http:\/\/www.ataciara.fi\/index.php?rest_route=\/wp\/v2\/types\/page"}],"author":[{"embeddable":true,"href":"http:\/\/www.ataciara.fi\/index.php?rest_route=\/wp\/v2\/users\/3"}],"replies":[{"embeddable":true,"href":"http:\/\/www.ataciara.fi\/index.php?rest_route=%2Fwp%2Fv2%2Fcomments&post=228"}],"version-history":[{"count":19,"href":"http:\/\/www.ataciara.fi\/index.php?rest_route=\/wp\/v2\/pages\/228\/revisions"}],"predecessor-version":[{"id":233,"href":"http:\/\/www.ataciara.fi\/index.php?rest_route=\/wp\/v2\/pages\/228\/revisions\/233"}],"up":[{"embeddable":true,"href":"http:\/\/www.ataciara.fi\/index.php?rest_route=\/wp\/v2\/pages\/110"}],"wp:attachment":[{"href":"http:\/\/www.ataciara.fi\/index.php?rest_route=%2Fwp%2Fv2%2Fmedia&parent=228"}],"curies":[{"name":"wp","href":"https:\/\/api.w.org\/{rel}","templated":true}]}}