{"id":1912,"date":"2019-05-12T17:42:02","date_gmt":"2019-05-12T14:42:02","guid":{"rendered":"http:\/\/www.ataciara.fi\/?page_id=1912"},"modified":"2020-08-20T07:58:13","modified_gmt":"2020-08-20T04:58:13","slug":"pentue-suunnitelmat-3","status":"publish","type":"page","link":"http:\/\/www.ataciara.fi\/?page_id=1912","title":{"rendered":"am. Eino Leino pentue"},"content":{"rendered":"<p>Syntynyt 3.7.2020 kuusi urosta ja yksi narttu.<\/p>\n<div id=\"attachment_2077\" style=\"width: 310px\" class=\"wp-caption alignleft\"><a href=\"http:\/\/www.ataciara.fi\/pentue-suunnitelmat-3\/aurinkolaulu1\/\" rel=\"attachment wp-att-2077\"><img aria-describedby=\"caption-attachment-2077\" decoding=\"async\" loading=\"lazy\" class=\"size-medium wp-image-2077\" src=\"http:\/\/www.ataciara.fi\/wp-content\/uploads\/2019\/05\/aurinkolaulu1-300x200.jpg\" alt=\"\" width=\"300\" height=\"200\" srcset=\"http:\/\/www.ataciara.fi\/wp-content\/uploads\/2019\/05\/aurinkolaulu1-300x200.jpg 300w, http:\/\/www.ataciara.fi\/wp-content\/uploads\/2019\/05\/aurinkolaulu1-768x512.jpg 768w, http:\/\/www.ataciara.fi\/wp-content\/uploads\/2019\/05\/aurinkolaulu1-1024x683.jpg 1024w, http:\/\/www.ataciara.fi\/wp-content\/uploads\/2019\/05\/aurinkolaulu1.jpg 2048w\" sizes=\"(max-width: 300px) 100vw, 300px\" \/><\/a><p id=\"caption-attachment-2077\" class=\"wp-caption-text\">Ataciara Aurinkolaulu &#8220;Lumi&#8221;<\/p><\/div>\n<p>&nbsp;<\/p>\n<p>&nbsp;<\/p>\n<p>&nbsp;<\/p>\n<p>&nbsp;<\/p>\n<div id=\"attachment_2083\" style=\"width: 310px\" class=\"wp-caption alignright\"><a href=\"http:\/\/www.ataciara.fi\/pentue-suunnitelmat-3\/myrskymielella1\/\" rel=\"attachment wp-att-2083\"><img aria-describedby=\"caption-attachment-2083\" decoding=\"async\" loading=\"lazy\" class=\"size-medium wp-image-2083\" src=\"http:\/\/www.ataciara.fi\/wp-content\/uploads\/2019\/05\/myrskymielell\u00e41-300x200.jpg\" alt=\"\" width=\"300\" height=\"200\" srcset=\"http:\/\/www.ataciara.fi\/wp-content\/uploads\/2019\/05\/myrskymielell\u00e41-300x200.jpg 300w, http:\/\/www.ataciara.fi\/wp-content\/uploads\/2019\/05\/myrskymielell\u00e41-768x512.jpg 768w, http:\/\/www.ataciara.fi\/wp-content\/uploads\/2019\/05\/myrskymielell\u00e41-1024x683.jpg 1024w, http:\/\/www.ataciara.fi\/wp-content\/uploads\/2019\/05\/myrskymielell\u00e41.jpg 2048w\" sizes=\"(max-width: 300px) 100vw, 300px\" \/><\/a><p id=\"caption-attachment-2083\" class=\"wp-caption-text\">Ataciara Myrskymielell\u00e4 &#8220;Armas&#8221;<\/p><\/div>\n<p>&nbsp;<\/p>\n<p>&nbsp;<\/p>\n<p>&nbsp;<\/p>\n<p>&nbsp;<\/p>\n<p>&nbsp;<\/p>\n<p>&nbsp;<\/p>\n<p>&nbsp;<\/p>\n<div id=\"attachment_2089\" style=\"width: 310px\" class=\"wp-caption alignleft\"><a href=\"http:\/\/www.ataciara.fi\/pentue-suunnitelmat-3\/yon-savel1\/\" rel=\"attachment wp-att-2089\"><img aria-describedby=\"caption-attachment-2089\" decoding=\"async\" loading=\"lazy\" class=\"size-medium wp-image-2089\" src=\"http:\/\/www.ataciara.fi\/wp-content\/uploads\/2019\/05\/y\u00f6n-s\u00e4vel1-300x200.jpg\" alt=\"\" width=\"300\" height=\"200\" srcset=\"http:\/\/www.ataciara.fi\/wp-content\/uploads\/2019\/05\/y\u00f6n-s\u00e4vel1-300x200.jpg 300w, http:\/\/www.ataciara.fi\/wp-content\/uploads\/2019\/05\/y\u00f6n-s\u00e4vel1-768x512.jpg 768w, http:\/\/www.ataciara.fi\/wp-content\/uploads\/2019\/05\/y\u00f6n-s\u00e4vel1-1024x683.jpg 1024w, http:\/\/www.ataciara.fi\/wp-content\/uploads\/2019\/05\/y\u00f6n-s\u00e4vel1.jpg 2048w\" sizes=\"(max-width: 300px) 100vw, 300px\" \/><\/a><p id=\"caption-attachment-2089\" class=\"wp-caption-text\">Ataciara Y\u00f6n S\u00e4vel<\/p><\/div>\n<p>&nbsp;<\/p>\n<p>&nbsp;<\/p>\n<div id=\"attachment_2087\" style=\"width: 310px\" class=\"wp-caption alignright\"><a href=\"http:\/\/www.ataciara.fi\/pentue-suunnitelmat-3\/talventaika1\/\" rel=\"attachment wp-att-2087\"><img aria-describedby=\"caption-attachment-2087\" decoding=\"async\" loading=\"lazy\" class=\"size-medium wp-image-2087\" src=\"http:\/\/www.ataciara.fi\/wp-content\/uploads\/2019\/05\/talventaika1-300x200.jpg\" alt=\"\" width=\"300\" height=\"200\" srcset=\"http:\/\/www.ataciara.fi\/wp-content\/uploads\/2019\/05\/talventaika1-300x200.jpg 300w, http:\/\/www.ataciara.fi\/wp-content\/uploads\/2019\/05\/talventaika1-768x512.jpg 768w, http:\/\/www.ataciara.fi\/wp-content\/uploads\/2019\/05\/talventaika1-1024x683.jpg 1024w, http:\/\/www.ataciara.fi\/wp-content\/uploads\/2019\/05\/talventaika1.jpg 2048w\" sizes=\"(max-width: 300px) 100vw, 300px\" \/><\/a><p id=\"caption-attachment-2087\" class=\"wp-caption-text\">Ataciara Talven Taika<\/p><\/div>\n<p>&nbsp;<\/p>\n<div id=\"attachment_2079\" style=\"width: 310px\" class=\"wp-caption alignleft\"><a href=\"http:\/\/www.ataciara.fi\/pentue-suunnitelmat-3\/hymni-tulelle1\/\" rel=\"attachment wp-att-2079\"><img aria-describedby=\"caption-attachment-2079\" decoding=\"async\" loading=\"lazy\" class=\"size-medium wp-image-2079\" src=\"http:\/\/www.ataciara.fi\/wp-content\/uploads\/2019\/05\/Hymni-tulelle1-300x200.jpg\" alt=\"\" width=\"300\" height=\"200\" srcset=\"http:\/\/www.ataciara.fi\/wp-content\/uploads\/2019\/05\/Hymni-tulelle1-300x200.jpg 300w, http:\/\/www.ataciara.fi\/wp-content\/uploads\/2019\/05\/Hymni-tulelle1-768x512.jpg 768w, http:\/\/www.ataciara.fi\/wp-content\/uploads\/2019\/05\/Hymni-tulelle1-1024x683.jpg 1024w, http:\/\/www.ataciara.fi\/wp-content\/uploads\/2019\/05\/Hymni-tulelle1.jpg 2048w\" sizes=\"(max-width: 300px) 100vw, 300px\" \/><\/a><p id=\"caption-attachment-2079\" class=\"wp-caption-text\">Ataciara Hymni Tulelle<\/p><\/div>\n<p>&nbsp;<\/p>\n<div id=\"attachment_2081\" style=\"width: 310px\" class=\"wp-caption alignright\"><a href=\"http:\/\/www.ataciara.fi\/pentue-suunnitelmat-3\/lapinkesa1\/\" rel=\"attachment wp-att-2081\"><img aria-describedby=\"caption-attachment-2081\" decoding=\"async\" loading=\"lazy\" class=\"size-medium wp-image-2081\" src=\"http:\/\/www.ataciara.fi\/wp-content\/uploads\/2019\/05\/lapinkes\u00e41-300x200.jpg\" alt=\"\" width=\"300\" height=\"200\" srcset=\"http:\/\/www.ataciara.fi\/wp-content\/uploads\/2019\/05\/lapinkes\u00e41-300x200.jpg 300w, http:\/\/www.ataciara.fi\/wp-content\/uploads\/2019\/05\/lapinkes\u00e41-768x512.jpg 768w, http:\/\/www.ataciara.fi\/wp-content\/uploads\/2019\/05\/lapinkes\u00e41-1024x683.jpg 1024w, http:\/\/www.ataciara.fi\/wp-content\/uploads\/2019\/05\/lapinkes\u00e41.jpg 2048w\" sizes=\"(max-width: 300px) 100vw, 300px\" \/><\/a><p id=\"caption-attachment-2081\" class=\"wp-caption-text\">Ataciara Lapin Kes\u00e4<\/p><\/div>\n<p>&nbsp;<\/p>\n<p>&nbsp;<\/p>\n<p>&nbsp;<\/p>\n<p>&nbsp;<\/p>\n<p>&nbsp;<\/p>\n<p>&nbsp;<\/p>\n<p>&nbsp;<\/p>\n<p>&nbsp;<\/p>\n<p>&nbsp;<\/p>\n<p>&nbsp;<\/p>\n<p>&nbsp;<\/p>\n<p>&nbsp;<\/p>\n<p>&nbsp;<\/p>\n<p>&nbsp;<\/p>\n<p>&nbsp;<\/p>\n<p>&nbsp;<\/p>\n<p>&nbsp;<\/p>\n<p>&nbsp;<\/p>\n<p>&nbsp;<\/p>\n<p>&nbsp;<\/p>\n<div id=\"attachment_2085\" style=\"width: 310px\" class=\"wp-caption alignleft\"><a href=\"http:\/\/www.ataciara.fi\/pentue-suunnitelmat-3\/nocturne1\/\" rel=\"attachment wp-att-2085\"><img aria-describedby=\"caption-attachment-2085\" decoding=\"async\" loading=\"lazy\" class=\"size-medium wp-image-2085\" src=\"http:\/\/www.ataciara.fi\/wp-content\/uploads\/2019\/05\/nocturne1-300x200.jpg\" alt=\"\" width=\"300\" height=\"200\" srcset=\"http:\/\/www.ataciara.fi\/wp-content\/uploads\/2019\/05\/nocturne1-300x200.jpg 300w, http:\/\/www.ataciara.fi\/wp-content\/uploads\/2019\/05\/nocturne1-768x512.jpg 768w, http:\/\/www.ataciara.fi\/wp-content\/uploads\/2019\/05\/nocturne1-1024x683.jpg 1024w, http:\/\/www.ataciara.fi\/wp-content\/uploads\/2019\/05\/nocturne1.jpg 2048w\" sizes=\"(max-width: 300px) 100vw, 300px\" \/><\/a><p id=\"caption-attachment-2085\" class=\"wp-caption-text\">Ataciara Nocturne<\/p><\/div>\n<p>&nbsp;<\/p>\n<p>&nbsp;<\/p>\n<p>&nbsp;<\/p>\n<p>&nbsp;<\/p>\n<p>&nbsp;<\/p>\n<p>&nbsp;<\/p>\n<p>Fi Mva Ataciara Tiiti\u00e4inen ja is\u00e4n\u00e4 School Wolf\u00b4s Riffraff.<\/p>\n<p><a href=\"http:\/\/www.ataciara.fi\/ataciara-tiitiainen-lotta\/\">Fi Mva Ataciara Tiiti\u00e4inen &#8220;Lotta&#8221;<\/a><\/p>\n<p>Lonkat B\/B<br \/>\nKyyn\u00e4r\u00e4t 0\/0<br \/>\nSilm\u00e4t ok (17.12.18)<span class=\"text_exposed_show\"><br \/>\nSelk\u00e4 Ltv1<\/span><\/p>\n<div class=\"text_exposed_show\">\n<p>Rek2 MD<br \/>\nFiMva<\/p>\n<p>School Wolf&#8217;s Riffraff &#8220;Piki&#8221;<\/p>\n<p>Lonkat A\/A<br \/>\nKyyn\u00e4r\u00e4t 0\/0<br \/>\nSilm\u00e4t ok (7.5.19)<\/p>\n<p>Rek1 MD, Rek\u00e4 Yle1, Rek\u00e4 Joh2<br \/>\nSert x2<\/p>\n<p>Yhdistelm\u00e4 KoiraNetiss\u00e4:<br \/>\n<a href=\"https:\/\/l.facebook.com\/l.php?u=https%3A%2F%2Fjalostus.kennelliitto.fi%2FfrmSukutaulu.aspx%3FRekNoE%3DFI29780%252F17%26ReknoI%3DFI30744%252F17%26fbclid%3DIwAR3rOtCCg8CI3YgEfBElcecD_Rb3wuytlz8VkS2_erLYg5gjYFqwRYQ-358&amp;h=AT2LhoBL964gnLoCTzvXENnYH6OcKnCSJrcyiVwAgMwyfWvRlg6B4SipTl_2UFh0Tx8fyhN33PAOnAAN_JaULDVi0b5OUDfXJ346Rz9WWuhg4bLoLSAAprjlV-ZCJliy8Kh9vR2K_ji7nRflsFZQG1R1N72kMR_68K4\" target=\"_blank\" rel=\"noopener nofollow\" data-ft=\"{&quot;tn&quot;:&quot;-U&quot;}\" data-lynx-mode=\"async\">https:\/\/jalostus.kennelliitto.fi\/frmSukutaulu.aspx\u2026<\/a><\/p>\n<p><a href=\"http:\/\/www.ataciara.fi\/etusivu\/piki-ja-lotta2\/\" rel=\"attachment wp-att-2027\"><img decoding=\"async\" loading=\"lazy\" class=\"alignleft size-large wp-image-2027\" src=\"http:\/\/www.ataciara.fi\/wp-content\/uploads\/2011\/11\/piki-ja-lotta2-1024x713.jpg\" alt=\"\" width=\"640\" height=\"446\" srcset=\"http:\/\/www.ataciara.fi\/wp-content\/uploads\/2011\/11\/piki-ja-lotta2-1024x713.jpg 1024w, http:\/\/www.ataciara.fi\/wp-content\/uploads\/2011\/11\/piki-ja-lotta2-300x209.jpg 300w, http:\/\/www.ataciara.fi\/wp-content\/uploads\/2011\/11\/piki-ja-lotta2-768x535.jpg 768w, http:\/\/www.ataciara.fi\/wp-content\/uploads\/2011\/11\/piki-ja-lotta2.jpg 1694w\" sizes=\"(max-width: 640px) 100vw, 640px\" \/><\/a><\/p>\n<p>Tulevan yhdistelm\u00e4n molemmat vanhemmat ovat aktiivisia ty\u00f6koiria, jotka molemmat toimivat erinomaisesti valjakossa. Lotta ty\u00f6skentelee py\u00f6r\u00e4ss\u00e4 tai tiimiss\u00e4, ja Piki juoksee hyvin kaikkia paikkoja ja toimii erinomaisesti my\u00f6s johtajana. Molemmat juoksevat osana isoavaljakkoa. Molemmat vanhemmat tulevat ty\u00f6skentelevist\u00e4 suvuista.Luonteeltaan molemmat vanhemmat ovat yst\u00e4v\u00e4llisi\u00e4 ja sosiaalisia.Molemmilta puolilta l\u00e4hisuku on eritt\u00e4in laajasti terveystutkittua, mik\u00e4 on meille eritt\u00e4in t\u00e4rke\u00e4\u00e4.<\/p>\n<\/div>\n<div class=\"text_exposed_show\">\n<div id=\"attachment_1964\" style=\"width: 2058px\" class=\"wp-caption alignleft\"><a href=\"http:\/\/www.ataciara.fi\/pentue-suunnitelmat-3\/71140198_2564650850251780_4194759068964880384_o\/\" rel=\"attachment wp-att-1964\"><img aria-describedby=\"caption-attachment-1964\" decoding=\"async\" loading=\"lazy\" class=\"wp-image-1964 size-full\" src=\"http:\/\/www.ataciara.fi\/wp-content\/uploads\/2019\/05\/71140198_2564650850251780_4194759068964880384_o.jpg\" alt=\"\" width=\"2048\" height=\"1365\" srcset=\"http:\/\/www.ataciara.fi\/wp-content\/uploads\/2019\/05\/71140198_2564650850251780_4194759068964880384_o.jpg 2048w, http:\/\/www.ataciara.fi\/wp-content\/uploads\/2019\/05\/71140198_2564650850251780_4194759068964880384_o-300x200.jpg 300w, http:\/\/www.ataciara.fi\/wp-content\/uploads\/2019\/05\/71140198_2564650850251780_4194759068964880384_o-768x512.jpg 768w, http:\/\/www.ataciara.fi\/wp-content\/uploads\/2019\/05\/71140198_2564650850251780_4194759068964880384_o-1024x683.jpg 1024w\" sizes=\"(max-width: 2048px) 100vw, 2048px\" \/><\/a><p id=\"caption-attachment-1964\" class=\"wp-caption-text\">Lotta syksyll\u00e4 2019<\/p><\/div>\n<div id=\"attachment_1965\" style=\"width: 970px\" class=\"wp-caption alignleft\"><a href=\"http:\/\/www.ataciara.fi\/pentue-suunnitelmat-3\/71183586_2564650883585110_7499527002106363904_n\/\" rel=\"attachment wp-att-1965\"><img aria-describedby=\"caption-attachment-1965\" decoding=\"async\" loading=\"lazy\" class=\"wp-image-1965 size-full\" src=\"http:\/\/www.ataciara.fi\/wp-content\/uploads\/2019\/05\/71183586_2564650883585110_7499527002106363904_n.jpg\" alt=\"\" width=\"960\" height=\"804\" srcset=\"http:\/\/www.ataciara.fi\/wp-content\/uploads\/2019\/05\/71183586_2564650883585110_7499527002106363904_n.jpg 960w, http:\/\/www.ataciara.fi\/wp-content\/uploads\/2019\/05\/71183586_2564650883585110_7499527002106363904_n-300x251.jpg 300w, http:\/\/www.ataciara.fi\/wp-content\/uploads\/2019\/05\/71183586_2564650883585110_7499527002106363904_n-768x643.jpg 768w\" sizes=\"(max-width: 960px) 100vw, 960px\" \/><\/a><p id=\"caption-attachment-1965\" class=\"wp-caption-text\">Lotta syksyll\u00e4 2019<\/p><\/div>\n<div id=\"attachment_1963\" style=\"width: 2058px\" class=\"wp-caption alignleft\"><a href=\"http:\/\/www.ataciara.fi\/pentue-suunnitelmat-3\/70918601_2564650836918448_664560006242238464_o\/\" rel=\"attachment wp-att-1963\"><img aria-describedby=\"caption-attachment-1963\" decoding=\"async\" loading=\"lazy\" class=\"wp-image-1963 size-full\" src=\"http:\/\/www.ataciara.fi\/wp-content\/uploads\/2019\/05\/70918601_2564650836918448_664560006242238464_o.jpg\" alt=\"\" width=\"2048\" height=\"1365\" srcset=\"http:\/\/www.ataciara.fi\/wp-content\/uploads\/2019\/05\/70918601_2564650836918448_664560006242238464_o.jpg 2048w, http:\/\/www.ataciara.fi\/wp-content\/uploads\/2019\/05\/70918601_2564650836918448_664560006242238464_o-300x200.jpg 300w, http:\/\/www.ataciara.fi\/wp-content\/uploads\/2019\/05\/70918601_2564650836918448_664560006242238464_o-768x512.jpg 768w, http:\/\/www.ataciara.fi\/wp-content\/uploads\/2019\/05\/70918601_2564650836918448_664560006242238464_o-1024x683.jpg 1024w\" sizes=\"(max-width: 2048px) 100vw, 2048px\" \/><\/a><p id=\"caption-attachment-1963\" class=\"wp-caption-text\">Piki syksyll\u00e4 2019<\/p><\/div>\n<p>&nbsp;<\/p>\n<div id=\"attachment_1962\" style=\"width: 2058px\" class=\"wp-caption alignleft\"><a href=\"http:\/\/www.ataciara.fi\/pentue-suunnitelmat-3\/70294477_2564651046918427_2551140290979168256_o\/\" rel=\"attachment wp-att-1962\"><img aria-describedby=\"caption-attachment-1962\" decoding=\"async\" loading=\"lazy\" class=\"wp-image-1962 size-full\" src=\"http:\/\/www.ataciara.fi\/wp-content\/uploads\/2019\/05\/70294477_2564651046918427_2551140290979168256_o.jpg\" alt=\"\" width=\"2048\" height=\"1365\" srcset=\"http:\/\/www.ataciara.fi\/wp-content\/uploads\/2019\/05\/70294477_2564651046918427_2551140290979168256_o.jpg 2048w, http:\/\/www.ataciara.fi\/wp-content\/uploads\/2019\/05\/70294477_2564651046918427_2551140290979168256_o-300x200.jpg 300w, http:\/\/www.ataciara.fi\/wp-content\/uploads\/2019\/05\/70294477_2564651046918427_2551140290979168256_o-768x512.jpg 768w, http:\/\/www.ataciara.fi\/wp-content\/uploads\/2019\/05\/70294477_2564651046918427_2551140290979168256_o-1024x683.jpg 1024w\" sizes=\"(max-width: 2048px) 100vw, 2048px\" \/><\/a><p id=\"caption-attachment-1962\" class=\"wp-caption-text\">Piki syksyll\u00e4 2019<\/p><\/div>\n<div id=\"attachment_2037\" style=\"width: 650px\" class=\"wp-caption alignleft\"><a href=\"http:\/\/www.ataciara.fi\/pentue-suunnitelmat-3\/alaskanmalamuutti_03\/\" rel=\"attachment wp-att-2037\"><img aria-describedby=\"caption-attachment-2037\" decoding=\"async\" loading=\"lazy\" class=\"wp-image-2037 size-large\" src=\"http:\/\/www.ataciara.fi\/wp-content\/uploads\/2019\/05\/alaskanmalamuutti_03-1024x683.jpg\" alt=\"\" width=\"640\" height=\"427\" srcset=\"http:\/\/www.ataciara.fi\/wp-content\/uploads\/2019\/05\/alaskanmalamuutti_03-1024x683.jpg 1024w, http:\/\/www.ataciara.fi\/wp-content\/uploads\/2019\/05\/alaskanmalamuutti_03-300x200.jpg 300w, http:\/\/www.ataciara.fi\/wp-content\/uploads\/2019\/05\/alaskanmalamuutti_03-768x512.jpg 768w, http:\/\/www.ataciara.fi\/wp-content\/uploads\/2019\/05\/alaskanmalamuutti_03.jpg 1191w\" sizes=\"(max-width: 640px) 100vw, 640px\" \/><\/a><p id=\"caption-attachment-2037\" class=\"wp-caption-text\">Lotta etualalla veljens\u00e4 kanssa<\/p><\/div>\n<div id=\"attachment_2036\" style=\"width: 650px\" class=\"wp-caption alignleft\"><a href=\"http:\/\/www.ataciara.fi\/pentue-suunnitelmat-3\/84186776_10158394884337044_5922118181530370048_o\/\" rel=\"attachment wp-att-2036\"><img aria-describedby=\"caption-attachment-2036\" decoding=\"async\" loading=\"lazy\" class=\"wp-image-2036 size-large\" src=\"http:\/\/www.ataciara.fi\/wp-content\/uploads\/2019\/05\/84186776_10158394884337044_5922118181530370048_o-1024x683.jpg\" alt=\"\" width=\"640\" height=\"427\" srcset=\"http:\/\/www.ataciara.fi\/wp-content\/uploads\/2019\/05\/84186776_10158394884337044_5922118181530370048_o.jpg 1024w, http:\/\/www.ataciara.fi\/wp-content\/uploads\/2019\/05\/84186776_10158394884337044_5922118181530370048_o-300x200.jpg 300w, http:\/\/www.ataciara.fi\/wp-content\/uploads\/2019\/05\/84186776_10158394884337044_5922118181530370048_o-768x512.jpg 768w\" sizes=\"(max-width: 640px) 100vw, 640px\" \/><\/a><p id=\"caption-attachment-2036\" class=\"wp-caption-text\">Ruunaa Race 2020, Lotta vasemmalla takana, kuva Marja-Liisa Kiuru<\/p><\/div>\n<div id=\"attachment_2039\" style=\"width: 650px\" class=\"wp-caption alignleft\"><a href=\"http:\/\/www.ataciara.fi\/pentue-suunnitelmat-3\/janne\/\" rel=\"attachment wp-att-2039\"><img aria-describedby=\"caption-attachment-2039\" decoding=\"async\" loading=\"lazy\" class=\"wp-image-2039 size-large\" src=\"http:\/\/www.ataciara.fi\/wp-content\/uploads\/2019\/05\/janne-1024x683.jpg\" alt=\"\" width=\"640\" height=\"427\" srcset=\"http:\/\/www.ataciara.fi\/wp-content\/uploads\/2019\/05\/janne.jpg 1024w, http:\/\/www.ataciara.fi\/wp-content\/uploads\/2019\/05\/janne-300x200.jpg 300w, http:\/\/www.ataciara.fi\/wp-content\/uploads\/2019\/05\/janne-768x512.jpg 768w\" sizes=\"(max-width: 640px) 100vw, 640px\" \/><\/a><p id=\"caption-attachment-2039\" class=\"wp-caption-text\">Ruunaa Race 2020 Piki johdossa. Kuva Marja-Liisa Kiuru<\/p><\/div>\n<\/div>\n","protected":false},"excerpt":{"rendered":"<p>Syntynyt 3.7.2020 kuusi urosta ja yksi narttu. &nbsp; &nbsp; &nbsp; &nbsp; &nbsp; &nbsp; &nbsp; &nbsp; &nbsp; &nbsp; &nbsp; &nbsp; &nbsp; &nbsp; &nbsp; &nbsp; &nbsp; &nbsp; &nbsp; &nbsp; &nbsp; &nbsp; &nbsp; &nbsp; &nbsp; &nbsp; &nbsp; &nbsp; &nbsp; &nbsp; &nbsp; &nbsp; &nbsp; &hellip; <a href=\"http:\/\/www.ataciara.fi\/?page_id=1912\">Continue reading <span class=\"meta-nav\">&rarr;<\/span><\/a><\/p>\n","protected":false},"author":2,"featured_media":0,"parent":0,"menu_order":0,"comment_status":"closed","ping_status":"closed","template":"","meta":[],"_links":{"self":[{"href":"http:\/\/www.ataciara.fi\/index.php?rest_route=\/wp\/v2\/pages\/1912"}],"collection":[{"href":"http:\/\/www.ataciara.fi\/index.php?rest_route=\/wp\/v2\/pages"}],"about":[{"href":"http:\/\/www.ataciara.fi\/index.php?rest_route=\/wp\/v2\/types\/page"}],"author":[{"embeddable":true,"href":"http:\/\/www.ataciara.fi\/index.php?rest_route=\/wp\/v2\/users\/2"}],"replies":[{"embeddable":true,"href":"http:\/\/www.ataciara.fi\/index.php?rest_route=%2Fwp%2Fv2%2Fcomments&post=1912"}],"version-history":[{"count":21,"href":"http:\/\/www.ataciara.fi\/index.php?rest_route=\/wp\/v2\/pages\/1912\/revisions"}],"predecessor-version":[{"id":2108,"href":"http:\/\/www.ataciara.fi\/index.php?rest_route=\/wp\/v2\/pages\/1912\/revisions\/2108"}],"wp:attachment":[{"href":"http:\/\/www.ataciara.fi\/index.php?rest_route=%2Fwp%2Fv2%2Fmedia&parent=1912"}],"curies":[{"name":"wp","href":"https:\/\/api.w.org\/{rel}","templated":true}]}}