{"id":19,"date":"2011-11-20T22:44:19","date_gmt":"2011-11-20T20:44:19","guid":{"rendered":"http:\/\/www.ataciara.fi\/?page_id=19"},"modified":"2020-07-06T07:58:59","modified_gmt":"2020-07-06T04:58:59","slug":"fidelis-barbu-halla","status":"publish","type":"page","link":"http:\/\/www.ataciara.fi\/?page_id=19","title":{"rendered":"Fidelis Barbu (Halla)"},"content":{"rendered":"<div id=\"attachment_1619\" style=\"width: 650px\" class=\"wp-caption alignleft\"><a href=\"http:\/\/www.ataciara.fi\/suomenlapinkoirat\/fidelis-barbu-halla\/ff\/\" rel=\"attachment wp-att-1619\"><img aria-describedby=\"caption-attachment-1619\" decoding=\"async\" loading=\"lazy\" class=\"wp-image-1619 size-large\" src=\"http:\/\/www.ataciara.fi\/wp-content\/uploads\/2011\/11\/ff-1024x682.jpg\" alt=\"\" width=\"640\" height=\"426\" srcset=\"http:\/\/www.ataciara.fi\/wp-content\/uploads\/2011\/11\/ff-1024x682.jpg 1024w, http:\/\/www.ataciara.fi\/wp-content\/uploads\/2011\/11\/ff-300x200.jpg 300w, http:\/\/www.ataciara.fi\/wp-content\/uploads\/2011\/11\/ff-768x512.jpg 768w\" sizes=\"(max-width: 640px) 100vw, 640px\" \/><\/a><p id=\"caption-attachment-1619\" class=\"wp-caption-text\">9v<\/p><\/div>\n<p><a href=\"http:\/\/jalostus.kennelliitto.fi\/frmKoira.aspx?RekNo=FIN31990\/08&amp;R=189\" target=\"_blank\" rel=\"noopener\">Halla koiranetiss\u00e4<\/a><\/p>\n<ul>\n<li><strong>Rekisterinumero<\/strong>: FIN31990\/08<\/li>\n<li><strong>Syntym\u00e4aika<\/strong>: 25.2.2008<\/li>\n<li><strong>V\u00e4ri<\/strong>: Musta vaalein merkein<\/li>\n<li><strong>Terveystulokset<\/strong>:\n<ul>\n<li>27.03.2011 Polvilumpiolux.med: 0\/0<\/li>\n<li>27.03.2011 Silm\u00e4tutkimus: Distichiasis todettu, liev\u00e4<\/li>\n<li>23.04.2010 Lonkkanivel A\/A<\/li>\n<\/ul>\n<\/li>\n<li><strong>N\u00e4yttelyt<\/strong> : Vara serti<\/li>\n<li><a title=\"Y\u00f6-pentue\" href=\"http:\/\/www.ataciara.fi\/?page_id=834\">Pentue syntynyt 30.4.2012<\/a><\/li>\n<\/ul>\n<p style=\"text-align: justify;\">Halla on meid\u00e4n perheen ilopilleri. Leikkis\u00e4 neiti rakastaa riehumista ja sotkemista, ja <a href=\"http:\/\/www.ataciara.fi\/suomenlapinkoirat\/fidelis-barbu-halla\/ffr\/\" rel=\"attachment wp-att-1618\"><img decoding=\"async\" loading=\"lazy\" class=\"alignleft size-medium wp-image-1618\" src=\"http:\/\/www.ataciara.fi\/wp-content\/uploads\/2011\/11\/ffr-200x300.jpg\" alt=\"\" width=\"200\" height=\"300\" srcset=\"http:\/\/www.ataciara.fi\/wp-content\/uploads\/2011\/11\/ffr-200x300.jpg 200w, http:\/\/www.ataciara.fi\/wp-content\/uploads\/2011\/11\/ffr-768x1152.jpg 768w, http:\/\/www.ataciara.fi\/wp-content\/uploads\/2011\/11\/ffr-683x1024.jpg 683w, http:\/\/www.ataciara.fi\/wp-content\/uploads\/2011\/11\/ffr.jpg 1733w\" sizes=\"(max-width: 200px) 100vw, 200px\" \/><\/a>onkin usein ylt\u00e4p\u00e4\u00e4lt\u00e4 mudan ja lian peitossa. Halla on jokapaikan koira, jonka kanssa voi menn\u00e4 ihan minne vain, ja yleens\u00e4 ei tule\u00a0mit\u00e4\u00e4n ongelmia. Halla tulee toimeen kaikkien kanssa eik\u00e4 ole vihainen kenellekk\u00e4\u00e4n. Hallan kanssa on harrastettu agility\u00e4 ja tokoa, molemmissa toimii hyvin niin kauan, kuin motivaatiota riitt\u00e4\u00e4. Kyll\u00e4styess\u00e4\u00e4n saattaa agility radalla alkaa touhuamaan omiaan. Halla on selke\u00e4sti Eerikan koira, mutta tottelee muitakin ihmisi\u00e4. Ik\u00e4 ei n\u00e4y Hallan k\u00e4yt\u00f6ksess\u00e4 viel\u00e4 miss\u00e4\u00e4n, vaan se jaksaa viel\u00e4kin riekkua ja karkaa samantien jos vain saa tilaisuuden.<\/p>\n<p>Vanhoilla p\u00e4ivill\u00e4\u00e4n Halla suoritti uuden aluevaltauksen ja l\u00e4hti kasvatus- ja kuntoutuskoiraksi p\u00e4iv\u00e4kotiin. Soveltuvuuskokeen se suoritti 2019. Nyt toiminta alkaa olla siirtynyt seuraaville.<\/p>\n<p style=\"text-align: justify;\">Hallalla on yksi pentue. Halla oli erinomainen \u00e4iti ja hoiti hienosti kolme pentuaan.<\/p>\n<div id=\"attachment_291\" style=\"width: 310px\" class=\"wp-caption alignright\"><a href=\"http:\/\/www.ataciara.fi\/suomenlapinkoirat\/fidelis-barbu-halla\/img_4128\/\" rel=\"attachment wp-att-291\"><img aria-describedby=\"caption-attachment-291\" decoding=\"async\" loading=\"lazy\" class=\"size-medium wp-image-291 \" title=\"IMG_4128\" src=\"http:\/\/www.ataciara.fi\/wp-content\/uploads\/2011\/12\/IMG_4128-300x200.jpg\" alt=\"\" width=\"300\" height=\"200\" srcset=\"http:\/\/www.ataciara.fi\/wp-content\/uploads\/2011\/12\/IMG_4128-300x200.jpg 300w, http:\/\/www.ataciara.fi\/wp-content\/uploads\/2011\/12\/IMG_4128-1024x682.jpg 1024w\" sizes=\"(max-width: 300px) 100vw, 300px\" \/><\/a><p id=\"caption-attachment-291\" class=\"wp-caption-text\">Halla poseeraa<\/p><\/div>\n<div id=\"attachment_1195\" style=\"width: 970px\" class=\"wp-caption aligncenter\"><a href=\"http:\/\/www.ataciara.fi\/suomenlapinkoirat\/fidelis-barbu-halla\/10624730_10201854293118403_1319485076333497147_n\/\" rel=\"attachment wp-att-1195\"><img aria-describedby=\"caption-attachment-1195\" decoding=\"async\" loading=\"lazy\" class=\"size-full wp-image-1195\" src=\"http:\/\/www.ataciara.fi\/wp-content\/uploads\/2011\/11\/10624730_10201854293118403_1319485076333497147_n.jpg\" alt=\"Halla 6v 8kk\" width=\"960\" height=\"640\" srcset=\"http:\/\/www.ataciara.fi\/wp-content\/uploads\/2011\/11\/10624730_10201854293118403_1319485076333497147_n.jpg 960w, http:\/\/www.ataciara.fi\/wp-content\/uploads\/2011\/11\/10624730_10201854293118403_1319485076333497147_n-300x200.jpg 300w\" sizes=\"(max-width: 960px) 100vw, 960px\" \/><\/a><p id=\"caption-attachment-1195\" class=\"wp-caption-text\">Halla 6v 8kk<\/p><\/div>\n<div id=\"attachment_603\" style=\"width: 285px\" class=\"wp-caption alignright\"><a href=\"http:\/\/www.ataciara.fi\/suomenlapinkoirat\/fidelis-barbu-halla\/halla2\/\" rel=\"attachment wp-att-603\"><img aria-describedby=\"caption-attachment-603\" decoding=\"async\" loading=\"lazy\" class=\" wp-image-603\" title=\"Halla\" src=\"http:\/\/www.ataciara.fi\/wp-content\/uploads\/2012\/01\/halla2-300x229.jpg\" alt=\"\" width=\"275\" height=\"211\" srcset=\"http:\/\/www.ataciara.fi\/wp-content\/uploads\/2012\/01\/halla2-300x229.jpg 300w, http:\/\/www.ataciara.fi\/wp-content\/uploads\/2012\/01\/halla2.jpg 524w\" sizes=\"(max-width: 275px) 100vw, 275px\" \/><\/a><p id=\"caption-attachment-603\" class=\"wp-caption-text\">Halla kes\u00e4ll\u00e4 2011<\/p><\/div>\n<div id=\"attachment_602\" style=\"width: 276px\" class=\"wp-caption alignleft\"><a href=\"http:\/\/www.ataciara.fi\/suomenlapinkoirat\/fidelis-barbu-halla\/halla\/\" rel=\"attachment wp-att-602\"><img aria-describedby=\"caption-attachment-602\" decoding=\"async\" loading=\"lazy\" class=\" wp-image-602\" title=\"Halla\" src=\"http:\/\/www.ataciara.fi\/wp-content\/uploads\/2012\/01\/halla-300x257.jpg\" alt=\"\" width=\"266\" height=\"228\" srcset=\"http:\/\/www.ataciara.fi\/wp-content\/uploads\/2012\/01\/halla-300x257.jpg 300w, http:\/\/www.ataciara.fi\/wp-content\/uploads\/2012\/01\/halla-1024x880.jpg 1024w, http:\/\/www.ataciara.fi\/wp-content\/uploads\/2012\/01\/halla.jpg 1516w\" sizes=\"(max-width: 266px) 100vw, 266px\" \/><\/a><p id=\"caption-attachment-602\" class=\"wp-caption-text\">Halla syksyll\u00e4 2011<\/p><\/div>\n","protected":false},"excerpt":{"rendered":"<p>Halla koiranetiss\u00e4 Rekisterinumero: FIN31990\/08 Syntym\u00e4aika: 25.2.2008 V\u00e4ri: Musta vaalein merkein Terveystulokset: 27.03.2011 Polvilumpiolux.med: 0\/0 27.03.2011 Silm\u00e4tutkimus: Distichiasis todettu, liev\u00e4 23.04.2010 Lonkkanivel A\/A N\u00e4yttelyt : Vara serti Pentue syntynyt 30.4.2012 Halla on meid\u00e4n perheen ilopilleri. Leikkis\u00e4 neiti rakastaa riehumista ja sotkemista, &hellip; <a href=\"http:\/\/www.ataciara.fi\/?page_id=19\">Continue reading <span class=\"meta-nav\">&rarr;<\/span><\/a><\/p>\n","protected":false},"author":3,"featured_media":0,"parent":5,"menu_order":0,"comment_status":"closed","ping_status":"open","template":"","meta":[],"_links":{"self":[{"href":"http:\/\/www.ataciara.fi\/index.php?rest_route=\/wp\/v2\/pages\/19"}],"collection":[{"href":"http:\/\/www.ataciara.fi\/index.php?rest_route=\/wp\/v2\/pages"}],"about":[{"href":"http:\/\/www.ataciara.fi\/index.php?rest_route=\/wp\/v2\/types\/page"}],"author":[{"embeddable":true,"href":"http:\/\/www.ataciara.fi\/index.php?rest_route=\/wp\/v2\/users\/3"}],"replies":[{"embeddable":true,"href":"http:\/\/www.ataciara.fi\/index.php?rest_route=%2Fwp%2Fv2%2Fcomments&post=19"}],"version-history":[{"count":34,"href":"http:\/\/www.ataciara.fi\/index.php?rest_route=\/wp\/v2\/pages\/19\/revisions"}],"predecessor-version":[{"id":2049,"href":"http:\/\/www.ataciara.fi\/index.php?rest_route=\/wp\/v2\/pages\/19\/revisions\/2049"}],"up":[{"embeddable":true,"href":"http:\/\/www.ataciara.fi\/index.php?rest_route=\/wp\/v2\/pages\/5"}],"wp:attachment":[{"href":"http:\/\/www.ataciara.fi\/index.php?rest_route=%2Fwp%2Fv2%2Fmedia&parent=19"}],"curies":[{"name":"wp","href":"https:\/\/api.w.org\/{rel}","templated":true}]}}