{"id":1880,"date":"2019-04-20T18:45:39","date_gmt":"2019-04-20T15:45:39","guid":{"rendered":"http:\/\/www.ataciara.fi\/?page_id=1880"},"modified":"2024-05-29T21:20:51","modified_gmt":"2024-05-29T18:20:51","slug":"vanillas-honey-wild-and-free-naava","status":"publish","type":"page","link":"http:\/\/www.ataciara.fi\/?page_id=1880","title":{"rendered":"TLNJW-20 TLNW-20 Vanilla\u00b4s Honey Wild and Free (Naava)"},"content":{"rendered":"<div id=\"attachment_2229\" style=\"width: 650px\" class=\"wp-caption alignnone\"><a href=\"http:\/\/www.ataciara.fi\/vanillas-honey-wild-and-free-naava\/175934356_4067829026600614_4537707670155275120_n\/\" rel=\"attachment wp-att-2229\"><img aria-describedby=\"caption-attachment-2229\" decoding=\"async\" loading=\"lazy\" class=\"wp-image-2229 size-large\" src=\"http:\/\/www.ataciara.fi\/wp-content\/uploads\/2019\/04\/175934356_4067829026600614_4537707670155275120_n-1024x683.jpg\" alt=\"\" width=\"640\" height=\"427\" srcset=\"http:\/\/www.ataciara.fi\/wp-content\/uploads\/2019\/04\/175934356_4067829026600614_4537707670155275120_n-1024x683.jpg 1024w, http:\/\/www.ataciara.fi\/wp-content\/uploads\/2019\/04\/175934356_4067829026600614_4537707670155275120_n-300x200.jpg 300w, http:\/\/www.ataciara.fi\/wp-content\/uploads\/2019\/04\/175934356_4067829026600614_4537707670155275120_n-768x512.jpg 768w, http:\/\/www.ataciara.fi\/wp-content\/uploads\/2019\/04\/175934356_4067829026600614_4537707670155275120_n.jpg 2048w\" sizes=\"(max-width: 640px) 100vw, 640px\" \/><\/a><p id=\"caption-attachment-2229\" class=\"wp-caption-text\">2v<\/p><\/div>\n<p><a href=\"http:\/\/www.ataciara.fi\/vanillas-honey-wild-and-free-naava\/175886729_4067829029933947_3548340667509189079_n\/\" rel=\"attachment wp-att-2231\"><img decoding=\"async\" loading=\"lazy\" class=\"alignnone size-medium wp-image-2231\" src=\"http:\/\/www.ataciara.fi\/wp-content\/uploads\/2019\/04\/175886729_4067829029933947_3548340667509189079_n-200x300.jpg\" alt=\"\" width=\"200\" height=\"300\" srcset=\"http:\/\/www.ataciara.fi\/wp-content\/uploads\/2019\/04\/175886729_4067829029933947_3548340667509189079_n-200x300.jpg 200w, http:\/\/www.ataciara.fi\/wp-content\/uploads\/2019\/04\/175886729_4067829029933947_3548340667509189079_n-768x1152.jpg 768w, http:\/\/www.ataciara.fi\/wp-content\/uploads\/2019\/04\/175886729_4067829029933947_3548340667509189079_n-683x1024.jpg 683w, http:\/\/www.ataciara.fi\/wp-content\/uploads\/2019\/04\/175886729_4067829029933947_3548340667509189079_n.jpg 1365w\" sizes=\"(max-width: 200px) 100vw, 200px\" \/><\/a> <a href=\"http:\/\/www.ataciara.fi\/vanillas-honey-wild-and-free-naava\/175990213_4067828329934017_730855713973498796_n\/\" rel=\"attachment wp-att-2232\"><img decoding=\"async\" loading=\"lazy\" class=\"alignnone size-medium wp-image-2232\" src=\"http:\/\/www.ataciara.fi\/wp-content\/uploads\/2019\/04\/175990213_4067828329934017_730855713973498796_n-200x300.jpg\" alt=\"\" width=\"200\" height=\"300\" srcset=\"http:\/\/www.ataciara.fi\/wp-content\/uploads\/2019\/04\/175990213_4067828329934017_730855713973498796_n-200x300.jpg 200w, http:\/\/www.ataciara.fi\/wp-content\/uploads\/2019\/04\/175990213_4067828329934017_730855713973498796_n-768x1152.jpg 768w, http:\/\/www.ataciara.fi\/wp-content\/uploads\/2019\/04\/175990213_4067828329934017_730855713973498796_n-683x1024.jpg 683w, http:\/\/www.ataciara.fi\/wp-content\/uploads\/2019\/04\/175990213_4067828329934017_730855713973498796_n.jpg 1365w\" sizes=\"(max-width: 200px) 100vw, 200px\" \/><\/a><\/p>\n<ul>\n<li><strong>Rekisterinumero<\/strong>:\u00a0FI20949\/19<\/li>\n<li><strong>Syntym\u00e4aika<\/strong>:\u00a03.3.2019<\/li>\n<li><strong>V\u00e4ri<\/strong>: Parkki vaalein merkein<\/li>\n<li><strong>Terveystulokset<\/strong>:<\/li>\n<li>Lonkat B\/B<\/li>\n<li>Kyyn\u00e4rp\u00e4\u00e4t 0\/0<\/li>\n<li>selk\u00e4 Ltv 0, Sp 0<\/li>\n<li>Silm\u00e4t terveet<\/li>\n<li>Polvilumpioluksaatio 0\/0<\/li>\n<li>\n<div dir=\"auto\">prcd-PRA terve<\/div>\n<\/li>\n<li>\n<div dir=\"auto\">Pompen terve<\/div>\n<\/li>\n<li>\n<div dir=\"auto\">DM terve<\/div>\n<\/li>\n<li>\n<div dir=\"auto\">CMR terve<\/div>\n<\/li>\n<li><strong>N\u00e4yttelyt<\/strong>:\u00a0TLNJW-20 TLNW-20, sert<\/li>\n<li><strong>Tulokset:<\/strong> Paim-T Hyv\u00e4ksytty<\/li>\n<\/ul>\n<p><a href=\"https:\/\/jalostus.kennelliitto.fi\/frmKoira.aspx?RekNo=FI20949%2F19&amp;R=189\" target=\"_blank\" rel=\"noopener\">Naava jalostustietokannassa<\/a><\/p>\n<p><a href=\"http:\/\/www.ataciara.fi\/vanillas-honey-wild-and-free-naava\/97106125_10213514366652954_3953764343702618112_o\/\" rel=\"attachment wp-att-2120\"><img decoding=\"async\" loading=\"lazy\" class=\"alignright size-medium wp-image-2120\" src=\"http:\/\/www.ataciara.fi\/wp-content\/uploads\/2019\/04\/97106125_10213514366652954_3953764343702618112_o-300x300.jpg\" alt=\"\" width=\"300\" height=\"300\" srcset=\"http:\/\/www.ataciara.fi\/wp-content\/uploads\/2019\/04\/97106125_10213514366652954_3953764343702618112_o-300x300.jpg 300w, http:\/\/www.ataciara.fi\/wp-content\/uploads\/2019\/04\/97106125_10213514366652954_3953764343702618112_o-150x150.jpg 150w, http:\/\/www.ataciara.fi\/wp-content\/uploads\/2019\/04\/97106125_10213514366652954_3953764343702618112_o-768x768.jpg 768w, http:\/\/www.ataciara.fi\/wp-content\/uploads\/2019\/04\/97106125_10213514366652954_3953764343702618112_o-1024x1024.jpg 1024w, http:\/\/www.ataciara.fi\/wp-content\/uploads\/2019\/04\/97106125_10213514366652954_3953764343702618112_o.jpg 1440w\" sizes=\"(max-width: 300px) 100vw, 300px\" \/><\/a><\/p>\n<p>Naava ty\u00f6skentelee kasvatus ja -kuntoutuskoirana ja on soveltuvuuskokeen suorittanut. Naavan ty\u00f6paikka on p\u00e4iv\u00e4kodissa Reetan kanssa ja niist\u00e4 jutuista voi lukea my\u00f6s\u00a0<a href=\"https:\/\/paivakotitassut.blogspot.com\/\">https:\/\/paivakotitassut.blogspot.com\/<\/a><\/p>\n<p>Naava on luonteeltaan sosiaalinen, rohkea ja reipas. Naava oppii temppuja ja teht\u00e4vi\u00e4 nopeasti.<\/p>\n<div id=\"attachment_1922\" style=\"width: 310px\" class=\"wp-caption alignleft\"><a href=\"http:\/\/www.ataciara.fi\/vanillas-honey-wild-and-free-naava\/16vkoa2\/\" rel=\"attachment wp-att-1922\"><img aria-describedby=\"caption-attachment-1922\" decoding=\"async\" loading=\"lazy\" class=\"size-medium wp-image-1922\" src=\"http:\/\/www.ataciara.fi\/wp-content\/uploads\/2019\/04\/16vkoa2-300x204.jpg\" alt=\"\" width=\"300\" height=\"204\" srcset=\"http:\/\/www.ataciara.fi\/wp-content\/uploads\/2019\/04\/16vkoa2-300x204.jpg 300w, http:\/\/www.ataciara.fi\/wp-content\/uploads\/2019\/04\/16vkoa2-768x522.jpg 768w, http:\/\/www.ataciara.fi\/wp-content\/uploads\/2019\/04\/16vkoa2-1024x696.jpg 1024w, http:\/\/www.ataciara.fi\/wp-content\/uploads\/2019\/04\/16vkoa2.jpg 2048w\" sizes=\"(max-width: 300px) 100vw, 300px\" \/><\/a><p id=\"caption-attachment-1922\" class=\"wp-caption-text\">16 vkoa<\/p><\/div>\n<div id=\"attachment_1890\" style=\"width: 310px\" class=\"wp-caption alignleft\"><a href=\"http:\/\/www.ataciara.fi\/vanillas-honey-wild-and-free-naava\/nn\/\" rel=\"attachment wp-att-1890\"><img aria-describedby=\"caption-attachment-1890\" decoding=\"async\" loading=\"lazy\" class=\"wp-image-1890 size-medium\" src=\"http:\/\/www.ataciara.fi\/wp-content\/uploads\/2019\/04\/nn-300x231.jpg\" alt=\"\" width=\"300\" height=\"231\" srcset=\"http:\/\/www.ataciara.fi\/wp-content\/uploads\/2019\/04\/nn-300x231.jpg 300w, http:\/\/www.ataciara.fi\/wp-content\/uploads\/2019\/04\/nn-768x592.jpg 768w, http:\/\/www.ataciara.fi\/wp-content\/uploads\/2019\/04\/nn-1024x790.jpg 1024w, http:\/\/www.ataciara.fi\/wp-content\/uploads\/2019\/04\/nn.jpg 1946w\" sizes=\"(max-width: 300px) 100vw, 300px\" \/><\/a><p id=\"caption-attachment-1890\" class=\"wp-caption-text\">Naava 7vkoa<\/p><\/div>\n","protected":false},"excerpt":{"rendered":"<p>Rekisterinumero:\u00a0FI20949\/19 Syntym\u00e4aika:\u00a03.3.2019 V\u00e4ri: Parkki vaalein merkein Terveystulokset: Lonkat B\/B Kyyn\u00e4rp\u00e4\u00e4t 0\/0 selk\u00e4 Ltv 0, Sp 0 Silm\u00e4t terveet Polvilumpioluksaatio 0\/0 prcd-PRA terve Pompen terve DM terve CMR terve N\u00e4yttelyt:\u00a0TLNJW-20 TLNW-20, sert Tulokset: Paim-T Hyv\u00e4ksytty Naava jalostustietokannassa Naava ty\u00f6skentelee kasvatus ja &hellip; <a href=\"http:\/\/www.ataciara.fi\/?page_id=1880\">Continue reading <span class=\"meta-nav\">&rarr;<\/span><\/a><\/p>\n","protected":false},"author":2,"featured_media":0,"parent":0,"menu_order":0,"comment_status":"closed","ping_status":"closed","template":"","meta":[],"_links":{"self":[{"href":"http:\/\/www.ataciara.fi\/index.php?rest_route=\/wp\/v2\/pages\/1880"}],"collection":[{"href":"http:\/\/www.ataciara.fi\/index.php?rest_route=\/wp\/v2\/pages"}],"about":[{"href":"http:\/\/www.ataciara.fi\/index.php?rest_route=\/wp\/v2\/types\/page"}],"author":[{"embeddable":true,"href":"http:\/\/www.ataciara.fi\/index.php?rest_route=\/wp\/v2\/users\/2"}],"replies":[{"embeddable":true,"href":"http:\/\/www.ataciara.fi\/index.php?rest_route=%2Fwp%2Fv2%2Fcomments&post=1880"}],"version-history":[{"count":21,"href":"http:\/\/www.ataciara.fi\/index.php?rest_route=\/wp\/v2\/pages\/1880\/revisions"}],"predecessor-version":[{"id":2558,"href":"http:\/\/www.ataciara.fi\/index.php?rest_route=\/wp\/v2\/pages\/1880\/revisions\/2558"}],"wp:attachment":[{"href":"http:\/\/www.ataciara.fi\/index.php?rest_route=%2Fwp%2Fv2%2Fmedia&parent=1880"}],"curies":[{"name":"wp","href":"https:\/\/api.w.org\/{rel}","templated":true}]}}