{"id":1757,"date":"2018-08-12T18:04:09","date_gmt":"2018-08-12T15:04:09","guid":{"rendered":"http:\/\/www.ataciara.fi\/?page_id=1757"},"modified":"2025-01-19T14:31:05","modified_gmt":"2025-01-19T12:31:05","slug":"nartut","status":"publish","type":"page","link":"http:\/\/www.ataciara.fi\/?page_id=1757","title":{"rendered":"Nartut"},"content":{"rendered":"\n<p><a href=\"http:\/\/www.ataciara.fi\/?page_id=980\" data-type=\"page\" data-id=\"980\">Neatut Atauserk\u00b4lu Kissiani (Hilma)<\/a><\/p>\n\n\n\n<p><a href=\"http:\/\/www.ataciara.fi\/?page_id=1137\" data-type=\"page\" data-id=\"1137\">Ataciara Ronja Ry\u00f6v\u00e4rintyt\u00e4r (Ronja)<\/a><\/p>\n\n\n\n<p><a href=\"http:\/\/www.ataciara.fi\/?page_id=1524\" data-type=\"page\" data-id=\"1524\">Fi Mva Ataciara Tiiti\u00e4inen (Lotta)<\/a><\/p>\n\n\n\n<p><a href=\"http:\/\/www.ataciara.fi\/?page_id=1748\" data-type=\"page\" data-id=\"1748\">Fi Mva Chappes Midsummer Night\u00b4s Faith (Olga)<\/a><\/p>\n\n\n\n<p><a href=\"http:\/\/www.ataciara.fi\/?page_id=1930\" data-type=\"page\" data-id=\"1930\">Ataciara Psylocke (Lumo)<\/a><\/p>\n\n\n\n<p><a href=\"http:\/\/www.ataciara.fi\/?page_id=2339\" data-type=\"page\" data-id=\"2339\">Ataciara Vakava Kuu (Senni)<\/a><\/p>\n\n\n\n<p><a href=\"http:\/\/www.ataciara.fi\/?page_id=2432\" data-type=\"page\" data-id=\"2432\">Ataciara Lighthouse on Aleksandria (Aura)<\/a><\/p>\n","protected":false},"excerpt":{"rendered":"<p>Neatut Atauserk\u00b4lu Kissiani (Hilma) Ataciara Ronja Ry\u00f6v\u00e4rintyt\u00e4r (Ronja) Fi Mva Ataciara Tiiti\u00e4inen (Lotta) Fi Mva Chappes Midsummer Night\u00b4s Faith (Olga) Ataciara Psylocke (Lumo) Ataciara Vakava Kuu (Senni) Ataciara Lighthouse on Aleksandria (Aura)<\/p>\n","protected":false},"author":2,"featured_media":0,"parent":0,"menu_order":0,"comment_status":"closed","ping_status":"closed","template":"","meta":[],"_links":{"self":[{"href":"http:\/\/www.ataciara.fi\/index.php?rest_route=\/wp\/v2\/pages\/1757"}],"collection":[{"href":"http:\/\/www.ataciara.fi\/index.php?rest_route=\/wp\/v2\/pages"}],"about":[{"href":"http:\/\/www.ataciara.fi\/index.php?rest_route=\/wp\/v2\/types\/page"}],"author":[{"embeddable":true,"href":"http:\/\/www.ataciara.fi\/index.php?rest_route=\/wp\/v2\/users\/2"}],"replies":[{"embeddable":true,"href":"http:\/\/www.ataciara.fi\/index.php?rest_route=%2Fwp%2Fv2%2Fcomments&post=1757"}],"version-history":[{"count":3,"href":"http:\/\/www.ataciara.fi\/index.php?rest_route=\/wp\/v2\/pages\/1757\/revisions"}],"predecessor-version":[{"id":2685,"href":"http:\/\/www.ataciara.fi\/index.php?rest_route=\/wp\/v2\/pages\/1757\/revisions\/2685"}],"wp:attachment":[{"href":"http:\/\/www.ataciara.fi\/index.php?rest_route=%2Fwp%2Fv2%2Fmedia&parent=1757"}],"curies":[{"name":"wp","href":"https:\/\/api.w.org\/{rel}","templated":true}]}}