{"id":1541,"date":"2017-06-09T14:34:41","date_gmt":"2017-06-09T11:34:41","guid":{"rendered":"http:\/\/www.ataciara.fi\/?page_id=1541"},"modified":"2025-06-29T21:35:00","modified_gmt":"2025-06-29T18:35:00","slug":"kirsi-kunnas-pentue","status":"publish","type":"page","link":"http:\/\/www.ataciara.fi\/?page_id=1541","title":{"rendered":"Am. Kirsi Kunnas pentue"},"content":{"rendered":"<div id=\"attachment_1979\" style=\"width: 310px\" class=\"wp-caption alignleft\"><a href=\"http:\/\/www.ataciara.fi\/kirsi-kunnas-pentue\/dsc_9357-2\/\" rel=\"attachment wp-att-1979\"><img aria-describedby=\"caption-attachment-1979\" decoding=\"async\" loading=\"lazy\" class=\"size-medium wp-image-1979\" src=\"http:\/\/www.ataciara.fi\/wp-content\/uploads\/2017\/06\/DSC_9357-2-300x199.jpg\" alt=\"\" width=\"300\" height=\"199\" srcset=\"http:\/\/www.ataciara.fi\/wp-content\/uploads\/2017\/06\/DSC_9357-2-300x199.jpg 300w, http:\/\/www.ataciara.fi\/wp-content\/uploads\/2017\/06\/DSC_9357-2-768x510.jpg 768w, http:\/\/www.ataciara.fi\/wp-content\/uploads\/2017\/06\/DSC_9357-2-1024x680.jpg 1024w, http:\/\/www.ataciara.fi\/wp-content\/uploads\/2017\/06\/DSC_9357-2.jpg 1735w\" sizes=\"(max-width: 300px) 100vw, 300px\" \/><\/a><p id=\"caption-attachment-1979\" class=\"wp-caption-text\">Utu syksy 2019, Kuva Kari Immonen<\/p><\/div>\n<p><a href=\"https:\/\/jalostus.kennelliitto.fi\/frmKoira.aspx?RekNo=FI29781%2F17&amp;R=243\">FI Mva Ataciara Haitula<\/a><\/p>\n<ul>\n<li>Lonkat A\/A<\/li>\n<li>Kyyn\u00e4rp\u00e4\u00e4t 0\/0<\/li>\n<li>Ltv 0 , Sp0<\/li>\n<\/ul>\n<p><a href=\"http:\/\/www.ataciara.fi\/kirsi-kunnas-pentue\/tuulispaa1\/\" rel=\"attachment wp-att-1556\"><img decoding=\"async\" loading=\"lazy\" class=\"alignleft size-medium wp-image-1556\" src=\"http:\/\/www.ataciara.fi\/wp-content\/uploads\/2017\/06\/Tuulisp\u00e4\u00e41-300x200.jpg\" alt=\"\" width=\"300\" height=\"200\" srcset=\"http:\/\/www.ataciara.fi\/wp-content\/uploads\/2017\/06\/Tuulisp\u00e4\u00e41-300x200.jpg 300w, http:\/\/www.ataciara.fi\/wp-content\/uploads\/2017\/06\/Tuulisp\u00e4\u00e41-768x512.jpg 768w, http:\/\/www.ataciara.fi\/wp-content\/uploads\/2017\/06\/Tuulisp\u00e4\u00e41-1024x683.jpg 1024w, http:\/\/www.ataciara.fi\/wp-content\/uploads\/2017\/06\/Tuulisp\u00e4\u00e41.jpg 2048w\" sizes=\"(max-width: 300px) 100vw, 300px\" \/><\/a><a href=\"https:\/\/jalostus.kennelliitto.fi\/frmKoira.aspx?RekNo=FI29782%2F17&amp;R=243\">Ataciara Tuulisp\u00e4\u00e4<\/a><\/p>\n<ul>\n<li>Lonkat A\/A<\/li>\n<li>Kyyn\u00e4rp\u00e4\u00e4t 0\/0<\/li>\n<li>Silm\u00e4t terveet<\/li>\n<li>LTV 0<\/li>\n<\/ul>\n<p><a href=\"http:\/\/www.ataciara.fi\/kirsi-kunnas-pentue\/korpinpoika\/\" rel=\"attachment wp-att-1549\"><img decoding=\"async\" loading=\"lazy\" class=\"alignleft size-medium wp-image-1549\" src=\"http:\/\/www.ataciara.fi\/wp-content\/uploads\/2017\/06\/korpinpoika-300x200.jpg\" alt=\"\" width=\"300\" height=\"200\" srcset=\"http:\/\/www.ataciara.fi\/wp-content\/uploads\/2017\/06\/korpinpoika-300x200.jpg 300w, http:\/\/www.ataciara.fi\/wp-content\/uploads\/2017\/06\/korpinpoika-768x512.jpg 768w, http:\/\/www.ataciara.fi\/wp-content\/uploads\/2017\/06\/korpinpoika-1024x683.jpg 1024w, http:\/\/www.ataciara.fi\/wp-content\/uploads\/2017\/06\/korpinpoika.jpg 2048w\" sizes=\"(max-width: 300px) 100vw, 300px\" \/><\/a><a href=\"https:\/\/jalostus.kennelliitto.fi\/frmKoira.aspx?RekNo=FI29783%2F17&amp;R=243\">Ataciara Korpinpoika<\/a><\/p>\n<ul>\n<li>Lonkat B\/B<\/li>\n<li>Kyyn\u00e4rp\u00e4\u00e4t 0\/0<\/li>\n<\/ul>\n<p><a href=\"http:\/\/www.ataciara.fi\/kirsi-kunnas-pentue\/metsasatu\/\" rel=\"attachment wp-att-1551\"><img decoding=\"async\" loading=\"lazy\" class=\"alignleft size-medium wp-image-1551\" src=\"http:\/\/www.ataciara.fi\/wp-content\/uploads\/2017\/06\/Mets\u00e4satu-300x200.jpg\" alt=\"\" width=\"300\" height=\"200\" srcset=\"http:\/\/www.ataciara.fi\/wp-content\/uploads\/2017\/06\/Mets\u00e4satu-300x200.jpg 300w, http:\/\/www.ataciara.fi\/wp-content\/uploads\/2017\/06\/Mets\u00e4satu-768x512.jpg 768w, http:\/\/www.ataciara.fi\/wp-content\/uploads\/2017\/06\/Mets\u00e4satu-1024x683.jpg 1024w, http:\/\/www.ataciara.fi\/wp-content\/uploads\/2017\/06\/Mets\u00e4satu.jpg 2048w\" sizes=\"(max-width: 300px) 100vw, 300px\" \/><\/a><a href=\"https:\/\/jalostus.kennelliitto.fi\/frmKoira.aspx?RekNo=FI29785%2F17&amp;R=243\">Ataciara Mets\u00e4satu<\/a><\/p>\n<ul>\n<li>Lonkat C\/B<\/li>\n<li>Kyyn\u00e4rp\u00e4\u00e4t 0\/0<\/li>\n<li>Menehtynyt tapaturmaisesti<\/li>\n<\/ul>\n<div id=\"attachment_1801\" style=\"width: 310px\" class=\"wp-caption alignleft\"><a href=\"http:\/\/www.ataciara.fi\/ataciara-herra-pii-poo-peetu\/48422829_2134587359924800_4715785189479940096_o-2\/\" rel=\"attachment wp-att-1801\"><img aria-describedby=\"caption-attachment-1801\" decoding=\"async\" loading=\"lazy\" class=\"size-medium wp-image-1801\" src=\"http:\/\/www.ataciara.fi\/wp-content\/uploads\/2017\/06\/48422829_2134587359924800_4715785189479940096_o-2-300x219.jpg\" alt=\"\" width=\"300\" height=\"219\" srcset=\"http:\/\/www.ataciara.fi\/wp-content\/uploads\/2017\/06\/48422829_2134587359924800_4715785189479940096_o-2-300x219.jpg 300w, http:\/\/www.ataciara.fi\/wp-content\/uploads\/2017\/06\/48422829_2134587359924800_4715785189479940096_o-2-768x561.jpg 768w, http:\/\/www.ataciara.fi\/wp-content\/uploads\/2017\/06\/48422829_2134587359924800_4715785189479940096_o-2-1024x748.jpg 1024w, http:\/\/www.ataciara.fi\/wp-content\/uploads\/2017\/06\/48422829_2134587359924800_4715785189479940096_o-2.jpg 1533w\" sizes=\"(max-width: 300px) 100vw, 300px\" \/><\/a><p id=\"caption-attachment-1801\" class=\"wp-caption-text\">Peetu 1v 7kk<\/p><\/div>\n<p><a href=\"http:\/\/www.ataciara.fi\/ataciara-herra-pii-poo-peetu\/\">Ataciara Herra Pii Poo<\/a><\/p>\n<ul>\n<li>Lonkat A\/A<\/li>\n<li>Kyyn\u00e4rp\u00e4\u00e4t 0\/0<\/li>\n<li>Silm\u00e4t terveet<\/li>\n<li>Ltv0<\/li>\n<li>REK2<\/li>\n<li>Vara-sert<\/li>\n<\/ul>\n<p><a href=\"http:\/\/www.ataciara.fi\/kirsi-kunnas-pentue\/emanta\/\" rel=\"attachment wp-att-1829\"><img decoding=\"async\" loading=\"lazy\" class=\"alignleft size-medium wp-image-1829\" src=\"http:\/\/www.ataciara.fi\/wp-content\/uploads\/2017\/06\/em\u00e4nt\u00e4-300x300.jpg\" alt=\"\" width=\"300\" height=\"300\" srcset=\"http:\/\/www.ataciara.fi\/wp-content\/uploads\/2017\/06\/em\u00e4nt\u00e4-300x300.jpg 300w, http:\/\/www.ataciara.fi\/wp-content\/uploads\/2017\/06\/em\u00e4nt\u00e4-150x150.jpg 150w, http:\/\/www.ataciara.fi\/wp-content\/uploads\/2017\/06\/em\u00e4nt\u00e4-768x768.jpg 768w, http:\/\/www.ataciara.fi\/wp-content\/uploads\/2017\/06\/em\u00e4nt\u00e4.jpg 960w\" sizes=\"(max-width: 300px) 100vw, 300px\" \/><\/a><a href=\"https:\/\/jalostus.kennelliitto.fi\/frmKoira.aspx?RekNo=FI29779%2F17&amp;R=243\">Ataciara T\u00e4tt\u00e4h\u00e4\u00e4r\u00e4<\/a><\/p>\n<ul>\n<li>Lonkat C\/C<\/li>\n<li>Kyyn\u00e4rp\u00e4\u00e4t 0\/0<\/li>\n<li>Avo EH<\/li>\n<\/ul>\n<div id=\"attachment_1808\" style=\"width: 310px\" class=\"wp-caption alignleft\"><a href=\"http:\/\/www.ataciara.fi\/ataciara-tiitiainen-lotta\/48408845_2134584103258459_3914185803458150400_o-2\/\" rel=\"attachment wp-att-1808\"><img aria-describedby=\"caption-attachment-1808\" decoding=\"async\" loading=\"lazy\" class=\"size-medium wp-image-1808\" src=\"http:\/\/www.ataciara.fi\/wp-content\/uploads\/2017\/06\/48408845_2134584103258459_3914185803458150400_o-2-300x217.jpg\" alt=\"\" width=\"300\" height=\"217\" srcset=\"http:\/\/www.ataciara.fi\/wp-content\/uploads\/2017\/06\/48408845_2134584103258459_3914185803458150400_o-2-300x217.jpg 300w, http:\/\/www.ataciara.fi\/wp-content\/uploads\/2017\/06\/48408845_2134584103258459_3914185803458150400_o-2-768x555.jpg 768w, http:\/\/www.ataciara.fi\/wp-content\/uploads\/2017\/06\/48408845_2134584103258459_3914185803458150400_o-2-1024x740.jpg 1024w, http:\/\/www.ataciara.fi\/wp-content\/uploads\/2017\/06\/48408845_2134584103258459_3914185803458150400_o-2.jpg 1559w\" sizes=\"(max-width: 300px) 100vw, 300px\" \/><\/a><p id=\"caption-attachment-1808\" class=\"wp-caption-text\">Lotta 1v 7kk<\/p><\/div>\n<p><a href=\"http:\/\/www.ataciara.fi\/ataciara-tiitiainen-lotta\/\">Fi Mva Ataciara Tiit\u00e4inen<\/a><\/p>\n<ul>\n<li>Lonkat B\/B<\/li>\n<li>Kyyn\u00e4rp\u00e4\u00e4t 0\/0<\/li>\n<li>Silm\u00e4t terveet<\/li>\n<li>Ltv1<\/li>\n<li>Rek 2<\/li>\n<\/ul>\n<p><a href=\"http:\/\/www.ataciara.fi\/etusivu\/pentue-mainos-versio-valmis-1\/\" rel=\"attachment wp-att-1417\"><img decoding=\"async\" loading=\"lazy\" class=\"alignleft size-medium wp-image-1417\" src=\"http:\/\/www.ataciara.fi\/wp-content\/uploads\/2011\/11\/pentue-mainos-versio-valmis-1-300x240.jpg\" alt=\"\" width=\"300\" height=\"240\" srcset=\"http:\/\/www.ataciara.fi\/wp-content\/uploads\/2011\/11\/pentue-mainos-versio-valmis-1-300x240.jpg 300w, http:\/\/www.ataciara.fi\/wp-content\/uploads\/2011\/11\/pentue-mainos-versio-valmis-1-768x615.jpg 768w, http:\/\/www.ataciara.fi\/wp-content\/uploads\/2011\/11\/pentue-mainos-versio-valmis-1-1024x819.jpg 1024w, http:\/\/www.ataciara.fi\/wp-content\/uploads\/2011\/11\/pentue-mainos-versio-valmis-1.jpg 1136w\" sizes=\"(max-width: 300px) 100vw, 300px\" \/><\/a><\/p>\n","protected":false},"excerpt":{"rendered":"<p>FI Mva Ataciara Haitula Lonkat A\/A Kyyn\u00e4rp\u00e4\u00e4t 0\/0 Ltv 0 , Sp0 Ataciara Tuulisp\u00e4\u00e4 Lonkat A\/A Kyyn\u00e4rp\u00e4\u00e4t 0\/0 Silm\u00e4t terveet LTV 0 Ataciara Korpinpoika Lonkat B\/B Kyyn\u00e4rp\u00e4\u00e4t 0\/0 Ataciara Mets\u00e4satu Lonkat C\/B Kyyn\u00e4rp\u00e4\u00e4t 0\/0 Menehtynyt tapaturmaisesti Ataciara Herra Pii Poo &hellip; <a href=\"http:\/\/www.ataciara.fi\/?page_id=1541\">Continue reading <span class=\"meta-nav\">&rarr;<\/span><\/a><\/p>\n","protected":false},"author":2,"featured_media":0,"parent":0,"menu_order":0,"comment_status":"closed","ping_status":"closed","template":"","meta":[],"_links":{"self":[{"href":"http:\/\/www.ataciara.fi\/index.php?rest_route=\/wp\/v2\/pages\/1541"}],"collection":[{"href":"http:\/\/www.ataciara.fi\/index.php?rest_route=\/wp\/v2\/pages"}],"about":[{"href":"http:\/\/www.ataciara.fi\/index.php?rest_route=\/wp\/v2\/types\/page"}],"author":[{"embeddable":true,"href":"http:\/\/www.ataciara.fi\/index.php?rest_route=\/wp\/v2\/users\/2"}],"replies":[{"embeddable":true,"href":"http:\/\/www.ataciara.fi\/index.php?rest_route=%2Fwp%2Fv2%2Fcomments&post=1541"}],"version-history":[{"count":8,"href":"http:\/\/www.ataciara.fi\/index.php?rest_route=\/wp\/v2\/pages\/1541\/revisions"}],"predecessor-version":[{"id":2751,"href":"http:\/\/www.ataciara.fi\/index.php?rest_route=\/wp\/v2\/pages\/1541\/revisions\/2751"}],"wp:attachment":[{"href":"http:\/\/www.ataciara.fi\/index.php?rest_route=%2Fwp%2Fv2%2Fmedia&parent=1541"}],"curies":[{"name":"wp","href":"https:\/\/api.w.org\/{rel}","templated":true}]}}