{"id":1526,"date":"2017-06-09T13:56:43","date_gmt":"2017-06-09T10:56:43","guid":{"rendered":"http:\/\/www.ataciara.fi\/?page_id=1526"},"modified":"2023-03-04T10:30:06","modified_gmt":"2023-03-04T08:30:06","slug":"ataciara-herra-pii-poo-peetu","status":"publish","type":"page","link":"http:\/\/www.ataciara.fi\/?page_id=1526","title":{"rendered":"Ataciara Herra Pii Poo (Peetu)"},"content":{"rendered":"<div id=\"attachment_1801\" style=\"width: 1543px\" class=\"wp-caption alignleft\"><a href=\"http:\/\/www.ataciara.fi\/ataciara-herra-pii-poo-peetu\/48422829_2134587359924800_4715785189479940096_o-2\/\" rel=\"attachment wp-att-1801\"><img aria-describedby=\"caption-attachment-1801\" decoding=\"async\" loading=\"lazy\" class=\"size-full wp-image-1801\" src=\"http:\/\/www.ataciara.fi\/wp-content\/uploads\/2017\/06\/48422829_2134587359924800_4715785189479940096_o-2.jpg\" alt=\"\" width=\"1533\" height=\"1120\" srcset=\"http:\/\/www.ataciara.fi\/wp-content\/uploads\/2017\/06\/48422829_2134587359924800_4715785189479940096_o-2.jpg 1533w, http:\/\/www.ataciara.fi\/wp-content\/uploads\/2017\/06\/48422829_2134587359924800_4715785189479940096_o-2-300x219.jpg 300w, http:\/\/www.ataciara.fi\/wp-content\/uploads\/2017\/06\/48422829_2134587359924800_4715785189479940096_o-2-768x561.jpg 768w, http:\/\/www.ataciara.fi\/wp-content\/uploads\/2017\/06\/48422829_2134587359924800_4715785189479940096_o-2-1024x748.jpg 1024w\" sizes=\"(max-width: 1533px) 100vw, 1533px\" \/><\/a><p id=\"caption-attachment-1801\" class=\"wp-caption-text\">Peetu 1v 7kk<\/p><\/div>\n<h3 class=\"mceTemp\"><a href=\"https:\/\/jalostus.kennelliitto.fi\/frmKoira.aspx?RekNo=FI29784\/17&amp;R=243\">Peetu Koiranetiss\u00e4<\/a><\/h3>\n<ul>\n<li><strong>Rekisterinumero<\/strong>:FI29784\/17<\/li>\n<li><strong>Syntym\u00e4aika<\/strong>: 26.04.2017<\/li>\n<li><strong>V\u00e4ri<\/strong>:\u00a0mustavalkoinen<\/li>\n<li><strong>Terveystulokset<\/strong>:<\/li>\n<li>silm\u00e4t terveet<\/li>\n<li>Lonkat A\/A<\/li>\n<li>Kyyn\u00e4rp\u00e4\u00e4t 0\/0<\/li>\n<li>selk\u00e4: Ltv 0<\/li>\n<li>Pn terve<\/li>\n<li>Pitk\u00e4turkkigeeni: Kantaja<\/li>\n<li><strong>N\u00e4yttelyt: <\/strong>K\u00e4y eri sa, varasert<\/li>\n<li><strong>Tulokset:<\/strong> Rek2<\/li>\n<\/ul>\n<p><a href=\"http:\/\/www.ataciara.fi\/kirsi-kunnas-pentue\/herra-pii-poo1\/\" rel=\"attachment wp-att-1548\"><img decoding=\"async\" loading=\"lazy\" class=\"alignright wp-image-1548 size-medium\" src=\"http:\/\/www.ataciara.fi\/wp-content\/uploads\/2017\/06\/Herra-Pii-Poo1-200x300.jpg\" alt=\"\" width=\"200\" height=\"300\" srcset=\"http:\/\/www.ataciara.fi\/wp-content\/uploads\/2017\/06\/Herra-Pii-Poo1-200x300.jpg 200w, http:\/\/www.ataciara.fi\/wp-content\/uploads\/2017\/06\/Herra-Pii-Poo1.jpg 640w\" sizes=\"(max-width: 200px) 100vw, 200px\" \/><\/a><\/p>\n<p>Peetu on Mantan toisesta pentueesta kotiin j\u00e4\u00e4nyt uros. Peetu on vahva ja motivoitunut ty\u00f6ntekij\u00e4. \u00c4\u00e4nek\u00e4s ja osallistuva poika, joka rakastaa kaikkia ihmisi\u00e4.<\/p>\n<p>&nbsp;<\/p>\n<div id=\"attachment_1701\" style=\"width: 970px\" class=\"wp-caption alignleft\"><a href=\"http:\/\/www.ataciara.fi\/ataciara-herra-pii-poo-peetu\/29542602_10209032871458375_6152212438692027846_n\/\" rel=\"attachment wp-att-1701\"><img aria-describedby=\"caption-attachment-1701\" decoding=\"async\" loading=\"lazy\" class=\"size-full wp-image-1701\" src=\"http:\/\/www.ataciara.fi\/wp-content\/uploads\/2017\/06\/29542602_10209032871458375_6152212438692027846_n.jpg\" alt=\"\" width=\"960\" height=\"752\" srcset=\"http:\/\/www.ataciara.fi\/wp-content\/uploads\/2017\/06\/29542602_10209032871458375_6152212438692027846_n.jpg 960w, http:\/\/www.ataciara.fi\/wp-content\/uploads\/2017\/06\/29542602_10209032871458375_6152212438692027846_n-300x235.jpg 300w, http:\/\/www.ataciara.fi\/wp-content\/uploads\/2017\/06\/29542602_10209032871458375_6152212438692027846_n-768x602.jpg 768w\" sizes=\"(max-width: 960px) 100vw, 960px\" \/><\/a><p id=\"caption-attachment-1701\" class=\"wp-caption-text\">Peetu 10kk<\/p><\/div>\n<div id=\"attachment_1547\" style=\"width: 310px\" class=\"wp-caption alignleft\"><a href=\"http:\/\/www.ataciara.fi\/kirsi-kunnas-pentue\/herra-pii-poo\/\" rel=\"attachment wp-att-1547\"><img aria-describedby=\"caption-attachment-1547\" decoding=\"async\" loading=\"lazy\" class=\"wp-image-1547 size-medium\" src=\"http:\/\/www.ataciara.fi\/wp-content\/uploads\/2017\/06\/Herra-Pii-Poo-300x200.jpg\" alt=\"\" width=\"300\" height=\"200\" srcset=\"http:\/\/www.ataciara.fi\/wp-content\/uploads\/2017\/06\/Herra-Pii-Poo-300x200.jpg 300w, http:\/\/www.ataciara.fi\/wp-content\/uploads\/2017\/06\/Herra-Pii-Poo-768x512.jpg 768w, http:\/\/www.ataciara.fi\/wp-content\/uploads\/2017\/06\/Herra-Pii-Poo-1024x683.jpg 1024w, http:\/\/www.ataciara.fi\/wp-content\/uploads\/2017\/06\/Herra-Pii-Poo.jpg 2048w\" sizes=\"(max-width: 300px) 100vw, 300px\" \/><\/a><p id=\"caption-attachment-1547\" class=\"wp-caption-text\">7vko<\/p><\/div>\n<div id=\"attachment_1527\" style=\"width: 310px\" class=\"wp-caption alignleft\"><a href=\"http:\/\/www.ataciara.fi\/ataciara-herra-pii-poo-peetu\/18700686_1482996485083894_7161148561328101727_o\/\" rel=\"attachment wp-att-1527\"><img aria-describedby=\"caption-attachment-1527\" decoding=\"async\" loading=\"lazy\" class=\"size-medium wp-image-1527\" src=\"http:\/\/www.ataciara.fi\/wp-content\/uploads\/2017\/06\/18700686_1482996485083894_7161148561328101727_o-300x200.jpg\" alt=\"\" width=\"300\" height=\"200\" srcset=\"http:\/\/www.ataciara.fi\/wp-content\/uploads\/2017\/06\/18700686_1482996485083894_7161148561328101727_o-300x200.jpg 300w, http:\/\/www.ataciara.fi\/wp-content\/uploads\/2017\/06\/18700686_1482996485083894_7161148561328101727_o-768x512.jpg 768w, http:\/\/www.ataciara.fi\/wp-content\/uploads\/2017\/06\/18700686_1482996485083894_7161148561328101727_o-1024x683.jpg 1024w, http:\/\/www.ataciara.fi\/wp-content\/uploads\/2017\/06\/18700686_1482996485083894_7161148561328101727_o.jpg 1296w\" sizes=\"(max-width: 300px) 100vw, 300px\" \/><\/a><p id=\"caption-attachment-1527\" class=\"wp-caption-text\">Peetu 6vkoa<\/p><\/div>\n","protected":false},"excerpt":{"rendered":"<p>Peetu Koiranetiss\u00e4 Rekisterinumero:FI29784\/17 Syntym\u00e4aika: 26.04.2017 V\u00e4ri:\u00a0mustavalkoinen Terveystulokset: silm\u00e4t terveet Lonkat A\/A Kyyn\u00e4rp\u00e4\u00e4t 0\/0 selk\u00e4: Ltv 0 Pn terve Pitk\u00e4turkkigeeni: Kantaja N\u00e4yttelyt: K\u00e4y eri sa, varasert Tulokset: Rek2 Peetu on Mantan toisesta pentueesta kotiin j\u00e4\u00e4nyt uros. Peetu on vahva ja motivoitunut &hellip; <a href=\"http:\/\/www.ataciara.fi\/?page_id=1526\">Continue reading <span class=\"meta-nav\">&rarr;<\/span><\/a><\/p>\n","protected":false},"author":2,"featured_media":0,"parent":0,"menu_order":0,"comment_status":"closed","ping_status":"closed","template":"","meta":[],"_links":{"self":[{"href":"http:\/\/www.ataciara.fi\/index.php?rest_route=\/wp\/v2\/pages\/1526"}],"collection":[{"href":"http:\/\/www.ataciara.fi\/index.php?rest_route=\/wp\/v2\/pages"}],"about":[{"href":"http:\/\/www.ataciara.fi\/index.php?rest_route=\/wp\/v2\/types\/page"}],"author":[{"embeddable":true,"href":"http:\/\/www.ataciara.fi\/index.php?rest_route=\/wp\/v2\/users\/2"}],"replies":[{"embeddable":true,"href":"http:\/\/www.ataciara.fi\/index.php?rest_route=%2Fwp%2Fv2%2Fcomments&post=1526"}],"version-history":[{"count":20,"href":"http:\/\/www.ataciara.fi\/index.php?rest_route=\/wp\/v2\/pages\/1526\/revisions"}],"predecessor-version":[{"id":2449,"href":"http:\/\/www.ataciara.fi\/index.php?rest_route=\/wp\/v2\/pages\/1526\/revisions\/2449"}],"wp:attachment":[{"href":"http:\/\/www.ataciara.fi\/index.php?rest_route=%2Fwp%2Fv2%2Fmedia&parent=1526"}],"curies":[{"name":"wp","href":"https:\/\/api.w.org\/{rel}","templated":true}]}}