{"id":1415,"date":"2016-12-28T14:38:19","date_gmt":"2016-12-28T12:38:19","guid":{"rendered":"http:\/\/www.ataciara.fi\/?page_id=1415"},"modified":"2023-01-08T18:12:01","modified_gmt":"2023-01-08T16:12:01","slug":"neatut-ubuqtuq-amanga-sohvi","status":"publish","type":"page","link":"http:\/\/www.ataciara.fi\/?page_id=1415","title":{"rendered":"Neatut Ubuqtuq Amanga (Sohvi)"},"content":{"rendered":"<p><a href=\"http:\/\/www.ataciara.fi\/neatut-ubuqtuq-amanga-sohvi\/69258712_10220072399659906_2017020447266177024_o\/\" rel=\"attachment wp-att-2007\"><img decoding=\"async\" loading=\"lazy\" class=\"alignleft size-full wp-image-2007\" src=\"http:\/\/www.ataciara.fi\/wp-content\/uploads\/2016\/12\/69258712_10220072399659906_2017020447266177024_o.jpg\" alt=\"\" width=\"2048\" height=\"1365\" srcset=\"http:\/\/www.ataciara.fi\/wp-content\/uploads\/2016\/12\/69258712_10220072399659906_2017020447266177024_o.jpg 2048w, http:\/\/www.ataciara.fi\/wp-content\/uploads\/2016\/12\/69258712_10220072399659906_2017020447266177024_o-300x200.jpg 300w, http:\/\/www.ataciara.fi\/wp-content\/uploads\/2016\/12\/69258712_10220072399659906_2017020447266177024_o-768x512.jpg 768w, http:\/\/www.ataciara.fi\/wp-content\/uploads\/2016\/12\/69258712_10220072399659906_2017020447266177024_o-1024x683.jpg 1024w\" sizes=\"(max-width: 2048px) 100vw, 2048px\" \/><\/a><\/p>\n<p>&nbsp;<\/p>\n<p>Sohvi <a href=\"http:\/\/jalostus.kennelliitto.fi\/frmKoira.aspx?RekNo=FI52295%2F16&amp;R=243\">koiranetiss\u00e4<\/a><\/p>\n<ul>\n<li><strong>Rekisterinumero<\/strong>:\u00a0FI52295\/16<\/li>\n<li><strong>Syntym\u00e4aika<\/strong>: 8.10.2016<\/li>\n<li><strong>V\u00e4ri<\/strong>: mustavalkoinen<\/li>\n<li><strong>Terveys:<\/strong><\/li>\n<li>Lonkat B\/B<\/li>\n<li>Kyyn\u00e4rp\u00e4\u00e4t 0\/0<\/li>\n<li>SElk\u00e4 LTV0, SP0<\/li>\n<li>PN ei kantaja<\/li>\n<li>Silm\u00e4t Ok<\/li>\n<li><strong>N\u00e4yttelyt<\/strong>: K\u00e4y eri<\/li>\n<\/ul>\n<p><a href=\"http:\/\/www.ataciara.fi\/neatut-ubuqtuq-amanga-sohvi\/cfrfv\/\" rel=\"attachment wp-att-1605\"><img decoding=\"async\" loading=\"lazy\" class=\"alignleft size-medium wp-image-1605\" src=\"http:\/\/www.ataciara.fi\/wp-content\/uploads\/2016\/12\/cfrfv-300x200.jpg\" alt=\"\" width=\"300\" height=\"200\" srcset=\"http:\/\/www.ataciara.fi\/wp-content\/uploads\/2016\/12\/cfrfv-300x200.jpg 300w, http:\/\/www.ataciara.fi\/wp-content\/uploads\/2016\/12\/cfrfv-768x512.jpg 768w, http:\/\/www.ataciara.fi\/wp-content\/uploads\/2016\/12\/cfrfv-1024x683.jpg 1024w\" sizes=\"(max-width: 300px) 100vw, 300px\" \/><\/a><\/p>\n<p>Sohvi on\u00a0 \u00a0iloinen ja sosiaalinen narttu. Valjaissa Sohvi toimii hienosti\u00a0 ja on laumassa helppo ja sosiaalinen.<\/p>\n<p>Sohvilla on yksi pentue Kennel Neatutille sek\u00e4 Antiikin ihmeet pentue Ataciaralle.<\/p>\n<p>Sohvi asuu nykyisin yst\u00e4vien luona Lahdessa Akivan kaverina<\/p>\n<p><a href=\"http:\/\/www.ataciara.fi\/neatut-ubuqtuq-amanga-sohvi\/69317811_10220072399459901_179765319303168000_o\/\" rel=\"attachment wp-att-2009\"><img decoding=\"async\" loading=\"lazy\" class=\"alignleft size-medium wp-image-2009\" src=\"http:\/\/www.ataciara.fi\/wp-content\/uploads\/2016\/12\/69317811_10220072399459901_179765319303168000_o-300x200.jpg\" alt=\"\" width=\"300\" height=\"200\" srcset=\"http:\/\/www.ataciara.fi\/wp-content\/uploads\/2016\/12\/69317811_10220072399459901_179765319303168000_o-300x200.jpg 300w, http:\/\/www.ataciara.fi\/wp-content\/uploads\/2016\/12\/69317811_10220072399459901_179765319303168000_o-768x512.jpg 768w, http:\/\/www.ataciara.fi\/wp-content\/uploads\/2016\/12\/69317811_10220072399459901_179765319303168000_o-1024x683.jpg 1024w, http:\/\/www.ataciara.fi\/wp-content\/uploads\/2016\/12\/69317811_10220072399459901_179765319303168000_o.jpg 2048w\" sizes=\"(max-width: 300px) 100vw, 300px\" \/><\/a><a href=\"http:\/\/www.ataciara.fi\/neatut-ubuqtuq-amanga-sohvi\/s3\/\" rel=\"attachment wp-att-1422\"><img decoding=\"async\" loading=\"lazy\" class=\"aligncenter size-medium wp-image-1422\" src=\"http:\/\/www.ataciara.fi\/wp-content\/uploads\/2016\/12\/s3-220x300.jpg\" alt=\"s3\" width=\"220\" height=\"300\" srcset=\"http:\/\/www.ataciara.fi\/wp-content\/uploads\/2016\/12\/s3-220x300.jpg 220w, http:\/\/www.ataciara.fi\/wp-content\/uploads\/2016\/12\/s3-768x1047.jpg 768w, http:\/\/www.ataciara.fi\/wp-content\/uploads\/2016\/12\/s3-751x1024.jpg 751w\" sizes=\"(max-width: 220px) 100vw, 220px\" \/><\/a><\/p>\n<div id=\"attachment_1421\" style=\"width: 650px\" class=\"wp-caption aligncenter\"><a href=\"http:\/\/www.ataciara.fi\/neatut-ubuqtuq-amanga-sohvi\/s2\/\" rel=\"attachment wp-att-1421\"><img aria-describedby=\"caption-attachment-1421\" decoding=\"async\" loading=\"lazy\" class=\"wp-image-1421 size-large\" src=\"http:\/\/www.ataciara.fi\/wp-content\/uploads\/2016\/12\/s2-1024x721.jpg\" alt=\"Sohvi 11vkoa\" width=\"640\" height=\"451\" srcset=\"http:\/\/www.ataciara.fi\/wp-content\/uploads\/2016\/12\/s2-1024x721.jpg 1024w, http:\/\/www.ataciara.fi\/wp-content\/uploads\/2016\/12\/s2-300x211.jpg 300w, http:\/\/www.ataciara.fi\/wp-content\/uploads\/2016\/12\/s2-768x541.jpg 768w\" sizes=\"(max-width: 640px) 100vw, 640px\" \/><\/a><p id=\"caption-attachment-1421\" class=\"wp-caption-text\">Sohvi 11vkoa<\/p><\/div>\n","protected":false},"excerpt":{"rendered":"<p>&nbsp; Sohvi koiranetiss\u00e4 Rekisterinumero:\u00a0FI52295\/16 Syntym\u00e4aika: 8.10.2016 V\u00e4ri: mustavalkoinen Terveys: Lonkat B\/B Kyyn\u00e4rp\u00e4\u00e4t 0\/0 SElk\u00e4 LTV0, SP0 PN ei kantaja Silm\u00e4t Ok N\u00e4yttelyt: K\u00e4y eri Sohvi on\u00a0 \u00a0iloinen ja sosiaalinen narttu. Valjaissa Sohvi toimii hienosti\u00a0 ja on laumassa helppo ja sosiaalinen. &hellip; <a href=\"http:\/\/www.ataciara.fi\/?page_id=1415\">Continue reading <span class=\"meta-nav\">&rarr;<\/span><\/a><\/p>\n","protected":false},"author":2,"featured_media":0,"parent":0,"menu_order":0,"comment_status":"closed","ping_status":"closed","template":"","meta":[],"_links":{"self":[{"href":"http:\/\/www.ataciara.fi\/index.php?rest_route=\/wp\/v2\/pages\/1415"}],"collection":[{"href":"http:\/\/www.ataciara.fi\/index.php?rest_route=\/wp\/v2\/pages"}],"about":[{"href":"http:\/\/www.ataciara.fi\/index.php?rest_route=\/wp\/v2\/types\/page"}],"author":[{"embeddable":true,"href":"http:\/\/www.ataciara.fi\/index.php?rest_route=\/wp\/v2\/users\/2"}],"replies":[{"embeddable":true,"href":"http:\/\/www.ataciara.fi\/index.php?rest_route=%2Fwp%2Fv2%2Fcomments&post=1415"}],"version-history":[{"count":15,"href":"http:\/\/www.ataciara.fi\/index.php?rest_route=\/wp\/v2\/pages\/1415\/revisions"}],"predecessor-version":[{"id":2443,"href":"http:\/\/www.ataciara.fi\/index.php?rest_route=\/wp\/v2\/pages\/1415\/revisions\/2443"}],"wp:attachment":[{"href":"http:\/\/www.ataciara.fi\/index.php?rest_route=%2Fwp%2Fv2%2Fmedia&parent=1415"}],"curies":[{"name":"wp","href":"https:\/\/api.w.org\/{rel}","templated":true}]}}