{"id":13,"date":"2011-11-20T22:14:42","date_gmt":"2011-11-20T20:14:42","guid":{"rendered":"http:\/\/www.ataciara.fi\/?page_id=13"},"modified":"2017-06-21T01:25:40","modified_gmt":"2017-06-20T22:25:40","slug":"fidelis-bira-unna","status":"publish","type":"page","link":"http:\/\/www.ataciara.fi\/?page_id=13","title":{"rendered":"Fidelis Bir\u00e4 (Unna)"},"content":{"rendered":"<div id=\"attachment_1615\" style=\"width: 650px\" class=\"wp-caption alignleft\"><a href=\"http:\/\/www.ataciara.fi\/suomenlapinkoirat\/fidelis-bira-unna\/ee\/\" rel=\"attachment wp-att-1615\"><img aria-describedby=\"caption-attachment-1615\" decoding=\"async\" loading=\"lazy\" class=\"wp-image-1615 size-large\" src=\"http:\/\/www.ataciara.fi\/wp-content\/uploads\/2011\/11\/ee-1024x683.jpg\" alt=\"\" width=\"640\" height=\"427\" srcset=\"http:\/\/www.ataciara.fi\/wp-content\/uploads\/2011\/11\/ee-1024x683.jpg 1024w, http:\/\/www.ataciara.fi\/wp-content\/uploads\/2011\/11\/ee-300x200.jpg 300w, http:\/\/www.ataciara.fi\/wp-content\/uploads\/2011\/11\/ee-768x512.jpg 768w\" sizes=\"(max-width: 640px) 100vw, 640px\" \/><\/a><p id=\"caption-attachment-1615\" class=\"wp-caption-text\">9v<\/p><\/div>\n<p><a href=\"http:\/\/www.ataciara.fi\/suomenlapinkoirat\/fidelis-bira-unna\/fff\/\" rel=\"attachment wp-att-1614\"><img decoding=\"async\" loading=\"lazy\" class=\"alignleft size-medium wp-image-1614\" src=\"http:\/\/www.ataciara.fi\/wp-content\/uploads\/2011\/11\/fff-200x300.jpg\" alt=\"\" width=\"200\" height=\"300\" srcset=\"http:\/\/www.ataciara.fi\/wp-content\/uploads\/2011\/11\/fff-200x300.jpg 200w, http:\/\/www.ataciara.fi\/wp-content\/uploads\/2011\/11\/fff-768x1152.jpg 768w, http:\/\/www.ataciara.fi\/wp-content\/uploads\/2011\/11\/fff-683x1024.jpg 683w, http:\/\/www.ataciara.fi\/wp-content\/uploads\/2011\/11\/fff.jpg 2000w\" sizes=\"(max-width: 200px) 100vw, 200px\" \/><\/a><\/p>\n<p><a href=\"http:\/\/jalostus.kennelliitto.fi\/frmKoira.aspx?RekNo=FIN31989\/08&amp;R=\" target=\"_blank\" rel=\"noopener\">Unna koiranetiss\u00e4<\/a><\/p>\n<ul>\n<li><strong>Rekisterinumero<\/strong>: FIN31989\/08<\/li>\n<li><strong>Syntym\u00e4aika<\/strong>: 25.2.2008<\/li>\n<li><strong>V\u00e4ri<\/strong>: Musta vaalein merkein<\/li>\n<li><strong>Terveystulokset<\/strong>:\n<ul>\n<li>11.12.2010 silm\u00e4tutkimus: ei todettuja silm\u00e4sairauksia<\/li>\n<li>11.12.2010 polvilumpiolux.med: 0\/0<\/li>\n<li>23.04.2010 lonkkanivel: A\/B<\/li>\n<\/ul>\n<\/li>\n<li><strong>N\u00e4yttelyt<\/strong>: sert<\/li>\n<\/ul>\n<p style=\"text-align: justify;\">Unna on luonteeltaan hieman pehme\u00e4 kaikkeen sopeutuva tytt\u00f6. Unna sopeutuu hyvin kaikkiin uusiin tilanteisiin, tyt\u00f6n kanssa on helppo matkustella sek\u00e4 harrastaa kaikenlaista. Unnaa ei tarvitse eik\u00e4 kannatakaan komentaa kovasti. Unna on todellinen \u00e4itin tytt\u00f6, vaikka muistakin ihmisist\u00e4 pit\u00e4\u00e4. \u00c4itin kainalossa voi hyvin nukkua ja rapsuttaa ei tietenk\u00e4\u00e4n voi liikaa. Kaikkiin ihmisiin Unna suhtautuu lappalaiseen tapaan eritt\u00e4in yst\u00e4v\u00e4llisesti ja heitt\u00e4ytyy heti sel\u00e4lleen rapsuteltavaksi.<\/p>\n<p style=\"text-align: justify;\">Vieraisiinkin koiriin Unna suhtautuu yst\u00e4v\u00e4llisesti ja olisi mielell\u00e4\u00e4n haastamassa muita leikkim\u00e4\u00e4nkin.<\/p>\n<div id=\"attachment_1198\" style=\"width: 970px\" class=\"wp-caption aligncenter\"><a href=\"http:\/\/www.ataciara.fi\/suomenlapinkoirat\/fidelis-bira-unna\/9454_10201854256877497_7112255715969068165_n\/\" rel=\"attachment wp-att-1198\"><img aria-describedby=\"caption-attachment-1198\" decoding=\"async\" loading=\"lazy\" class=\"size-full wp-image-1198\" src=\"http:\/\/www.ataciara.fi\/wp-content\/uploads\/2011\/11\/9454_10201854256877497_7112255715969068165_n.jpg\" alt=\"Unna 6v8kk\" width=\"960\" height=\"640\" srcset=\"http:\/\/www.ataciara.fi\/wp-content\/uploads\/2011\/11\/9454_10201854256877497_7112255715969068165_n.jpg 960w, http:\/\/www.ataciara.fi\/wp-content\/uploads\/2011\/11\/9454_10201854256877497_7112255715969068165_n-300x200.jpg 300w\" sizes=\"(max-width: 960px) 100vw, 960px\" \/><\/a><p id=\"caption-attachment-1198\" class=\"wp-caption-text\">Unna 6v8kk<\/p><\/div>\n<div id=\"attachment_632\" style=\"width: 217px\" class=\"wp-caption alignright\"><a href=\"http:\/\/www.ataciara.fi\/suomenlapinkoirat\/fidelis-bira-unna\/seisoo-2\/\" rel=\"attachment wp-att-632\"><img aria-describedby=\"caption-attachment-632\" decoding=\"async\" loading=\"lazy\" class=\"wp-image-632 \" title=\"Fidelis Bir\u00e4\" src=\"http:\/\/www.ataciara.fi\/wp-content\/uploads\/2012\/01\/seisoo-300x285.jpg\" alt=\"\" width=\"207\" height=\"197\" srcset=\"http:\/\/www.ataciara.fi\/wp-content\/uploads\/2012\/01\/seisoo-300x285.jpg 300w, http:\/\/www.ataciara.fi\/wp-content\/uploads\/2012\/01\/seisoo-1024x976.jpg 1024w, http:\/\/www.ataciara.fi\/wp-content\/uploads\/2012\/01\/seisoo.jpg 1175w\" sizes=\"(max-width: 207px) 100vw, 207px\" \/><\/a><p id=\"caption-attachment-632\" class=\"wp-caption-text\">Fidelis Bir\u00e4<\/p><\/div>\n<div id=\"attachment_590\" style=\"width: 268px\" class=\"wp-caption alignleft\"><a href=\"http:\/\/www.ataciara.fi\/suomenlapinkoirat\/fidelis-bira-unna\/img_4806\/\" rel=\"attachment wp-att-590\"><img aria-describedby=\"caption-attachment-590\" decoding=\"async\" loading=\"lazy\" class=\"wp-image-590 \" title=\"Unna\" src=\"http:\/\/www.ataciara.fi\/wp-content\/uploads\/2012\/01\/IMG_4806-300x200.jpg\" alt=\"\" width=\"258\" height=\"176\" \/><\/a><p id=\"caption-attachment-590\" class=\"wp-caption-text\">Unna Jouluna 2011<\/p><\/div>\n<div id=\"attachment_294\" style=\"width: 275px\" class=\"wp-caption alignleft\"><a href=\"http:\/\/www.ataciara.fi\/suomenlapinkoirat\/fidelis-bira-unna\/img_4152\/\" rel=\"attachment wp-att-294\"><img aria-describedby=\"caption-attachment-294\" decoding=\"async\" loading=\"lazy\" class=\" wp-image-294 \" title=\"IMG_4152\" src=\"http:\/\/www.ataciara.fi\/wp-content\/uploads\/2011\/12\/IMG_4152-300x200.jpg\" alt=\"\" width=\"265\" height=\"176\" srcset=\"http:\/\/www.ataciara.fi\/wp-content\/uploads\/2011\/12\/IMG_4152-300x200.jpg 300w, http:\/\/www.ataciara.fi\/wp-content\/uploads\/2011\/12\/IMG_4152-1024x682.jpg 1024w\" sizes=\"(max-width: 265px) 100vw, 265px\" \/><\/a><p id=\"caption-attachment-294\" class=\"wp-caption-text\">Unna<\/p><\/div>\n<div id=\"attachment_190\" style=\"width: 233px\" class=\"wp-caption alignright\"><a href=\"http:\/\/www.ataciara.fi\/suomenlapinkoirat\/fidelis-bira-unna\/hyppaa\/\" rel=\"attachment wp-att-190\"><img aria-describedby=\"caption-attachment-190\" decoding=\"async\" loading=\"lazy\" class=\"wp-image-190 \" title=\" Unna hypp\u00e4\u00e4\" src=\"http:\/\/www.ataciara.fi\/wp-content\/uploads\/2011\/11\/Hypp%C3%A4%C3%A4.jpg\" alt=\"\" width=\"223\" height=\"149\" \/><\/a><p id=\"caption-attachment-190\" class=\"wp-caption-text\">Unna hypp\u00e4\u00e4<\/p><\/div>\n","protected":false},"excerpt":{"rendered":"<p>Unna koiranetiss\u00e4 Rekisterinumero: FIN31989\/08 Syntym\u00e4aika: 25.2.2008 V\u00e4ri: Musta vaalein merkein Terveystulokset: 11.12.2010 silm\u00e4tutkimus: ei todettuja silm\u00e4sairauksia 11.12.2010 polvilumpiolux.med: 0\/0 23.04.2010 lonkkanivel: A\/B N\u00e4yttelyt: sert Unna on luonteeltaan hieman pehme\u00e4 kaikkeen sopeutuva tytt\u00f6. Unna sopeutuu hyvin kaikkiin uusiin tilanteisiin, tyt\u00f6n kanssa &hellip; <a href=\"http:\/\/www.ataciara.fi\/?page_id=13\">Continue reading <span class=\"meta-nav\">&rarr;<\/span><\/a><\/p>\n","protected":false},"author":3,"featured_media":0,"parent":5,"menu_order":0,"comment_status":"closed","ping_status":"open","template":"","meta":[],"_links":{"self":[{"href":"http:\/\/www.ataciara.fi\/index.php?rest_route=\/wp\/v2\/pages\/13"}],"collection":[{"href":"http:\/\/www.ataciara.fi\/index.php?rest_route=\/wp\/v2\/pages"}],"about":[{"href":"http:\/\/www.ataciara.fi\/index.php?rest_route=\/wp\/v2\/types\/page"}],"author":[{"embeddable":true,"href":"http:\/\/www.ataciara.fi\/index.php?rest_route=\/wp\/v2\/users\/3"}],"replies":[{"embeddable":true,"href":"http:\/\/www.ataciara.fi\/index.php?rest_route=%2Fwp%2Fv2%2Fcomments&post=13"}],"version-history":[{"count":61,"href":"http:\/\/www.ataciara.fi\/index.php?rest_route=\/wp\/v2\/pages\/13\/revisions"}],"predecessor-version":[{"id":1617,"href":"http:\/\/www.ataciara.fi\/index.php?rest_route=\/wp\/v2\/pages\/13\/revisions\/1617"}],"up":[{"embeddable":true,"href":"http:\/\/www.ataciara.fi\/index.php?rest_route=\/wp\/v2\/pages\/5"}],"wp:attachment":[{"href":"http:\/\/www.ataciara.fi\/index.php?rest_route=%2Fwp%2Fv2%2Fmedia&parent=13"}],"curies":[{"name":"wp","href":"https:\/\/api.w.org\/{rel}","templated":true}]}}