{"id":1282,"date":"2015-10-17T08:34:40","date_gmt":"2015-10-17T05:34:40","guid":{"rendered":"http:\/\/www.ataciara.fi\/?page_id=1282"},"modified":"2025-01-19T14:41:22","modified_gmt":"2025-01-19T12:41:22","slug":"utamuutin-baldo-de-la-luna-taavi","status":"publish","type":"page","link":"http:\/\/www.ataciara.fi\/?page_id=1282","title":{"rendered":"Utamuutin Baldo De La Luna (Taavi)"},"content":{"rendered":"<div id=\"attachment_1972\" style=\"width: 970px\" class=\"wp-caption alignleft\"><a href=\"http:\/\/www.ataciara.fi\/utamuutin-baldo-de-la-luna-taavi\/taavi\/\" rel=\"attachment wp-att-1972\"><img aria-describedby=\"caption-attachment-1972\" decoding=\"async\" loading=\"lazy\" class=\"wp-image-1972 size-full\" src=\"http:\/\/www.ataciara.fi\/wp-content\/uploads\/2015\/10\/taavi.jpg\" alt=\"\" width=\"960\" height=\"797\" srcset=\"http:\/\/www.ataciara.fi\/wp-content\/uploads\/2015\/10\/taavi.jpg 960w, http:\/\/www.ataciara.fi\/wp-content\/uploads\/2015\/10\/taavi-300x249.jpg 300w, http:\/\/www.ataciara.fi\/wp-content\/uploads\/2015\/10\/taavi-768x638.jpg 768w\" sizes=\"(max-width: 960px) 100vw, 960px\" \/><\/a><p id=\"caption-attachment-1972\" class=\"wp-caption-text\">Taavi 4v<\/p><\/div>\n<p>Taavi <a href=\"http:\/\/jalostus.kennelliitto.fi\/frmKoira.aspx?RekNo=FI48354%2F15&amp;R=243\">koiranetiss\u00e4<\/a><\/p>\n<ul>\n<li><strong>Rekisterinumero<\/strong>:\u00a0FI48354\/15<\/li>\n<li><strong>Syntym\u00e4aika<\/strong>:\u00a030.8.2015<\/li>\n<li><strong>V\u00e4ri<\/strong>: musta harmaa valkoinen<\/li>\n<li><strong>Terveystulokset<\/strong>: PN ei kantaja<\/li>\n<li>14.06.2017\u00a0\u00a0 VA0<\/li>\n<li>LTV1<\/li>\n<li>20.6.2017\u00a0 kyyn\u00e4rnivel 0\/0<\/li>\n<li>lonkkanivel A\/A<\/li>\n<li>21.10.2017 Silm\u00e4t Ok<\/li>\n<li>pitk\u00e4turkkigeeni: Kantaja<\/li>\n<li><strong>N\u00e4yttelyt: <\/strong>K\u00e4y EH<\/li>\n<li><strong>Tulokset: <\/strong>Rek 1<\/li>\n<li>Jalostustustarkastettu hyv\u00e4ksytysti<\/li>\n<\/ul>\n<div id=\"attachment_1973\" style=\"width: 222px\" class=\"wp-caption alignleft\"><a href=\"http:\/\/www.ataciara.fi\/utamuutin-baldo-de-la-luna-taavi\/taavi2\/\" rel=\"attachment wp-att-1973\"><img aria-describedby=\"caption-attachment-1973\" decoding=\"async\" loading=\"lazy\" class=\"wp-image-1973 size-medium\" src=\"http:\/\/www.ataciara.fi\/wp-content\/uploads\/2015\/10\/taavi2-212x300.jpg\" alt=\"\" width=\"212\" height=\"300\" srcset=\"http:\/\/www.ataciara.fi\/wp-content\/uploads\/2015\/10\/taavi2-212x300.jpg 212w, http:\/\/www.ataciara.fi\/wp-content\/uploads\/2015\/10\/taavi2.jpg 679w\" sizes=\"(max-width: 212px) 100vw, 212px\" \/><\/a><p id=\"caption-attachment-1973\" class=\"wp-caption-text\">Taavi 4v<\/p><\/div>\n<div id=\"attachment_1472\" style=\"width: 210px\" class=\"wp-caption alignleft\"><a href=\"http:\/\/www.ataciara.fi\/utamuutin-baldo-de-la-luna-taavi\/14925543_10154867165857044_236621276783728967_n\/\" rel=\"attachment wp-att-1472\"><img aria-describedby=\"caption-attachment-1472\" decoding=\"async\" loading=\"lazy\" class=\"size-medium wp-image-1472\" src=\"http:\/\/www.ataciara.fi\/wp-content\/uploads\/2015\/10\/14925543_10154867165857044_236621276783728967_n-200x300.jpg\" alt=\"\" width=\"200\" height=\"300\" srcset=\"http:\/\/www.ataciara.fi\/wp-content\/uploads\/2015\/10\/14925543_10154867165857044_236621276783728967_n-200x300.jpg 200w, http:\/\/www.ataciara.fi\/wp-content\/uploads\/2015\/10\/14925543_10154867165857044_236621276783728967_n.jpg 640w\" sizes=\"(max-width: 200px) 100vw, 200px\" \/><\/a><p id=\"caption-attachment-1472\" class=\"wp-caption-text\">Taavi Syksy 2016, kuva Marja-Liisa Kiuru<\/p><\/div>\n<div id=\"attachment_1404\" style=\"width: 424px\" class=\"wp-caption aligncenter\"><a href=\"http:\/\/www.ataciara.fi\/utamuutin-baldo-de-la-luna-taavi\/14502950_999684890140079_2952553382921031523_n\/\" rel=\"attachment wp-att-1404\"><img aria-describedby=\"caption-attachment-1404\" decoding=\"async\" loading=\"lazy\" class=\"wp-image-1404 \" src=\"http:\/\/www.ataciara.fi\/wp-content\/uploads\/2015\/10\/14502950_999684890140079_2952553382921031523_n.jpg\" alt=\"14502950_999684890140079_2952553382921031523_n\" width=\"414\" height=\"364\" srcset=\"http:\/\/www.ataciara.fi\/wp-content\/uploads\/2015\/10\/14502950_999684890140079_2952553382921031523_n.jpg 960w, http:\/\/www.ataciara.fi\/wp-content\/uploads\/2015\/10\/14502950_999684890140079_2952553382921031523_n-300x264.jpg 300w, http:\/\/www.ataciara.fi\/wp-content\/uploads\/2015\/10\/14502950_999684890140079_2952553382921031523_n-768x675.jpg 768w\" sizes=\"(max-width: 414px) 100vw, 414px\" \/><\/a><p id=\"caption-attachment-1404\" class=\"wp-caption-text\">Taavi syyskuussa 2016, kuva Kati Bruce<\/p><\/div>\n<ul>\n<li>\n<p><div id=\"attachment_1379\" style=\"width: 310px\" class=\"wp-caption alignright\"><a href=\"http:\/\/www.ataciara.fi\/utamuutin-baldo-de-la-luna-taavi\/7kk\/\" rel=\"attachment wp-att-1379\"><img aria-describedby=\"caption-attachment-1379\" decoding=\"async\" loading=\"lazy\" class=\"wp-image-1379 size-medium\" src=\"http:\/\/www.ataciara.fi\/wp-content\/uploads\/2015\/10\/7kk-300x200.jpg\" alt=\"Taavi 7kk\" width=\"300\" height=\"200\" srcset=\"http:\/\/www.ataciara.fi\/wp-content\/uploads\/2015\/10\/7kk-300x200.jpg 300w, http:\/\/www.ataciara.fi\/wp-content\/uploads\/2015\/10\/7kk-768x512.jpg 768w, http:\/\/www.ataciara.fi\/wp-content\/uploads\/2015\/10\/7kk.jpg 1024w\" sizes=\"(max-width: 300px) 100vw, 300px\" \/><\/a><p id=\"caption-attachment-1379\" class=\"wp-caption-text\">Taavi 7kk<\/p><\/div><\/li>\n<\/ul>\n<div id=\"attachment_1358\" style=\"width: 435px\" class=\"wp-caption alignleft\"><a href=\"http:\/\/www.ataciara.fi\/utamuutin-baldo-de-la-luna-taavi\/1538883_1038659566184257_6147853596025867429_n\/\" rel=\"attachment wp-att-1358\"><img aria-describedby=\"caption-attachment-1358\" decoding=\"async\" loading=\"lazy\" class=\" wp-image-1358\" src=\"http:\/\/www.ataciara.fi\/wp-content\/uploads\/2015\/10\/1538883_1038659566184257_6147853596025867429_n.jpg\" alt=\"Taavi 4kk\" width=\"425\" height=\"304\" srcset=\"http:\/\/www.ataciara.fi\/wp-content\/uploads\/2015\/10\/1538883_1038659566184257_6147853596025867429_n.jpg 960w, http:\/\/www.ataciara.fi\/wp-content\/uploads\/2015\/10\/1538883_1038659566184257_6147853596025867429_n-300x215.jpg 300w\" sizes=\"(max-width: 425px) 100vw, 425px\" \/><\/a><p id=\"caption-attachment-1358\" class=\"wp-caption-text\">Taavi 4kk<\/p><\/div>\n","protected":false},"excerpt":{"rendered":"<p>Taavi koiranetiss\u00e4 Rekisterinumero:\u00a0FI48354\/15 Syntym\u00e4aika:\u00a030.8.2015 V\u00e4ri: musta harmaa valkoinen Terveystulokset: PN ei kantaja 14.06.2017\u00a0\u00a0 VA0 LTV1 20.6.2017\u00a0 kyyn\u00e4rnivel 0\/0 lonkkanivel A\/A 21.10.2017 Silm\u00e4t Ok pitk\u00e4turkkigeeni: Kantaja N\u00e4yttelyt: K\u00e4y EH Tulokset: Rek 1 Jalostustustarkastettu hyv\u00e4ksytysti<\/p>\n","protected":false},"author":2,"featured_media":0,"parent":0,"menu_order":0,"comment_status":"closed","ping_status":"closed","template":"","meta":[],"_links":{"self":[{"href":"http:\/\/www.ataciara.fi\/index.php?rest_route=\/wp\/v2\/pages\/1282"}],"collection":[{"href":"http:\/\/www.ataciara.fi\/index.php?rest_route=\/wp\/v2\/pages"}],"about":[{"href":"http:\/\/www.ataciara.fi\/index.php?rest_route=\/wp\/v2\/types\/page"}],"author":[{"embeddable":true,"href":"http:\/\/www.ataciara.fi\/index.php?rest_route=\/wp\/v2\/users\/2"}],"replies":[{"embeddable":true,"href":"http:\/\/www.ataciara.fi\/index.php?rest_route=%2Fwp%2Fv2%2Fcomments&post=1282"}],"version-history":[{"count":23,"href":"http:\/\/www.ataciara.fi\/index.php?rest_route=\/wp\/v2\/pages\/1282\/revisions"}],"predecessor-version":[{"id":2691,"href":"http:\/\/www.ataciara.fi\/index.php?rest_route=\/wp\/v2\/pages\/1282\/revisions\/2691"}],"wp:attachment":[{"href":"http:\/\/www.ataciara.fi\/index.php?rest_route=%2Fwp%2Fv2%2Fmedia&parent=1282"}],"curies":[{"name":"wp","href":"https:\/\/api.w.org\/{rel}","templated":true}]}}