{"id":1153,"date":"2014-09-14T13:59:12","date_gmt":"2014-09-14T10:59:12","guid":{"rendered":"http:\/\/www.ataciara.fi\/?page_id=1153"},"modified":"2025-06-29T21:28:28","modified_gmt":"2025-06-29T18:28:28","slug":"astrid-lindgren-pentue","status":"publish","type":"page","link":"http:\/\/www.ataciara.fi\/?page_id=1153","title":{"rendered":"Am. Astrid Lindgren pentue"},"content":{"rendered":"<div id=\"attachment_1144\" style=\"width: 310px\" class=\"wp-caption alignleft\"><a href=\"http:\/\/www.ataciara.fi\/ataciara-veljeni-leijonamieli-korppu\/korppu\/\" rel=\"attachment wp-att-1144\"><img aria-describedby=\"caption-attachment-1144\" decoding=\"async\" loading=\"lazy\" class=\"wp-image-1144 size-medium\" src=\"http:\/\/www.ataciara.fi\/wp-content\/uploads\/2014\/09\/Korppu-300x210.jpg\" alt=\"Korppu 7 viikkoa\" width=\"300\" height=\"210\" srcset=\"http:\/\/www.ataciara.fi\/wp-content\/uploads\/2014\/09\/Korppu-300x210.jpg 300w, http:\/\/www.ataciara.fi\/wp-content\/uploads\/2014\/09\/Korppu.jpg 1024w\" sizes=\"(max-width: 300px) 100vw, 300px\" \/><\/a><p id=\"caption-attachment-1144\" class=\"wp-caption-text\">Korppu 7 viikkoa<\/p><\/div>\n<p><a title=\"Ataciara Veljeni Leijonamieli (Korppu)\" href=\"http:\/\/www.ataciara.fi\/ataciara-veljeni-leijonamieli-korppu\/\">Ataciara Veljeni Leijonamieli (Korppu)<\/a><\/p>\n<p>Kuollut 7.2.1915 tapaturmaisesti<\/p>\n<div id=\"attachment_1365\" style=\"width: 325px\" class=\"wp-caption alignleft\"><a href=\"http:\/\/www.ataciara.fi\/ataciara-ronja-ryovarintytar-ronja\/1237098_1038659542850926_6489808052224832185_n\/\" rel=\"attachment wp-att-1262\"><img aria-describedby=\"caption-attachment-1365\" decoding=\"async\" loading=\"lazy\" class=\"wp-image-1365\" src=\"http:\/\/www.ataciara.fi\/wp-content\/uploads\/2014\/09\/1237098_1038659542850926_6489808052224832185_n.jpg\" alt=\"\" width=\"315\" height=\"252\" srcset=\"http:\/\/www.ataciara.fi\/wp-content\/uploads\/2014\/09\/1237098_1038659542850926_6489808052224832185_n.jpg 960w, http:\/\/www.ataciara.fi\/wp-content\/uploads\/2014\/09\/1237098_1038659542850926_6489808052224832185_n-300x240.jpg 300w\" sizes=\"(max-width: 315px) 100vw, 315px\" \/><\/a><p id=\"caption-attachment-1365\" class=\"wp-caption-text\">Ronja<\/p><\/div>\n<p><a title=\"Ataciara Ronja Ry\u00f6v\u00e4rintyt\u00e4r (Ronja)\" href=\"http:\/\/www.ataciara.fi\/ataciara-ronja-ryovarintytar-ronja\/\">Ataciara Ronja Ry\u00f6v\u00e4rintyt\u00e4r (Ronja)<\/a><\/p>\n<ul>\n<li>Silm\u00e4t ok\n<ul style=\"color: #333333;\">\n<li>25.7.2016 Kyyn\u00e4rnivel 0\/0<\/li>\n<li>25.7.2016 Lonkkanivel A\/A<\/li>\n<li>25.7.2016 \u00a0 SP0 (puhdas)<\/li>\n<li>25.7.2016 \u00a0LTV0(normaali)<\/li>\n<li>turkki: Pitk\u00e4karvageeni kantaja<\/li>\n<li>PN ei kantaja<\/li>\n<li><strong>\u00a0<\/strong>Rek 1\n<ul>\n<li style=\"list-style-type: none;\">\n<ul>\n<li style=\"list-style-type: none;\">\n<ul>\n<li style=\"list-style-type: none;\">\n<ul>\n<li style=\"list-style-type: none;\">\n<ul style=\"color: #333333;\">\n<li>sert<\/li>\n<\/ul>\n<\/li>\n<\/ul>\n<\/li>\n<\/ul>\n<\/li>\n<\/ul>\n<\/li>\n<\/ul>\n<\/li>\n<\/ul>\n<\/li>\n<\/ul>\n<div id=\"attachment_1562\" style=\"width: 310px\" class=\"wp-caption alignleft\"><a href=\"http:\/\/www.ataciara.fi\/astrid-lindgren-pentue\/eemeli-kesa172\/\" rel=\"attachment wp-att-1562\"><img aria-describedby=\"caption-attachment-1562\" decoding=\"async\" loading=\"lazy\" class=\"wp-image-1562 size-medium\" src=\"http:\/\/www.ataciara.fi\/wp-content\/uploads\/2014\/09\/eemeli-kes\u00e4172-300x200.jpg\" alt=\"\" width=\"300\" height=\"200\" srcset=\"http:\/\/www.ataciara.fi\/wp-content\/uploads\/2014\/09\/eemeli-kes\u00e4172-300x200.jpg 300w, http:\/\/www.ataciara.fi\/wp-content\/uploads\/2014\/09\/eemeli-kes\u00e4172.jpg 720w\" sizes=\"(max-width: 300px) 100vw, 300px\" \/><\/a><p id=\"caption-attachment-1562\" class=\"wp-caption-text\">Eemeli melkein 3v<\/p><\/div>\n<p>Ataciara Vaahteram\u00e4en Eemeli<\/p>\n<ul>\n<li>Silm\u00e4t ok<\/li>\n<li>Lonkkanivel\u00a0A\/A<\/li>\n<li>kyyn\u00e4r\u00e4t 0\/0<\/li>\n<li>Rek 1, Kvk 1<\/li>\n<li>Laskeutumaton kives, kastroitu<\/li>\n<\/ul>\n<ul>\n<li><\/li>\n<\/ul>\n<div id=\"attachment_1261\" style=\"width: 310px\" class=\"wp-caption alignleft\"><a href=\"http:\/\/www.ataciara.fi\/astrid-lindgren-pentue\/puhti-2\/\" rel=\"attachment wp-att-1261\"><img aria-describedby=\"caption-attachment-1261\" decoding=\"async\" loading=\"lazy\" class=\"size-medium wp-image-1261\" src=\"http:\/\/www.ataciara.fi\/wp-content\/uploads\/2014\/09\/puhti-300x247.jpg\" alt=\"Puhti 13kk, Kuva Tero Parkkari\" width=\"300\" height=\"247\" srcset=\"http:\/\/www.ataciara.fi\/wp-content\/uploads\/2014\/09\/puhti-300x247.jpg 300w, http:\/\/www.ataciara.fi\/wp-content\/uploads\/2014\/09\/puhti-1024x844.jpg 1024w, http:\/\/www.ataciara.fi\/wp-content\/uploads\/2014\/09\/puhti.jpg 1305w\" sizes=\"(max-width: 300px) 100vw, 300px\" \/><\/a><p id=\"caption-attachment-1261\" class=\"wp-caption-text\">Puhti 13kk, Kuva Tero Parkkari<\/p><\/div>\n<p>Ataciara Mio Poikani Mio (Puhti)<\/p>\n<ul>\n<li>Silm\u00e4t ok<\/li>\n<li>Lonkat C\/B<\/li>\n<li>Kyyn\u00e4r\u00e4t 0\/0<\/li>\n<li>laskeutumaton kives, kastroitu<\/li>\n<\/ul>\n<div id=\"attachment_1454\" style=\"width: 310px\" class=\"wp-caption alignleft\"><a href=\"http:\/\/www.ataciara.fi\/astrid-lindgren-pentue\/topi-seisoo\/\" rel=\"attachment wp-att-1454\"><img aria-describedby=\"caption-attachment-1454\" decoding=\"async\" loading=\"lazy\" class=\"size-medium wp-image-1454\" src=\"http:\/\/www.ataciara.fi\/wp-content\/uploads\/2014\/09\/topi-seisoo-300x259.jpg\" alt=\"Topi 2v5kk\" width=\"300\" height=\"259\" srcset=\"http:\/\/www.ataciara.fi\/wp-content\/uploads\/2014\/09\/topi-seisoo-300x259.jpg 300w, http:\/\/www.ataciara.fi\/wp-content\/uploads\/2014\/09\/topi-seisoo-768x664.jpg 768w, http:\/\/www.ataciara.fi\/wp-content\/uploads\/2014\/09\/topi-seisoo-1024x885.jpg 1024w\" sizes=\"(max-width: 300px) 100vw, 300px\" \/><\/a><p id=\"caption-attachment-1454\" class=\"wp-caption-text\">Topi 2v5kk<\/p><\/div>\n<p>Ataciara Nisse Naskali (Topi)<\/p>\n<ul>\n<li>Silm\u00e4t ok<\/li>\n<li>Lonkat A\/A<\/li>\n<li>Kyyn\u00e4r\u00e4t 0\/0<\/li>\n<\/ul>\n<div id=\"attachment_1389\" style=\"width: 330px\" class=\"wp-caption alignleft\"><a href=\"http:\/\/www.ataciara.fi\/astrid-lindgren-pentue\/12916345_1311977622151422_8535555109936105399_o\/\" rel=\"attachment wp-att-1260\"><img aria-describedby=\"caption-attachment-1389\" decoding=\"async\" loading=\"lazy\" class=\"wp-image-1389\" src=\"http:\/\/www.ataciara.fi\/wp-content\/uploads\/2014\/09\/12916345_1311977622151422_8535555109936105399_o.jpg\" alt=\"\" width=\"320\" height=\"214\" srcset=\"http:\/\/www.ataciara.fi\/wp-content\/uploads\/2014\/09\/12916345_1311977622151422_8535555109936105399_o.jpg 2048w, http:\/\/www.ataciara.fi\/wp-content\/uploads\/2014\/09\/12916345_1311977622151422_8535555109936105399_o-300x200.jpg 300w, http:\/\/www.ataciara.fi\/wp-content\/uploads\/2014\/09\/12916345_1311977622151422_8535555109936105399_o-768x513.jpg 768w, http:\/\/www.ataciara.fi\/wp-content\/uploads\/2014\/09\/12916345_1311977622151422_8535555109936105399_o-1024x684.jpg 1024w\" sizes=\"(max-width: 320px) 100vw, 320px\" \/><\/a><p id=\"caption-attachment-1389\" class=\"wp-caption-text\">Pyry<\/p><\/div>\n<p>Fi Mva Ataciara Katto-Kassinen (Pyry)<\/p>\n<p>Kuollut 9.9.2024 (L\u00f6ytynyt kuolleena ilman sairauden diagnosointia)<\/p>\n<ul>\n<li>Silm\u00e4t ok<\/li>\n<li>Lonkat A\/A<\/li>\n<li>Kyyn\u00e4r\u00e4t 0\/0<\/li>\n<li>selk\u00e4 LTV0\n<ul>\n<li style=\"list-style-type: none;\">\n<ul>\n<li style=\"list-style-type: none;\">\n<ul>\n<li style=\"list-style-type: none;\">\n<ul>\n<li style=\"list-style-type: none;\">\n<ul>\n<li style=\"list-style-type: none;\">\n<ul>\n<li>Mva<\/li>\n<li>Rek 1<\/li>\n<\/ul>\n<\/li>\n<\/ul>\n<\/li>\n<\/ul>\n<\/li>\n<\/ul>\n<\/li>\n<\/ul>\n<\/li>\n<\/ul>\n<\/li>\n<\/ul>\n","protected":false},"excerpt":{"rendered":"<p>Ataciara Veljeni Leijonamieli (Korppu) Kuollut 7.2.1915 tapaturmaisesti Ataciara Ronja Ry\u00f6v\u00e4rintyt\u00e4r (Ronja) Silm\u00e4t ok 25.7.2016 Kyyn\u00e4rnivel 0\/0 25.7.2016 Lonkkanivel A\/A 25.7.2016 \u00a0 SP0 (puhdas) 25.7.2016 \u00a0LTV0(normaali) turkki: Pitk\u00e4karvageeni kantaja PN ei kantaja \u00a0Rek 1 sert Ataciara Vaahteram\u00e4en Eemeli Silm\u00e4t ok Lonkkanivel\u00a0A\/A &hellip; <a href=\"http:\/\/www.ataciara.fi\/?page_id=1153\">Continue reading <span class=\"meta-nav\">&rarr;<\/span><\/a><\/p>\n","protected":false},"author":2,"featured_media":0,"parent":0,"menu_order":0,"comment_status":"closed","ping_status":"open","template":"","meta":[],"_links":{"self":[{"href":"http:\/\/www.ataciara.fi\/index.php?rest_route=\/wp\/v2\/pages\/1153"}],"collection":[{"href":"http:\/\/www.ataciara.fi\/index.php?rest_route=\/wp\/v2\/pages"}],"about":[{"href":"http:\/\/www.ataciara.fi\/index.php?rest_route=\/wp\/v2\/types\/page"}],"author":[{"embeddable":true,"href":"http:\/\/www.ataciara.fi\/index.php?rest_route=\/wp\/v2\/users\/2"}],"replies":[{"embeddable":true,"href":"http:\/\/www.ataciara.fi\/index.php?rest_route=%2Fwp%2Fv2%2Fcomments&post=1153"}],"version-history":[{"count":29,"href":"http:\/\/www.ataciara.fi\/index.php?rest_route=\/wp\/v2\/pages\/1153\/revisions"}],"predecessor-version":[{"id":2749,"href":"http:\/\/www.ataciara.fi\/index.php?rest_route=\/wp\/v2\/pages\/1153\/revisions\/2749"}],"wp:attachment":[{"href":"http:\/\/www.ataciara.fi\/index.php?rest_route=%2Fwp%2Fv2%2Fmedia&parent=1153"}],"curies":[{"name":"wp","href":"https:\/\/api.w.org\/{rel}","templated":true}]}}