{"id":1137,"date":"2014-09-06T19:26:40","date_gmt":"2014-09-06T16:26:40","guid":{"rendered":"http:\/\/www.ataciara.fi\/?page_id=1137"},"modified":"2020-02-22T15:47:22","modified_gmt":"2020-02-22T13:47:22","slug":"ataciara-ronja-ryovarintytar-ronja","status":"publish","type":"page","link":"http:\/\/www.ataciara.fi\/?page_id=1137","title":{"rendered":"Ataciara Ronja Ry\u00f6v\u00e4rintyt\u00e4r (Ronja)"},"content":{"rendered":"<div id=\"attachment_1428\" style=\"width: 822px\" class=\"wp-caption aligncenter\"><a href=\"http:\/\/www.ataciara.fi\/ataciara-ronja-ryovarintytar-ronja\/rr\/\" rel=\"attachment wp-att-1428\"><img aria-describedby=\"caption-attachment-1428\" decoding=\"async\" loading=\"lazy\" class=\"wp-image-1428 size-full\" src=\"http:\/\/www.ataciara.fi\/wp-content\/uploads\/2014\/09\/rr.jpg\" alt=\"rr\" width=\"812\" height=\"640\" srcset=\"http:\/\/www.ataciara.fi\/wp-content\/uploads\/2014\/09\/rr.jpg 812w, http:\/\/www.ataciara.fi\/wp-content\/uploads\/2014\/09\/rr-300x236.jpg 300w, http:\/\/www.ataciara.fi\/wp-content\/uploads\/2014\/09\/rr-768x605.jpg 768w\" sizes=\"(max-width: 812px) 100vw, 812px\" \/><\/a><p id=\"caption-attachment-1428\" class=\"wp-caption-text\">Ronja 2v 5kk<\/p><\/div>\n<p>Ronja <a href=\"http:\/\/jalostus.kennelliitto.fi\/frmKoira.aspx?RekNo=FI42495\/14&amp;R=243\" target=\"_blank\" rel=\"noopener\">Koiranetiss\u00e4<\/a><\/p>\n<ul style=\"color: #333333;\">\n<li><strong>Rekisterinumero<\/strong>:\u00a0FI42495\/14<\/li>\n<li><strong>Syntym\u00e4aika<\/strong>: 21.07.2014<\/li>\n<li><strong>V\u00e4ri<\/strong>: harmaa valkoinen<\/li>\n<li><strong>Terveystulokset:<\/strong><\/li>\n<li>21.10.2017 silm\u00e4t ok<\/li>\n<li>25.7.2016 Kyyn\u00e4rnivel 0\/0<\/li>\n<li>25.7.2016 Lonkkanivel A\/A<\/li>\n<li>25.7.2016 sel\u00e4n spndyloosi \u00a0SP0 (puhdas)<\/li>\n<li>25.7.2016 v\u00e4limuotoinen lanne-ristinikama LTV0(normaali)<\/li>\n<li>PN: ei kantaja<\/li>\n<li>turkki: Pitk\u00e4karvageeni kantaja<\/li>\n<li><strong>N\u00e4yttelyt: <\/strong>serti<\/li>\n<li><strong>Tulokset:\u00a0<\/strong>Rek 1<\/li>\n<\/ul>\n<p><a href=\"http:\/\/www.ataciara.fi\/ataciara-ronja-ryovarintytar-ronja\/r1\/\" rel=\"attachment wp-att-1599\"><img decoding=\"async\" loading=\"lazy\" class=\"alignleft size-medium wp-image-1599\" src=\"http:\/\/www.ataciara.fi\/wp-content\/uploads\/2014\/09\/r1-229x300.jpg\" alt=\"\" width=\"229\" height=\"300\" srcset=\"http:\/\/www.ataciara.fi\/wp-content\/uploads\/2014\/09\/r1-229x300.jpg 229w, http:\/\/www.ataciara.fi\/wp-content\/uploads\/2014\/09\/r1-768x1006.jpg 768w, http:\/\/www.ataciara.fi\/wp-content\/uploads\/2014\/09\/r1-782x1024.jpg 782w, http:\/\/www.ataciara.fi\/wp-content\/uploads\/2014\/09\/r1.jpg 1286w\" sizes=\"(max-width: 229px) 100vw, 229px\" \/><\/a><\/p>\n<p>Ensimm\u00e4isest\u00e4 pentueesta kotiin j\u00e4\u00e4nyt Ronja on laumamme ikuinen vauva, pieni plussapallo, joka ainaisella positiivisuudellaan ilahduttaa kaikkia. Ronja on kaikista malamuuteistamme ehdottomasti koirasosiaalisin, ja tuleekin yleens\u00e4 toimeen my\u00f6s vieraiden koirien kanssa. Valjakossa Ronja on aina ty\u00f6skennellyt hyv\u00e4ll\u00e4 motivaatiolla ja my\u00f6s johdossa Ronja ty\u00f6skentelee hyv\u00e4ll\u00e4 itsevarmuudella.<\/p>\n<p>Ronja on x-men pentueen em\u00e4.<\/p>\n<p><a href=\"http:\/\/www.ataciara.fi\/ataciara-ronja-ryovarintytar-ronja\/1237098_1038659542850926_6489808052224832185_n\/\" rel=\"attachment wp-att-1365\"><img decoding=\"async\" loading=\"lazy\" class=\"wp-image-1365 size-medium aligncenter\" src=\"http:\/\/www.ataciara.fi\/wp-content\/uploads\/2014\/09\/1237098_1038659542850926_6489808052224832185_n-300x240.jpg\" alt=\"1237098_1038659542850926_6489808052224832185_n\" width=\"300\" height=\"240\" srcset=\"http:\/\/www.ataciara.fi\/wp-content\/uploads\/2014\/09\/1237098_1038659542850926_6489808052224832185_n-300x240.jpg 300w, http:\/\/www.ataciara.fi\/wp-content\/uploads\/2014\/09\/1237098_1038659542850926_6489808052224832185_n.jpg 960w\" sizes=\"(max-width: 300px) 100vw, 300px\" \/><\/a><\/p>\n<div id=\"attachment_1232\" style=\"width: 310px\" class=\"wp-caption aligncenter\"><a href=\"http:\/\/www.ataciara.fi\/astrid-lindgren-pentue\/11152715_10202733615060902_5544520751590254942_n\/\" rel=\"attachment wp-att-1232\"><img aria-describedby=\"caption-attachment-1232\" decoding=\"async\" loading=\"lazy\" class=\"wp-image-1232 size-medium\" src=\"http:\/\/www.ataciara.fi\/wp-content\/uploads\/2014\/09\/11152715_10202733615060902_5544520751590254942_n-300x200.jpg\" alt=\"Ronja 9kk\" width=\"300\" height=\"200\" srcset=\"http:\/\/www.ataciara.fi\/wp-content\/uploads\/2014\/09\/11152715_10202733615060902_5544520751590254942_n-300x200.jpg 300w, http:\/\/www.ataciara.fi\/wp-content\/uploads\/2014\/09\/11152715_10202733615060902_5544520751590254942_n.jpg 960w\" sizes=\"(max-width: 300px) 100vw, 300px\" \/><\/a><p id=\"caption-attachment-1232\" class=\"wp-caption-text\">Ronja 9kk<\/p><\/div>\n<p>&nbsp;<\/p>\n<div id=\"attachment_1243\" style=\"width: 310px\" class=\"wp-caption alignleft\"><a href=\"http:\/\/www.ataciara.fi\/ataciara-ronja-ryovarintytar-ronja\/ronja-2\/\" rel=\"attachment wp-att-1243\"><img aria-describedby=\"caption-attachment-1243\" decoding=\"async\" loading=\"lazy\" class=\"size-medium wp-image-1243\" src=\"http:\/\/www.ataciara.fi\/wp-content\/uploads\/2014\/09\/ronja-300x231.jpg\" alt=\"Ronja 7kk\" width=\"300\" height=\"231\" srcset=\"http:\/\/www.ataciara.fi\/wp-content\/uploads\/2014\/09\/ronja-300x231.jpg 300w, http:\/\/www.ataciara.fi\/wp-content\/uploads\/2014\/09\/ronja.jpg 960w\" sizes=\"(max-width: 300px) 100vw, 300px\" \/><\/a><p id=\"caption-attachment-1243\" class=\"wp-caption-text\">Ronja 7kk<\/p><\/div>\n<div id=\"attachment_1180\" style=\"width: 210px\" class=\"wp-caption alignleft\"><a href=\"http:\/\/www.ataciara.fi\/ataciara-ronja-ryovarintytar-ronja\/10644497_10201854251757369_8969872494420080481_n\/\" rel=\"attachment wp-att-1180\"><img aria-describedby=\"caption-attachment-1180\" decoding=\"async\" loading=\"lazy\" class=\"size-medium wp-image-1180\" src=\"http:\/\/www.ataciara.fi\/wp-content\/uploads\/2014\/09\/10644497_10201854251757369_8969872494420080481_n-200x300.jpg\" alt=\"Ronja 3kk\" width=\"200\" height=\"300\" srcset=\"http:\/\/www.ataciara.fi\/wp-content\/uploads\/2014\/09\/10644497_10201854251757369_8969872494420080481_n-200x300.jpg 200w, http:\/\/www.ataciara.fi\/wp-content\/uploads\/2014\/09\/10644497_10201854251757369_8969872494420080481_n.jpg 640w\" sizes=\"(max-width: 200px) 100vw, 200px\" \/><\/a><p id=\"caption-attachment-1180\" class=\"wp-caption-text\">Ronja 3kk<\/p><\/div>\n<div id=\"attachment_1138\" style=\"width: 310px\" class=\"wp-caption alignleft\"><a href=\"http:\/\/www.ataciara.fi\/ataciara-ronja-ryovarintytar-ronja\/ronja\/\" rel=\"attachment wp-att-1138\"><img aria-describedby=\"caption-attachment-1138\" decoding=\"async\" loading=\"lazy\" class=\"size-medium wp-image-1138\" src=\"http:\/\/www.ataciara.fi\/wp-content\/uploads\/2014\/09\/RONJA-300x205.jpg\" alt=\"Ronja 7 viikkoa\" width=\"300\" height=\"205\" srcset=\"http:\/\/www.ataciara.fi\/wp-content\/uploads\/2014\/09\/RONJA-300x205.jpg 300w, http:\/\/www.ataciara.fi\/wp-content\/uploads\/2014\/09\/RONJA.jpg 1024w\" sizes=\"(max-width: 300px) 100vw, 300px\" \/><\/a><p id=\"caption-attachment-1138\" class=\"wp-caption-text\">Ronja 7 viikkoa<\/p><\/div>\n","protected":false},"excerpt":{"rendered":"<p>Ronja Koiranetiss\u00e4 Rekisterinumero:\u00a0FI42495\/14 Syntym\u00e4aika: 21.07.2014 V\u00e4ri: harmaa valkoinen Terveystulokset: 21.10.2017 silm\u00e4t ok 25.7.2016 Kyyn\u00e4rnivel 0\/0 25.7.2016 Lonkkanivel A\/A 25.7.2016 sel\u00e4n spndyloosi \u00a0SP0 (puhdas) 25.7.2016 v\u00e4limuotoinen lanne-ristinikama LTV0(normaali) PN: ei kantaja turkki: Pitk\u00e4karvageeni kantaja N\u00e4yttelyt: serti Tulokset:\u00a0Rek 1 Ensimm\u00e4isest\u00e4 pentueesta kotiin &hellip; <a href=\"http:\/\/www.ataciara.fi\/?page_id=1137\">Continue reading <span class=\"meta-nav\">&rarr;<\/span><\/a><\/p>\n","protected":false},"author":2,"featured_media":0,"parent":0,"menu_order":0,"comment_status":"closed","ping_status":"open","template":"","meta":[],"_links":{"self":[{"href":"http:\/\/www.ataciara.fi\/index.php?rest_route=\/wp\/v2\/pages\/1137"}],"collection":[{"href":"http:\/\/www.ataciara.fi\/index.php?rest_route=\/wp\/v2\/pages"}],"about":[{"href":"http:\/\/www.ataciara.fi\/index.php?rest_route=\/wp\/v2\/types\/page"}],"author":[{"embeddable":true,"href":"http:\/\/www.ataciara.fi\/index.php?rest_route=\/wp\/v2\/users\/2"}],"replies":[{"embeddable":true,"href":"http:\/\/www.ataciara.fi\/index.php?rest_route=%2Fwp%2Fv2%2Fcomments&post=1137"}],"version-history":[{"count":23,"href":"http:\/\/www.ataciara.fi\/index.php?rest_route=\/wp\/v2\/pages\/1137\/revisions"}],"predecessor-version":[{"id":2012,"href":"http:\/\/www.ataciara.fi\/index.php?rest_route=\/wp\/v2\/pages\/1137\/revisions\/2012"}],"wp:attachment":[{"href":"http:\/\/www.ataciara.fi\/index.php?rest_route=%2Fwp%2Fv2%2Fmedia&parent=1137"}],"curies":[{"name":"wp","href":"https:\/\/api.w.org\/{rel}","templated":true}]}}