{"id":1086,"date":"2014-04-18T14:47:38","date_gmt":"2014-04-18T11:47:38","guid":{"rendered":"http:\/\/www.ataciara.fi\/?page_id=1086"},"modified":"2024-10-13T17:42:14","modified_gmt":"2024-10-13T14:42:14","slug":"black-masters-lady-in-black-nyyti","status":"publish","type":"page","link":"http:\/\/www.ataciara.fi\/?page_id=1086","title":{"rendered":"Fi vet-Mva Black Master\u00b4s Lady in Black (Nyyti)"},"content":{"rendered":"<p><a href=\"http:\/\/www.ataciara.fi\/black-masters-lady-in-black-nyyti\/nyyyy\/\" rel=\"attachment wp-att-1640\"><img decoding=\"async\" loading=\"lazy\" class=\"alignleft size-large wp-image-1640\" src=\"http:\/\/www.ataciara.fi\/wp-content\/uploads\/2014\/04\/nyyyy-1024x683.jpg\" alt=\"\" width=\"640\" height=\"427\" srcset=\"http:\/\/www.ataciara.fi\/wp-content\/uploads\/2014\/04\/nyyyy-1024x683.jpg 1024w, http:\/\/www.ataciara.fi\/wp-content\/uploads\/2014\/04\/nyyyy-300x200.jpg 300w, http:\/\/www.ataciara.fi\/wp-content\/uploads\/2014\/04\/nyyyy-768x512.jpg 768w\" sizes=\"(max-width: 640px) 100vw, 640px\" \/><\/a><\/p>\n<p style=\"text-align: left;\">Nyyti <a href=\"http:\/\/jalostus.kennelliitto.fi\/frmKoira.aspx?RekNo=FI21688%2F14&amp;R=15.1\" target=\"_blank\" rel=\"noopener\">koiranetiss\u00e4<\/a><a href=\"http:\/\/www.ataciara.fi\/black-masters-lady-in-black-nyyti\/uuuu\/\" rel=\"attachment wp-att-1639\"><img decoding=\"async\" loading=\"lazy\" class=\"alignleft size-medium wp-image-1639\" src=\"http:\/\/www.ataciara.fi\/wp-content\/uploads\/2014\/04\/uuuu-200x300.jpg\" alt=\"\" width=\"200\" height=\"300\" srcset=\"http:\/\/www.ataciara.fi\/wp-content\/uploads\/2014\/04\/uuuu-200x300.jpg 200w, http:\/\/www.ataciara.fi\/wp-content\/uploads\/2014\/04\/uuuu-768x1152.jpg 768w, http:\/\/www.ataciara.fi\/wp-content\/uploads\/2014\/04\/uuuu-683x1024.jpg 683w, http:\/\/www.ataciara.fi\/wp-content\/uploads\/2014\/04\/uuuu.jpg 2000w\" sizes=\"(max-width: 200px) 100vw, 200px\" \/><\/a><\/p>\n<ul>\n<li><strong style=\"font-size: 16px;\">Rekisterinumero<\/strong><span style=\"font-size: 16px;\">: <\/span>FI21688\/14<\/li>\n<li><strong>Syntym\u00e4aika<\/strong>: 27.2.2014<\/li>\n<li><strong>V\u00e4ri<\/strong>: Musta<\/li>\n<li><strong>Terveystulokset:<\/strong><\/li>\n<li>12.11.2015 Silm\u00e4t ok<\/li>\n<li>lonkat C\/B<\/li>\n<li>Kyyn\u00e4r\u00e4t 0\/0<\/li>\n<li>selk\u00e4\u00a0VA0 (normaali)<br \/>\nSP0 (puhdas)<br \/>\nLTV0 (normaali)<\/li>\n<li><strong>N\u00e4yttelyt<\/strong>: serti, vet-Mva<\/li>\n<li><strong>Tulokset<\/strong>: Toko Alo2<\/li>\n<\/ul>\n<p>Belgianpaimenkoira Nyyti on \u00a0Lulun harrastuskoira ja asuukin Hyvink\u00e4\u00e4ll\u00e4 oman laumansa kanssa.<\/p>\n<p>Nyyti on kiltti, mutta hieman pid\u00e4ttyv\u00e4inen energiapommi. Vieraat ovat Nyytin mielest\u00e4 hieman ep\u00e4ilytt\u00e4vi\u00e4 aluksi, mutta tutustumisen j\u00e4lkeen Nyytist\u00e4 kuoriutuu oikea sylikaveri. Belgin tapaan, sen maailmassa on kuitenkin vain yksi todella t\u00e4rke\u00e4 ihminen. Tokossa Nyyti edistyy oikein mallikkaasti, ja agilityn alkeetkin luonnistuvat jo.<\/p>\n<p>Lis\u00e4\u00e4 rodusta <a href=\"http:\/\/www.finbelge.fi\/\" target=\"_blank\" rel=\"noopener\">http:\/\/www.finbelge.fi\/<\/a><a href=\"http:\/\/www.ataciara.fi\/black-masters-lady-in-black-nyyti\/10615351_799619816754901_6804259415149478812_n\/\" rel=\"attachment wp-att-1210\"><img decoding=\"async\" loading=\"lazy\" class=\"aligncenter wp-image-1210 size-full\" src=\"http:\/\/www.ataciara.fi\/wp-content\/uploads\/2014\/04\/10615351_799619816754901_6804259415149478812_n.jpg\" alt=\"10615351_799619816754901_6804259415149478812_n\" width=\"960\" height=\"640\" srcset=\"http:\/\/www.ataciara.fi\/wp-content\/uploads\/2014\/04\/10615351_799619816754901_6804259415149478812_n.jpg 960w, http:\/\/www.ataciara.fi\/wp-content\/uploads\/2014\/04\/10615351_799619816754901_6804259415149478812_n-300x200.jpg 300w\" sizes=\"(max-width: 960px) 100vw, 960px\" \/><\/a><\/p>\n","protected":false},"excerpt":{"rendered":"<p>Nyyti koiranetiss\u00e4 Rekisterinumero: FI21688\/14 Syntym\u00e4aika: 27.2.2014 V\u00e4ri: Musta Terveystulokset: 12.11.2015 Silm\u00e4t ok lonkat C\/B Kyyn\u00e4r\u00e4t 0\/0 selk\u00e4\u00a0VA0 (normaali) SP0 (puhdas) LTV0 (normaali) N\u00e4yttelyt: serti, vet-Mva Tulokset: Toko Alo2 Belgianpaimenkoira Nyyti on \u00a0Lulun harrastuskoira ja asuukin Hyvink\u00e4\u00e4ll\u00e4 oman laumansa kanssa. Nyyti &hellip; <a href=\"http:\/\/www.ataciara.fi\/?page_id=1086\">Continue reading <span class=\"meta-nav\">&rarr;<\/span><\/a><\/p>\n","protected":false},"author":2,"featured_media":0,"parent":0,"menu_order":0,"comment_status":"closed","ping_status":"open","template":"","meta":[],"_links":{"self":[{"href":"http:\/\/www.ataciara.fi\/index.php?rest_route=\/wp\/v2\/pages\/1086"}],"collection":[{"href":"http:\/\/www.ataciara.fi\/index.php?rest_route=\/wp\/v2\/pages"}],"about":[{"href":"http:\/\/www.ataciara.fi\/index.php?rest_route=\/wp\/v2\/types\/page"}],"author":[{"embeddable":true,"href":"http:\/\/www.ataciara.fi\/index.php?rest_route=\/wp\/v2\/users\/2"}],"replies":[{"embeddable":true,"href":"http:\/\/www.ataciara.fi\/index.php?rest_route=%2Fwp%2Fv2%2Fcomments&post=1086"}],"version-history":[{"count":14,"href":"http:\/\/www.ataciara.fi\/index.php?rest_route=\/wp\/v2\/pages\/1086\/revisions"}],"predecessor-version":[{"id":2618,"href":"http:\/\/www.ataciara.fi\/index.php?rest_route=\/wp\/v2\/pages\/1086\/revisions\/2618"}],"wp:attachment":[{"href":"http:\/\/www.ataciara.fi\/index.php?rest_route=%2Fwp%2Fv2%2Fmedia&parent=1086"}],"curies":[{"name":"wp","href":"https:\/\/api.w.org\/{rel}","templated":true}]}}