{"id":105,"date":"2011-11-26T10:22:44","date_gmt":"2011-11-26T08:22:44","guid":{"rendered":"http:\/\/www.ataciara.fi\/?page_id=105"},"modified":"2025-06-14T20:18:26","modified_gmt":"2025-06-14T17:18:26","slug":"yhteystiedot","status":"publish","type":"page","link":"http:\/\/www.ataciara.fi\/?page_id=105","title":{"rendered":"Yhteystiedot"},"content":{"rendered":"<address>Reetta ja Eerika Majalainen<\/address>\n<address>K\u00e4rk\u00f6l\u00e4<\/address>\n<address>Puh: 050-5409146 (Reetta)\u00a0<\/address>\n<address>Email: kennelataciara@gmail.com<\/address>\n<address>\u00a0<\/address>\n<address>\u00a0<\/address>\n<address>\u00a0<\/address>\n<div id=\"attachment_202\" style=\"width: 310px\" class=\"wp-caption alignleft\"><a href=\"http:\/\/www.ataciara.fi\/alaskanmalamuutit\/hauenkuonon-cidda-ukko\/ukko-ja-karryt\/\" rel=\"attachment wp-att-202\"><img aria-describedby=\"caption-attachment-202\" decoding=\"async\" loading=\"lazy\" class=\"size-medium wp-image-202 \" title=\"ukko ja k\u00e4rryt\" src=\"http:\/\/www.ataciara.fi\/wp-content\/uploads\/2011\/11\/ukko-ja-k\u00e4rryt-300x200.jpg\" alt=\"\" width=\"300\" height=\"200\" srcset=\"http:\/\/www.ataciara.fi\/wp-content\/uploads\/2011\/11\/ukko-ja-k\u00e4rryt-300x200.jpg 300w, http:\/\/www.ataciara.fi\/wp-content\/uploads\/2011\/11\/ukko-ja-k\u00e4rryt.jpg 720w\" sizes=\"(max-width: 300px) 100vw, 300px\" \/><\/a><p id=\"caption-attachment-202\" class=\"wp-caption-text\">Ukko ja Sampo<\/p><\/div>\n<address>\u00a0<\/address>\n","protected":false},"excerpt":{"rendered":"<p>Reetta ja Eerika Majalainen K\u00e4rk\u00f6l\u00e4 Puh: 050-5409146 (Reetta)\u00a0 Email: kennelataciara@gmail.com \u00a0 \u00a0 \u00a0 \u00a0<\/p>\n","protected":false},"author":3,"featured_media":0,"parent":0,"menu_order":6,"comment_status":"closed","ping_status":"closed","template":"","meta":[],"_links":{"self":[{"href":"http:\/\/www.ataciara.fi\/index.php?rest_route=\/wp\/v2\/pages\/105"}],"collection":[{"href":"http:\/\/www.ataciara.fi\/index.php?rest_route=\/wp\/v2\/pages"}],"about":[{"href":"http:\/\/www.ataciara.fi\/index.php?rest_route=\/wp\/v2\/types\/page"}],"author":[{"embeddable":true,"href":"http:\/\/www.ataciara.fi\/index.php?rest_route=\/wp\/v2\/users\/3"}],"replies":[{"embeddable":true,"href":"http:\/\/www.ataciara.fi\/index.php?rest_route=%2Fwp%2Fv2%2Fcomments&post=105"}],"version-history":[{"count":15,"href":"http:\/\/www.ataciara.fi\/index.php?rest_route=\/wp\/v2\/pages\/105\/revisions"}],"predecessor-version":[{"id":2746,"href":"http:\/\/www.ataciara.fi\/index.php?rest_route=\/wp\/v2\/pages\/105\/revisions\/2746"}],"wp:attachment":[{"href":"http:\/\/www.ataciara.fi\/index.php?rest_route=%2Fwp%2Fv2%2Fmedia&parent=105"}],"curies":[{"name":"wp","href":"https:\/\/api.w.org\/{rel}","templated":true}]}}